{"id":46,"date":"2016-02-02T12:24:43","date_gmt":"2016-02-02T11:24:43","guid":{"rendered":"http:\/\/www.thueringen.freidenker.org\/cms\/?page_id=46"},"modified":"2020-03-03T22:38:40","modified_gmt":"2020-03-03T21:38:40","slug":"kv-erfurt","status":"publish","type":"page","link":"https:\/\/www.thueringen.freidenker.org\/index.php\/kreisverbaende\/kv-erfurt\/","title":{"rendered":"KV Erfurt"},"content":{"rendered":"<div id=\"attachment_142\" style=\"width: 410px\" class=\"wp-caption alignnone\"><img data-recalc-dims=\"1\" loading=\"lazy\" decoding=\"async\" aria-describedby=\"caption-attachment-142\" data-attachment-id=\"142\" data-permalink=\"https:\/\/www.thueringen.freidenker.org\/index.php\/kreisverbaende\/kv-erfurt\/736601_web_r_k_b_by_michael-loeper_pixelio-de\/\" data-orig-file=\"https:\/\/i0.wp.com\/www.thueringen.freidenker.org\/cms\/wp-content\/uploads\/2016\/02\/736601_web_R_K_B_by_Michael-Loeper_pixelio.de_.jpg?fit=400%2C300&amp;ssl=1\" data-orig-size=\"400,300\" data-comments-opened=\"1\" data-image-meta=\"{&quot;aperture&quot;:&quot;8&quot;,&quot;credit&quot;:&quot;&quot;,&quot;camera&quot;:&quot;FinePix SL260&quot;,&quot;caption&quot;:&quot;&quot;,&quot;created_timestamp&quot;:&quot;1412384208&quot;,&quot;copyright&quot;:&quot;&quot;,&quot;focal_length&quot;:&quot;4.3&quot;,&quot;iso&quot;:&quot;64&quot;,&quot;shutter_speed&quot;:&quot;0.022222222222222&quot;,&quot;title&quot;:&quot;&quot;,&quot;orientation&quot;:&quot;1&quot;}\" data-image-title=\"Erfurt, Kr\u00e4merbr\u00fccker \/\/ Michael Loeper  \/ pixelio.de\" data-image-description=\"&lt;p&gt;Erfurt, Kr\u00e4merbr\u00fccker \/\/ Michael Loeper  \/ pixelio.de&lt;\/p&gt;\n\" data-image-caption=\"&lt;p&gt;Erfurt, Kr\u00e4merbr\u00fccker \/\/ Michael Loeper  \/ pixelio.de&lt;\/p&gt;\n\" data-large-file=\"https:\/\/i0.wp.com\/www.thueringen.freidenker.org\/cms\/wp-content\/uploads\/2016\/02\/736601_web_R_K_B_by_Michael-Loeper_pixelio.de_.jpg?fit=400%2C300&amp;ssl=1\" class=\"size-full wp-image-142\" src=\"https:\/\/i0.wp.com\/www.thueringen.freidenker.org\/cms\/wp-content\/uploads\/2016\/02\/736601_web_R_K_B_by_Michael-Loeper_pixelio.de_.jpg?resize=400%2C300\" alt=\"Erfurt, Kr\u00e4merbr\u00fccker \/\/ Michael Loeper \/ pixelio.de\" width=\"400\" height=\"300\" srcset=\"https:\/\/i0.wp.com\/www.thueringen.freidenker.org\/cms\/wp-content\/uploads\/2016\/02\/736601_web_R_K_B_by_Michael-Loeper_pixelio.de_.jpg?w=400&amp;ssl=1 400w, https:\/\/i0.wp.com\/www.thueringen.freidenker.org\/cms\/wp-content\/uploads\/2016\/02\/736601_web_R_K_B_by_Michael-Loeper_pixelio.de_.jpg?resize=300%2C225&amp;ssl=1 300w\" sizes=\"auto, (max-width: 400px) 100vw, 400px\" \/><p id=\"caption-attachment-142\" class=\"wp-caption-text\">Erfurt, Kr\u00e4merbr\u00fccker \/\/ Michael Loeper \/ pixelio.de<\/p><\/div>\n<p><strong>Willkommen auf den Internetseiten des Kreisverbandes Erfurt und Umland.<\/strong><\/p>\n<p>Auf unserer Internetpr\u00e4sentation finden Sie <a href=\"http:\/\/www.thueringen.freidenker.org\/cms\/index.php\/kreisverbaende\/kv-erfurt\/aktuelles\/\">Informationen<\/a>, <a href=\"http:\/\/www.thueringen.freidenker.org\/index.php\/kreisverbaende\/kv-erfurt\/positionen\/\">Positionen<\/a>, <a href=\"http:\/\/www.thueringen.freidenker.org\/index.php\/kreisverbaende\/kv-erfurt\/texte\/\">Texte<\/a> sowie weitere Angebote unseres Kreisverbandes.<\/p>\n<p><strong>Aktuelle Nachrichten<\/strong> zum DFV Erfurt erhalten Sie auf unserer Seite <strong><a href=\"https:\/\/www.thueringen.freidenker.org\/index.php\/category\/dfv-thueringen\/dfv-erfurt\/\">Aktuelles<\/a>.<\/strong><\/p>\n<p>Bitte fragen Sie f\u00fcr die aktuellen Veranstaltungen des DFV Erfurt \u00fcber unsere E-Mail <a href=\"mailto:dfv-erfurt@freidenker.org\">dfv-erfurt@freidenker.org<\/a>\u00a0an.<\/p>\n<p><span style=\"color: #808080;\"><strong>Hinweis zu unseren Veranstaltungen:<\/strong> Die Veranstalter behalten sich vor, von ihrem Hausrecht Gebrauch zu machen und Personen, die rechten Parteien oder Organisationen angeh\u00f6ren, der rechten Szene zuzuordnen sind oder bereits in der Vergangenheit durch rassistische, nationalistische, antisemitische oder sonstige menschenverachtende \u00c4u\u00dferungen in Erscheinung getreten sind, den Zutritt zur Veranstaltung zu verwehren oder von dieser auszuschlie\u00dfen.<\/span><\/p>\n<p><strong>Verantwortlich f\u00fcr die Inhalte der Webseiten des DFV KV Erfurt ist:<\/strong><\/p>\n<p><strong>Helga Borchert<\/strong>, <strong>Kreisvorsitzende<\/strong> (V.i.S.d.P.)<\/p>\n<p>Untere Dorfstr. 123a<br \/>\n99195 Riethnordhausen<br \/>\nTel.: 036204 50559<\/p>\n<p>E-Mail: <a href=\"mailto:dfv-erfurt@freidenker.org\">dfv-erfurt@freidenker.org<\/a><\/p>\n<p>Namentlich gekennzeichnete Beitr\u00e4ge geben die Meinung des jeweiligen Autors wieder.<\/p>\n","protected":false},"excerpt":{"rendered":"<p>Willkommen auf den Internetseiten des Kreisverbandes Erfurt und Umland. Auf unserer Internetpr\u00e4sentation finden Sie Informationen, Positionen, Texte sowie weitere Angebote unseres Kreisverbandes. Aktuelle Nachrichten zum DFV Erfurt erhalten Sie auf unserer Seite Aktuelles. Bitte fragen Sie f\u00fcr die aktuellen Veranstaltungen des DFV Erfurt \u00fcber unsere E-Mail dfv-erfurt@freidenker.org\u00a0an. Hinweis zu unseren Veranstaltungen: Die Veranstalter behalten sich [&hellip;]<\/p>\n","protected":false},"author":1,"featured_media":0,"parent":42,"menu_order":85,"comment_status":"closed","ping_status":"closed","template":"","meta":{"footnotes":""},"class_list":["post-46","page","type-page","status-publish","hentry"],"jetpack_shortlink":"https:\/\/wp.me\/P7cwsB-K","jetpack-related-posts":[{"id":161,"url":"https:\/\/www.thueringen.freidenker.org\/index.php\/kreisverbaende\/kv-erfurt\/eindruecke\/","url_meta":{"origin":46,"position":0},"title":"Eindr\u00fccke","author":"Webmaster","date":"3. Februar 2016","format":false,"excerpt":"Am 7. Juli 2007 nahmen Vertreter unserer Gruppe an der offiziellen Festveranstaltung anl\u00e4sslich des 150. Geburtstages von Clara Zetkin in Wiederau teil. Der Heimatverein des Ortes hatte eine bewegende Veranstaltung organisiert. Besonders hat uns das Wiedersehen mit Stuttgarter Freidenker gefreut (auf Bild 1 der Vorsitzende Peter Wagner). Die kulturelle Umrahmung\u2026","rel":"","context":"\u00c4hnlicher Beitrag","block_context":{"text":"\u00c4hnlicher Beitrag","link":""},"img":{"alt_text":"150. Geburtstag von Clara Zetkin in Wiederau","src":"https:\/\/i0.wp.com\/www.thueringen.freidenker.org\/cms\/wp-content\/uploads\/2016\/02\/peter.jpg?resize=350%2C200","width":350,"height":200},"classes":[]},{"id":159,"url":"https:\/\/www.thueringen.freidenker.org\/index.php\/kreisverbaende\/kv-erfurt\/weltliche-trauerfeier\/","url_meta":{"origin":46,"position":1},"title":"Weltliche Trauerfeier","author":"Webmaster","date":"3. Februar 2016","format":false,"excerpt":"Der Kreisverband Erfurt des Deutschen Freidenker-Verbandes bietet au\u00dferdem Unterst\u00fctzung beim Gestalten weltlicher Trauerfeiern an. Er hat in seinen Reihen Mitglieder, die bereit sind, Trauerreden zu \u00fcbernehmen und die Verstorbenen bei der Urnenbeisetzung oder Erdbestattung zu begleiten. Vorher f\u00fchren sie ein Gespr\u00e4ch mit den Hinterbliebenen \u00fcber den Inhalt der Rede und\u2026","rel":"","context":"\u00c4hnlicher Beitrag","block_context":{"text":"\u00c4hnlicher Beitrag","link":""},"img":{"alt_text":"","src":"","width":0,"height":0},"classes":[]},{"id":154,"url":"https:\/\/www.thueringen.freidenker.org\/index.php\/kreisverbaende\/kv-erfurt\/texte\/","url_meta":{"origin":46,"position":2},"title":"Texte","author":"Webmaster","date":"3. Februar 2016","format":false,"excerpt":"Werden und Ende der weltlichen Schule in Erfurt Von Dr. G\u00fcnter Schwade Bereits Mitte des 17. Jahrhunderts gab es schulreformerische Vorstellungen (Wolfgang Ratke 1571 \u2013 1635), u.a. das Schulwesen konsequent der Aufsicht staatlicher und demokratischer Organe zu unterstellen. In dieser Zeit war der Unterricht aber an Konfessionen gebunden und Religion\u2026","rel":"","context":"\u00c4hnlicher Beitrag","block_context":{"text":"\u00c4hnlicher Beitrag","link":""},"img":{"alt_text":"","src":"","width":0,"height":0},"classes":[]},{"id":157,"url":"https:\/\/www.thueringen.freidenker.org\/index.php\/kreisverbaende\/kv-erfurt\/namensgebung\/","url_meta":{"origin":46,"position":3},"title":"Namensgebung","author":"Webmaster","date":"3. Februar 2016","format":false,"excerpt":"Der Kreisverband Erfurt und Umland bietet f\u00fcr Interessenten Feiern zur Namensgebung an. Diese k\u00f6nnen entweder als individuelle Feiern im h\u00e4uslichen Bereich oder in \u00f6ffentlichen R\u00e4umlichkeiten gestaltet werden. Feiern im gr\u00f6\u00dferen Rahmen (Gruppenfeiern) sind nat\u00fcrlich auch m\u00f6glich. Alle Feiern werden werden mit den Eltern gemeinsam vorbereitet. Ihnen und den Paten werden\u2026","rel":"","context":"\u00c4hnlicher Beitrag","block_context":{"text":"\u00c4hnlicher Beitrag","link":""},"img":{"alt_text":"","src":"","width":0,"height":0},"classes":[]},{"id":50,"url":"https:\/\/www.thueringen.freidenker.org\/index.php\/kreisverbaende\/kv-jena\/","url_meta":{"origin":46,"position":4},"title":"KV Jena","author":"Webmaster","date":"2. Februar 2016","format":false,"excerpt":"Willkommen auf den Internetseiten des im Jahre 1993 gegr\u00fcndeten Kreisverbandes Jena. Auf unserer Internetpr\u00e4sentation finden Sie Aktuelles, Informationen, Positionen, Texte sowie weitere Angebote unseres Kreisverbandes. Verantwortlich f\u00fcr den Inhalt ist: Witold Fischer, Kreisvorsitzender (V.i.S.d.P.) E-Mail: dfv-jena@freidenker.org Namentlich gekennzeichnete Beitr\u00e4ge geben die Meinung des jeweiligen Autors wieder.","rel":"","context":"\u00c4hnlicher Beitrag","block_context":{"text":"\u00c4hnlicher Beitrag","link":""},"img":{"alt_text":"Zentrum Jenas 24-05-2008 (Wikipedia, Henry M\u00fchlpfordt, CC BY-SA 3.0)","src":"https:\/\/i0.wp.com\/www.thueringen.freidenker.org\/cms\/wp-content\/uploads\/2016\/02\/Zentrum_Jenas_2008-05-24.jpg?resize=350%2C200","width":350,"height":200},"classes":[]},{"id":44,"url":"https:\/\/www.thueringen.freidenker.org\/index.php\/kreisverbaende\/kv-eisenach\/","url_meta":{"origin":46,"position":5},"title":"KV Eisenach","author":"Webmaster","date":"2. Februar 2016","format":false,"excerpt":"Willkommen auf den Internetseiten des Kreisverbandes Eisenach. Der DFV-Kreisverband Eisenach\/Wartburgkreis e.V. besitzt eigene Rechtsf\u00e4higkeit. Auf unserer Internetpr\u00e4sentation finden Sie Informationen, Positionen sowie Angebote unseres Kreisverbandes. Verantwortlich f\u00fcr den Inhalt ist (V.i.S.d.P.): Karin May Hinter dem Rain 2B 99817 Eisenach Te.l: 03691 71380 E-Mail: dfv-eisenach@freidenker.org Redaktion der Eisenacher Seiten: Simone Kr\u00fcger\u2026","rel":"","context":"\u00c4hnlicher Beitrag","block_context":{"text":"\u00c4hnlicher Beitrag","link":""},"img":{"alt_text":"Wartburg, Eisenach \/\/ FotoHiero \/ pixelio.de","src":"https:\/\/i0.wp.com\/www.thueringen.freidenker.org\/cms\/wp-content\/uploads\/2016\/02\/710592_web_R_by_FotoHiero_pixelio.de_.jpg?resize=350%2C200","width":350,"height":200},"classes":[]}],"jetpack_sharing_enabled":true,"_links":{"self":[{"href":"https:\/\/www.thueringen.freidenker.org\/index.php\/wp-json\/wp\/v2\/pages\/46","targetHints":{"allow":["GET"]}}],"collection":[{"href":"https:\/\/www.thueringen.freidenker.org\/index.php\/wp-json\/wp\/v2\/pages"}],"about":[{"href":"https:\/\/www.thueringen.freidenker.org\/index.php\/wp-json\/wp\/v2\/types\/page"}],"author":[{"embeddable":true,"href":"https:\/\/www.thueringen.freidenker.org\/index.php\/wp-json\/wp\/v2\/users\/1"}],"replies":[{"embeddable":true,"href":"https:\/\/www.thueringen.freidenker.org\/index.php\/wp-json\/wp\/v2\/comments?post=46"}],"version-history":[{"count":13,"href":"https:\/\/www.thueringen.freidenker.org\/index.php\/wp-json\/wp\/v2\/pages\/46\/revisions"}],"predecessor-version":[{"id":908,"href":"https:\/\/www.thueringen.freidenker.org\/index.php\/wp-json\/wp\/v2\/pages\/46\/revisions\/908"}],"up":[{"embeddable":true,"href":"https:\/\/www.thueringen.freidenker.org\/index.php\/wp-json\/wp\/v2\/pages\/42"}],"wp:attachment":[{"href":"https:\/\/www.thueringen.freidenker.org\/index.php\/wp-json\/wp\/v2\/media?parent=46"}],"curies":[{"name":"wp","href":"https:\/\/api.w.org\/{rel}","templated":true}]}}