{"id":44,"date":"2016-02-02T12:24:27","date_gmt":"2016-02-02T11:24:27","guid":{"rendered":"http:\/\/www.thueringen.freidenker.org\/cms\/?page_id=44"},"modified":"2016-02-15T15:57:46","modified_gmt":"2016-02-15T14:57:46","slug":"kv-eisenach","status":"publish","type":"page","link":"https:\/\/www.thueringen.freidenker.org\/index.php\/kreisverbaende\/kv-eisenach\/","title":{"rendered":"KV Eisenach"},"content":{"rendered":"<div id=\"attachment_127\" style=\"width: 410px\" class=\"wp-caption alignnone\"><img data-recalc-dims=\"1\" loading=\"lazy\" decoding=\"async\" aria-describedby=\"caption-attachment-127\" data-attachment-id=\"127\" data-permalink=\"https:\/\/www.thueringen.freidenker.org\/index.php\/kreisverbaende\/kv-eisenach\/710592_web_r_by_fotohiero_pixelio-de\/\" data-orig-file=\"https:\/\/i0.wp.com\/www.thueringen.freidenker.org\/cms\/wp-content\/uploads\/2016\/02\/710592_web_R_by_FotoHiero_pixelio.de_.jpg?fit=400%2C300&amp;ssl=1\" data-orig-size=\"400,300\" data-comments-opened=\"1\" data-image-meta=\"{&quot;aperture&quot;:&quot;0&quot;,&quot;credit&quot;:&quot;&quot;,&quot;camera&quot;:&quot;&quot;,&quot;caption&quot;:&quot;&quot;,&quot;created_timestamp&quot;:&quot;0&quot;,&quot;copyright&quot;:&quot;&quot;,&quot;focal_length&quot;:&quot;0&quot;,&quot;iso&quot;:&quot;0&quot;,&quot;shutter_speed&quot;:&quot;0&quot;,&quot;title&quot;:&quot;&quot;,&quot;orientation&quot;:&quot;0&quot;}\" data-image-title=\"Wartburg, Eisenach \/\/ FotoHiero  \/ pixelio.de\" data-image-description=\"&lt;p&gt;Wartburg, Eisenach \/\/ FotoHiero  \/ pixelio.de&lt;\/p&gt;\n\" data-image-caption=\"&lt;p&gt;Wartburg, Eisenach \/\/ FotoHiero  \/ pixelio.de&lt;\/p&gt;\n\" data-large-file=\"https:\/\/i0.wp.com\/www.thueringen.freidenker.org\/cms\/wp-content\/uploads\/2016\/02\/710592_web_R_by_FotoHiero_pixelio.de_.jpg?fit=400%2C300&amp;ssl=1\" class=\"size-full wp-image-127\" src=\"https:\/\/i0.wp.com\/www.thueringen.freidenker.org\/cms\/wp-content\/uploads\/2016\/02\/710592_web_R_by_FotoHiero_pixelio.de_.jpg?resize=400%2C300\" alt=\"Wartburg, Eisenach \/\/ FotoHiero \/ pixelio.de\" width=\"400\" height=\"300\" srcset=\"https:\/\/i0.wp.com\/www.thueringen.freidenker.org\/cms\/wp-content\/uploads\/2016\/02\/710592_web_R_by_FotoHiero_pixelio.de_.jpg?w=400&amp;ssl=1 400w, https:\/\/i0.wp.com\/www.thueringen.freidenker.org\/cms\/wp-content\/uploads\/2016\/02\/710592_web_R_by_FotoHiero_pixelio.de_.jpg?resize=300%2C225&amp;ssl=1 300w\" sizes=\"auto, (max-width: 400px) 100vw, 400px\" \/><p id=\"caption-attachment-127\" class=\"wp-caption-text\">Die Wartburg \u00fcber der Stadt Eisenach \/\/ FotoHiero \/ pixelio.de<\/p><\/div>\n<p><strong>Willkommen auf den Internetseiten des Kreisverbandes Eisenach.<\/strong> Der DFV-Kreisverband Eisenach\/Wartburgkreis e.V. besitzt eigene Rechtsf\u00e4higkeit.<\/p>\n<p>Auf unserer Internetpr\u00e4sentation finden Sie <a href=\"http:\/\/www.thueringen.freidenker.org\/index.php\/kreisverbaende\/kv-eisenach\/aktuelles\/\">Informationen<\/a>, Positionen sowie Angebote unseres Kreisverbandes.<\/p>\n<p><strong>Verantwortlich f\u00fcr den Inhalt ist <\/strong>(V.i.S.d.P.)<strong>:<\/strong><\/p>\n<p><strong>Karin May<\/strong><br \/>\nHinter dem Rain 2B<br \/>\n99817 Eisenach<br \/>\nTe.l: 03691 71380<br \/>\nE-Mail: <a href=\"mailto:dfv-eisenach@freidenker.org\">dfv-eisenach@freidenker.org<\/a><\/p>\n<p><strong>Redaktion der Eisenacher Seiten:<br \/>\n<\/strong><\/p>\n<p><strong>Simone Kr\u00fcger<\/strong><br \/>\nE-Mail: <a href=\"mailto:webredaktion-eisenach@freidenker.org\">webredaktion-eisenach@freidenker.org<\/a><\/p>\n<p>Namentlich gekennzeichnete Beitr\u00e4ge geben die Meinung des jeweiligen Autors wieder.<\/p>\n","protected":false},"excerpt":{"rendered":"<p>Willkommen auf den Internetseiten des Kreisverbandes Eisenach. Der DFV-Kreisverband Eisenach\/Wartburgkreis e.V. besitzt eigene Rechtsf\u00e4higkeit. Auf unserer Internetpr\u00e4sentation finden Sie Informationen, Positionen sowie Angebote unseres Kreisverbandes. Verantwortlich f\u00fcr den Inhalt ist (V.i.S.d.P.): Karin May Hinter dem Rain 2B 99817 Eisenach Te.l: 03691 71380 E-Mail: dfv-eisenach@freidenker.org Redaktion der Eisenacher Seiten: Simone Kr\u00fcger E-Mail: webredaktion-eisenach@freidenker.org Namentlich gekennzeichnete Beitr\u00e4ge [&hellip;]<\/p>\n","protected":false},"author":1,"featured_media":0,"parent":42,"menu_order":80,"comment_status":"closed","ping_status":"closed","template":"","meta":{"jetpack_post_was_ever_published":false,"footnotes":""},"class_list":["post-44","page","type-page","status-publish","hentry"],"jetpack_shortlink":"https:\/\/wp.me\/P7cwsB-I","jetpack-related-posts":[{"id":130,"url":"https:\/\/www.thueringen.freidenker.org\/index.php\/kreisverbaende\/kv-eisenach\/aktuelles\/","url_meta":{"origin":44,"position":0},"title":"Aktuelles","author":"Webmaster","date":"3. Februar 2016","format":false,"excerpt":"Aktuelle Nachrichten zum DFV Eisenach erhalten Sie hier \u00fcber diesen Hyperlink. Die Veranstaltungen der Eisenacher Freidenker finden im Regelfall jeden letzten Freitag im Monat (15:30 Uhr) in der Gesch\u00e4ftsstelle der Linken statt: Eisenach \"Abgeordnetenb\u00fcro der Linken\", Georgenstra\u00dfe 25e. Nachfragen bitte an die E-Mail-Adresse dfv-eisenach@freidenker.org richten.","rel":"","context":"\u00c4hnlicher Beitrag","block_context":{"text":"\u00c4hnlicher Beitrag","link":""},"img":{"alt_text":"","src":"","width":0,"height":0},"classes":[]},{"id":133,"url":"https:\/\/www.thueringen.freidenker.org\/index.php\/kreisverbaende\/kv-eisenach\/eisenach-vorstand\/","url_meta":{"origin":44,"position":1},"title":"Vorstand","author":"Webmaster","date":"3. Februar 2016","format":false,"excerpt":"Deutscher Freidenker-Verband, Landesverband Th\u00fcringen e.V., DFV Kreisverband Eisenach \/ Wartburgkreis e.V. Vorsitzende Karin May Hinter dem Rain 2B 99817 Eisenach Tel: 03691 71380 E-Mail: dfv-eisenach@freidenker.org Stellv. Vorsitzende Marion\u00a0Marggraf Wohnhaft\u00a099817\u00a0Eisenach, Tiefensch\u00e4rfe\u00a0Allee\u00a054 Schatzmeisterin Simone Kr\u00fcger Theodor-Neubauer-Stra\u00dfe 144 Tel: 036921 27848 Revisionskommission Manfred B\u00f6ttcher Mariental 14 99817 Eisenach Tel.: 03691 742003","rel":"","context":"\u00c4hnlicher Beitrag","block_context":{"text":"\u00c4hnlicher Beitrag","link":""},"img":{"alt_text":"","src":"","width":0,"height":0},"classes":[]},{"id":42,"url":"https:\/\/www.thueringen.freidenker.org\/index.php\/kreisverbaende\/","url_meta":{"origin":44,"position":2},"title":"Kreisverb\u00e4nde","author":"Webmaster","date":"2. Februar 2016","format":false,"excerpt":"Der Deutsche Freidenker-Verband, Landesverband Th\u00fcringen e.V. ist in 4 Kreisverb\u00e4nde unterteilt und zwar: Kreisverband Eisenach - E-Mail: dfv-eisenach@freidenker.org Kreisverband Erfurt - E-Mail: dfv-erfurt@freidenker.org Kreisverband Greiz - E-Mail: dfv-greiz@freidenker.org Kreisverband Jena - E-Mail: dfv-jena@freidenker.org","rel":"","context":"\u00c4hnlicher Beitrag","block_context":{"text":"\u00c4hnlicher Beitrag","link":""},"img":{"alt_text":"Karten\u00fcbersicht - Lage von Th\u00fcringen","src":"https:\/\/i0.wp.com\/www.thueringen.freidenker.org\/cms\/wp-content\/uploads\/2016\/02\/Locator_map_Thuringia_in_Germany.svg_.png?resize=350%2C200","width":350,"height":200},"classes":[]},{"id":46,"url":"https:\/\/www.thueringen.freidenker.org\/index.php\/kreisverbaende\/kv-erfurt\/","url_meta":{"origin":44,"position":3},"title":"KV Erfurt","author":"Webmaster","date":"2. Februar 2016","format":false,"excerpt":"Willkommen auf den Internetseiten des Kreisverbandes Erfurt und Umland. Auf unserer Internetpr\u00e4sentation finden Sie Informationen, Positionen, Texte sowie weitere Angebote unseres Kreisverbandes. Aktuelle Nachrichten zum DFV Erfurt erhalten Sie auf unserer Seite Aktuelles. Bitte fragen Sie f\u00fcr die aktuellen Veranstaltungen des DFV Erfurt \u00fcber unsere E-Mail dfv-erfurt@freidenker.org\u00a0an. Hinweis zu unseren\u2026","rel":"","context":"\u00c4hnlicher Beitrag","block_context":{"text":"\u00c4hnlicher Beitrag","link":""},"img":{"alt_text":"Erfurt, Kr\u00e4merbr\u00fccker \/\/ Michael Loeper \/ pixelio.de","src":"https:\/\/i0.wp.com\/www.thueringen.freidenker.org\/cms\/wp-content\/uploads\/2016\/02\/736601_web_R_K_B_by_Michael-Loeper_pixelio.de_.jpg?resize=350%2C200","width":350,"height":200},"classes":[]},{"id":12,"url":"https:\/\/www.thueringen.freidenker.org\/","url_meta":{"origin":44,"position":4},"title":"Startseite","author":"Webmaster","date":"2. Februar 2016","format":false,"excerpt":"Willkommen auf der Internetpr\u00e4senz des Deutschen Freidenkerverbandes Th\u00fcringen e.V. Weltanschauungsgemeinschaft, Kulturorganisation und Interessenvertretung konfessionsfreier Menschen Wof\u00fcr sich die Freidenker einsetzen: f\u00fcr eine freie Gesellschaft gleichberechtigter Menschen f\u00fcr die v\u00f6llige Emanzipation des Individuums f\u00fcr Toleranz und die volle Verwirklichung der Gewissens-, Glaubens- und Weltanschauungsfreiheit f\u00fcr eine dogmenfreie, rationale und wissenschaftlich begr\u00fcndete\u2026","rel":"","context":"\u00c4hnlicher Beitrag","block_context":{"text":"\u00c4hnlicher Beitrag","link":""},"img":{"alt_text":"","src":"https:\/\/i0.wp.com\/www.thueringen.freidenker.org\/cms\/wp-content\/uploads\/2026\/03\/buchenwald2026.jpg?resize=350%2C200&ssl=1","width":350,"height":200,"srcset":"https:\/\/i0.wp.com\/www.thueringen.freidenker.org\/cms\/wp-content\/uploads\/2026\/03\/buchenwald2026.jpg?resize=350%2C200&ssl=1 1x, https:\/\/i0.wp.com\/www.thueringen.freidenker.org\/cms\/wp-content\/uploads\/2026\/03\/buchenwald2026.jpg?resize=525%2C300&ssl=1 1.5x"},"classes":[]},{"id":50,"url":"https:\/\/www.thueringen.freidenker.org\/index.php\/kreisverbaende\/kv-jena\/","url_meta":{"origin":44,"position":5},"title":"KV Jena","author":"Webmaster","date":"2. Februar 2016","format":false,"excerpt":"Willkommen auf den Internetseiten des im Jahre 1993 gegr\u00fcndeten Kreisverbandes Jena. Auf unserer Internetpr\u00e4sentation finden Sie Aktuelles, Informationen, Positionen, Texte sowie weitere Angebote unseres Kreisverbandes. Verantwortlich f\u00fcr den Inhalt ist: Witold Fischer, Kreisvorsitzender (V.i.S.d.P.) E-Mail: dfv-jena@freidenker.org Namentlich gekennzeichnete Beitr\u00e4ge geben die Meinung des jeweiligen Autors wieder.","rel":"","context":"\u00c4hnlicher Beitrag","block_context":{"text":"\u00c4hnlicher Beitrag","link":""},"img":{"alt_text":"Zentrum Jenas 24-05-2008 (Wikipedia, Henry M\u00fchlpfordt, CC BY-SA 3.0)","src":"https:\/\/i0.wp.com\/www.thueringen.freidenker.org\/cms\/wp-content\/uploads\/2016\/02\/Zentrum_Jenas_2008-05-24.jpg?resize=350%2C200","width":350,"height":200},"classes":[]}],"jetpack_sharing_enabled":true,"_links":{"self":[{"href":"https:\/\/www.thueringen.freidenker.org\/index.php\/wp-json\/wp\/v2\/pages\/44","targetHints":{"allow":["GET"]}}],"collection":[{"href":"https:\/\/www.thueringen.freidenker.org\/index.php\/wp-json\/wp\/v2\/pages"}],"about":[{"href":"https:\/\/www.thueringen.freidenker.org\/index.php\/wp-json\/wp\/v2\/types\/page"}],"author":[{"embeddable":true,"href":"https:\/\/www.thueringen.freidenker.org\/index.php\/wp-json\/wp\/v2\/users\/1"}],"replies":[{"embeddable":true,"href":"https:\/\/www.thueringen.freidenker.org\/index.php\/wp-json\/wp\/v2\/comments?post=44"}],"version-history":[{"count":12,"href":"https:\/\/www.thueringen.freidenker.org\/index.php\/wp-json\/wp\/v2\/pages\/44\/revisions"}],"predecessor-version":[{"id":387,"href":"https:\/\/www.thueringen.freidenker.org\/index.php\/wp-json\/wp\/v2\/pages\/44\/revisions\/387"}],"up":[{"embeddable":true,"href":"https:\/\/www.thueringen.freidenker.org\/index.php\/wp-json\/wp\/v2\/pages\/42"}],"wp:attachment":[{"href":"https:\/\/www.thueringen.freidenker.org\/index.php\/wp-json\/wp\/v2\/media?parent=44"}],"curies":[{"name":"wp","href":"https:\/\/api.w.org\/{rel}","templated":true}]}}