{"id":42,"date":"2016-02-02T12:23:57","date_gmt":"2016-02-02T11:23:57","guid":{"rendered":"http:\/\/www.thueringen.freidenker.org\/cms\/?page_id=42"},"modified":"2016-02-15T15:43:59","modified_gmt":"2016-02-15T14:43:59","slug":"kreisverbaende","status":"publish","type":"page","link":"https:\/\/www.thueringen.freidenker.org\/index.php\/kreisverbaende\/","title":{"rendered":"Kreisverb\u00e4nde"},"content":{"rendered":"<div id=\"attachment_120\" style=\"width: 365px\" class=\"wp-caption alignnone\"><img data-recalc-dims=\"1\" loading=\"lazy\" decoding=\"async\" aria-describedby=\"caption-attachment-120\" data-attachment-id=\"120\" data-permalink=\"https:\/\/www.thueringen.freidenker.org\/index.php\/kreisverbaende\/locator_map_thuringia_in_germany-svg\/\" data-orig-file=\"https:\/\/i0.wp.com\/www.thueringen.freidenker.org\/cms\/wp-content\/uploads\/2016\/02\/Locator_map_Thuringia_in_Germany.svg_.png?fit=355%2C480&amp;ssl=1\" data-orig-size=\"355,480\" data-comments-opened=\"1\" data-image-meta=\"{&quot;aperture&quot;:&quot;0&quot;,&quot;credit&quot;:&quot;&quot;,&quot;camera&quot;:&quot;&quot;,&quot;caption&quot;:&quot;&quot;,&quot;created_timestamp&quot;:&quot;0&quot;,&quot;copyright&quot;:&quot;&quot;,&quot;focal_length&quot;:&quot;0&quot;,&quot;iso&quot;:&quot;0&quot;,&quot;shutter_speed&quot;:&quot;0&quot;,&quot;title&quot;:&quot;&quot;,&quot;orientation&quot;:&quot;0&quot;}\" data-image-title=\"Karten\u00fcbersicht &amp;#8211; Lage von Th\u00fcringen\" data-image-description=\"&lt;p&gt;Th\u00fcringen mitten in der Budnesrepublik Deutschland, Quelle Wikipedia&lt;\/p&gt;\n\" data-image-caption=\"\" data-large-file=\"https:\/\/i0.wp.com\/www.thueringen.freidenker.org\/cms\/wp-content\/uploads\/2016\/02\/Locator_map_Thuringia_in_Germany.svg_.png?fit=355%2C480&amp;ssl=1\" class=\"wp-image-120 size-full\" src=\"https:\/\/i0.wp.com\/www.thueringen.freidenker.org\/cms\/wp-content\/uploads\/2016\/02\/Locator_map_Thuringia_in_Germany.svg_.png?resize=355%2C480\" alt=\"Karten\u00fcbersicht - Lage von Th\u00fcringen\" width=\"355\" height=\"480\" srcset=\"https:\/\/i0.wp.com\/www.thueringen.freidenker.org\/cms\/wp-content\/uploads\/2016\/02\/Locator_map_Thuringia_in_Germany.svg_.png?w=355&amp;ssl=1 355w, https:\/\/i0.wp.com\/www.thueringen.freidenker.org\/cms\/wp-content\/uploads\/2016\/02\/Locator_map_Thuringia_in_Germany.svg_.png?resize=222%2C300&amp;ssl=1 222w\" sizes=\"auto, (max-width: 355px) 100vw, 355px\" \/><p id=\"caption-attachment-120\" class=\"wp-caption-text\"><strong>Th\u00fcringen<\/strong>, Quelle: <a href=\"https:\/\/de.wikipedia.org\/wiki\/Th%C3%BCringen\" target=\"_blank\">Wikipedia<\/a><\/p><\/div>\n<p>Der Deutsche Freidenker-Verband, Landesverband Th\u00fcringen e.V. ist in 4 Kreisverb\u00e4nde unterteilt und zwar:<\/p>\n<ul>\n<li><a href=\"http:\/\/www.thueringen.freidenker.org\/index.php\/kreisverbaende\/kv-eisenach\/\">Kreisverband Eisenach<\/a> &#8211; E-Mail: <a href=\"mailto:dfv-eisenach@freidenker.org\">dfv-eisenach@freidenker.org <\/a><\/li>\n<li><a href=\"http:\/\/www.thueringen.freidenker.org\/index.php\/kreisverbaende\/kv-erfurt\/\">Kreisverband Erfurt<\/a> &#8211; E-Mail: <a href=\"mailto:dfv-erfurt@freidenker.org\">dfv-erfurt@freidenker.org<\/a><\/li>\n<li><a href=\"http:\/\/www.thueringen.freidenker.org\/index.php\/kreisverbaende\/kv-greiz\/\">Kreisverband Greiz<\/a> &#8211; E-Mail: <a href=\"mailto:dfv-greiz@freidenker.org\">dfv-greiz@freidenker.org<\/a><\/li>\n<li><a href=\"http:\/\/www.thueringen.freidenker.org\/index.php\/kreisverbaende\/kv-jena\/\">Kreisverband Jena<\/a> &#8211; E-Mail: <a href=\"mailto:dfv-jena@freidenker.org\">dfv-jena@freidenker.org<\/a><\/li>\n<\/ul>\n","protected":false},"excerpt":{"rendered":"<p>Der Deutsche Freidenker-Verband, Landesverband Th\u00fcringen e.V. ist in 4 Kreisverb\u00e4nde unterteilt und zwar: Kreisverband Eisenach &#8211; E-Mail: dfv-eisenach@freidenker.org Kreisverband Erfurt &#8211; E-Mail: dfv-erfurt@freidenker.org Kreisverband Greiz &#8211; E-Mail: dfv-greiz@freidenker.org Kreisverband Jena &#8211; E-Mail: dfv-jena@freidenker.org<\/p>\n","protected":false},"author":1,"featured_media":0,"parent":0,"menu_order":75,"comment_status":"closed","ping_status":"closed","template":"","meta":{"jetpack_post_was_ever_published":false,"footnotes":""},"class_list":["post-42","page","type-page","status-publish","hentry"],"jetpack_shortlink":"https:\/\/wp.me\/P7cwsB-G","jetpack-related-posts":[{"id":133,"url":"https:\/\/www.thueringen.freidenker.org\/index.php\/kreisverbaende\/kv-eisenach\/eisenach-vorstand\/","url_meta":{"origin":42,"position":0},"title":"Vorstand","author":"Webmaster","date":"3. Februar 2016","format":false,"excerpt":"Deutscher Freidenker-Verband, Landesverband Th\u00fcringen e.V., DFV Kreisverband Eisenach \/ Wartburgkreis e.V. Vorsitzende Karin May Hinter dem Rain 2B 99817 Eisenach Tel: 03691 71380 E-Mail: dfv-eisenach@freidenker.org Stellv. Vorsitzende Marion\u00a0Marggraf Wohnhaft\u00a099817\u00a0Eisenach, Tiefensch\u00e4rfe\u00a0Allee\u00a054 Schatzmeisterin Simone Kr\u00fcger Theodor-Neubauer-Stra\u00dfe 144 Tel: 036921 27848 Revisionskommission Manfred B\u00f6ttcher Mariental 14 99817 Eisenach Tel.: 03691 742003","rel":"","context":"\u00c4hnlicher Beitrag","block_context":{"text":"\u00c4hnlicher Beitrag","link":""},"img":{"alt_text":"","src":"","width":0,"height":0},"classes":[]},{"id":12,"url":"https:\/\/www.thueringen.freidenker.org\/","url_meta":{"origin":42,"position":1},"title":"Startseite","author":"Webmaster","date":"2. Februar 2016","format":false,"excerpt":"Willkommen auf der Internetpr\u00e4senz des Deutschen Freidenkerverbandes Th\u00fcringen e.V. Weltanschauungsgemeinschaft, Kulturorganisation und Interessenvertretung konfessionsfreier Menschen Wof\u00fcr sich die Freidenker einsetzen: f\u00fcr eine freie Gesellschaft gleichberechtigter Menschen f\u00fcr die v\u00f6llige Emanzipation des Individuums f\u00fcr Toleranz und die volle Verwirklichung der Gewissens-, Glaubens- und Weltanschauungsfreiheit f\u00fcr eine dogmenfreie, rationale und wissenschaftlich begr\u00fcndete\u2026","rel":"","context":"\u00c4hnlicher Beitrag","block_context":{"text":"\u00c4hnlicher Beitrag","link":""},"img":{"alt_text":"","src":"https:\/\/i0.wp.com\/www.thueringen.freidenker.org\/cms\/wp-content\/uploads\/2026\/04\/Screenshot_20260428-1922502-194x300.jpg?resize=350%2C200&ssl=1","width":350,"height":200},"classes":[]},{"id":147,"url":"https:\/\/www.thueringen.freidenker.org\/index.php\/kreisverbaende\/kv-erfurt\/vorstand\/","url_meta":{"origin":42,"position":2},"title":"Vorstand","author":"Webmaster","date":"3. Februar 2016","format":false,"excerpt":"Deutscher Freidenker Verband, Landesverband Th\u00fcringen e.V., Kreisverband Erfurt und Umland Kreisvorsitzende Helga Borchert Untere Dorfstra\u00dfe 123a 99195 Riethnordhausen Tel.: 036204 50559 E-Mail: dfv-erfurt@freidenker.org Stellv. Vorsitzender Hans-J\u00f6rg R\u00f6diger Tel.: 0361 2255666","rel":"","context":"\u00c4hnlicher Beitrag","block_context":{"text":"\u00c4hnlicher Beitrag","link":""},"img":{"alt_text":"","src":"","width":0,"height":0},"classes":[]},{"id":44,"url":"https:\/\/www.thueringen.freidenker.org\/index.php\/kreisverbaende\/kv-eisenach\/","url_meta":{"origin":42,"position":3},"title":"KV Eisenach","author":"Webmaster","date":"2. Februar 2016","format":false,"excerpt":"Willkommen auf den Internetseiten des Kreisverbandes Eisenach. Der DFV-Kreisverband Eisenach\/Wartburgkreis e.V. besitzt eigene Rechtsf\u00e4higkeit. Auf unserer Internetpr\u00e4sentation finden Sie Informationen, Positionen sowie Angebote unseres Kreisverbandes. Verantwortlich f\u00fcr den Inhalt ist (V.i.S.d.P.): Karin May Hinter dem Rain 2B 99817 Eisenach Te.l: 03691 71380 E-Mail: dfv-eisenach@freidenker.org Redaktion der Eisenacher Seiten: Simone Kr\u00fcger\u2026","rel":"","context":"\u00c4hnlicher Beitrag","block_context":{"text":"\u00c4hnlicher Beitrag","link":""},"img":{"alt_text":"Wartburg, Eisenach \/\/ FotoHiero \/ pixelio.de","src":"https:\/\/i0.wp.com\/www.thueringen.freidenker.org\/cms\/wp-content\/uploads\/2016\/02\/710592_web_R_by_FotoHiero_pixelio.de_.jpg?resize=350%2C200","width":350,"height":200},"classes":[]},{"id":171,"url":"https:\/\/www.thueringen.freidenker.org\/index.php\/kreisverbaende\/kv-greiz\/vorstand\/","url_meta":{"origin":42,"position":4},"title":"Vorstand","author":"Webmaster","date":"3. Februar 2016","format":false,"excerpt":"Deutscher Freidenker-Verband, Landesverband Th\u00fcringen e.V. - Kreisverband Greiz Kreisvorsitzender Dr. Michael G\u00f6lles Feldschl\u00f6\u00dfchenstr. 1 07973 Greiz Tel.: 03641\u00a0 5278157 E-Mail: dfv-greiz@freidenker.org Stellvertrender Vorsitzender Andreas Ficker Redaktionsadresse E-Mail: webredaktion-greiz@freidenker.org","rel":"","context":"\u00c4hnlicher Beitrag","block_context":{"text":"\u00c4hnlicher Beitrag","link":""},"img":{"alt_text":"","src":"","width":0,"height":0},"classes":[]},{"id":195,"url":"https:\/\/www.thueringen.freidenker.org\/index.php\/kreisverbaende\/kv-jena\/vorstand\/","url_meta":{"origin":42,"position":5},"title":"Vorstand","author":"Webmaster","date":"3. Februar 2016","format":false,"excerpt":"Deutscher Freidenker-Verband, Landesverband Th\u00fcringen e.V., Kreisverband Jena Kreisvorsitzender Witold Fischer Dornburger Stra\u00dfe 149 07743 Jena Tel.: 0160 6517413 E-Mail: dfv-jena@freidenker.org Kassierer Heinz Timm","rel":"","context":"\u00c4hnlicher Beitrag","block_context":{"text":"\u00c4hnlicher Beitrag","link":""},"img":{"alt_text":"","src":"","width":0,"height":0},"classes":[]}],"jetpack_sharing_enabled":true,"_links":{"self":[{"href":"https:\/\/www.thueringen.freidenker.org\/index.php\/wp-json\/wp\/v2\/pages\/42","targetHints":{"allow":["GET"]}}],"collection":[{"href":"https:\/\/www.thueringen.freidenker.org\/index.php\/wp-json\/wp\/v2\/pages"}],"about":[{"href":"https:\/\/www.thueringen.freidenker.org\/index.php\/wp-json\/wp\/v2\/types\/page"}],"author":[{"embeddable":true,"href":"https:\/\/www.thueringen.freidenker.org\/index.php\/wp-json\/wp\/v2\/users\/1"}],"replies":[{"embeddable":true,"href":"https:\/\/www.thueringen.freidenker.org\/index.php\/wp-json\/wp\/v2\/comments?post=42"}],"version-history":[{"count":7,"href":"https:\/\/www.thueringen.freidenker.org\/index.php\/wp-json\/wp\/v2\/pages\/42\/revisions"}],"predecessor-version":[{"id":377,"href":"https:\/\/www.thueringen.freidenker.org\/index.php\/wp-json\/wp\/v2\/pages\/42\/revisions\/377"}],"wp:attachment":[{"href":"https:\/\/www.thueringen.freidenker.org\/index.php\/wp-json\/wp\/v2\/media?parent=42"}],"curies":[{"name":"wp","href":"https:\/\/api.w.org\/{rel}","templated":true}]}}