{"id":40,"date":"2016-02-02T12:23:09","date_gmt":"2016-02-02T11:23:09","guid":{"rendered":"http:\/\/www.thueringen.freidenker.org\/cms\/?page_id=40"},"modified":"2021-07-01T22:42:59","modified_gmt":"2021-07-01T20:42:59","slug":"impressum","status":"publish","type":"page","link":"https:\/\/www.thueringen.freidenker.org\/index.php\/impressum\/","title":{"rendered":"Impressum"},"content":{"rendered":"<p><strong>Deutscher Freidenkerverband Th\u00fcringen e.V. (DFV Th\u00fcringen), Sitz Gotha<\/strong><\/p>\n<p>Vereinsregister Gotha VR141094<\/p>\n<p><strong>Vorsitzende<\/strong><\/p>\n<p><strong>Heike Cienskowski<\/strong><br \/>\nAm Brand 18<br \/>\n07379 Greiz<\/p>\n<p>Telefon: 03661-434774<br \/>\nMobil: 0160-1800876<br \/>\nE-Mail:\u00a0 <strong><a href=\"mailto:dfv-thueringen@freidenker.org\">dfv-thueringen@freidenker.org<\/a><\/strong><\/p>\n<h4>Webmaster<\/h4>\n<p>Jens Oldenburg<br \/>\nE-Mail: <a href=\"mailto:webmaster-thueringen@freidenker.org\">webmaster-thueringen@freidenker.org<\/a><\/p>\n<p><strong>Theme-Design:<\/strong> <a href=\"http:\/\/www.vlad-design.de\" target=\"_new\" rel=\"noopener\">Vlad<\/a> aka <a href=\"http:\/\/www.perun.net\" target=\"_new\" rel=\"noopener\">Perun<\/a>; Anpassungen: <a href=\"mailto:webmaster@freidenker.org\">DFV-Webmaster<\/a><\/p>\n<p class=\"contentheading\">Angaben gem\u00e4\u00df \u00a7 5 TMG:<\/p>\n<p><strong>Deutscher Freidenkerverband Th\u00fcringen e.V. (DFV Th\u00fcringen), Sitz Gotha<br \/>\n<\/strong><\/p>\n<h4>Vertreten durch:<\/h4>\n<p>Heike Cienskowski<\/p>\n<h4>Haftungsausschluss:<\/h4>\n<p><strong>Haftung f\u00fcr Inhalte<\/strong><\/p>\n<p>Die Inhalte unserer Seiten wurden mit gr\u00f6\u00dfter Sorgfalt erstellt. F\u00fcr die Richtigkeit, Vollst\u00e4ndigkeit und Aktualit\u00e4t der Inhalte k\u00f6nnen wir jedoch keine Gew\u00e4hr \u00fcbernehmen. Als Diensteanbieter sind wir gem\u00e4\u00df \u00a7 7 Abs.1 TMG f\u00fcr eigene Inhalte auf diesen Seiten nach den allgemeinen Gesetzen verantwortlich. Nach \u00a7\u00a7 8 bis 10 TMG sind wir als Diensteanbieter jedoch nicht verpflichtet, \u00fcbermittelte oder gespeicherte fremde Informationen zu \u00fcberwachen oder nach Umst\u00e4nden zu forschen, die auf eine rechtswidrige T\u00e4tigkeit hinweisen. Verpflichtungen zur Entfernung oder Sperrung der Nutzung von Informationen nach den allgemeinen Gesetzen bleiben hiervon unber\u00fchrt. Eine diesbez\u00fcgliche Haftung ist jedoch erst ab dem Zeitpunkt der Kenntnis einer konkreten Rechtsverletzung m\u00f6glich. Bei Bekanntwerden von entsprechenden Rechtsverletzungen werden wir diese Inhalte umgehend entfernen.<\/p>\n<p><strong>Haftung f\u00fcr Links<\/strong><\/p>\n<p>Unser Angebot enth\u00e4lt Links zu externen Webseiten Dritter, auf deren Inhalte wir keinen Einfluss haben. Deshalb k\u00f6nnen wir f\u00fcr diese fremden Inhalte auch keine Gew\u00e4hr \u00fcbernehmen. F\u00fcr die Inhalte der verlinkten Seiten ist stets der jeweilige Anbieter oder Betreiber der Seiten verantwortlich. Die verlinkten Seiten wurden zum Zeitpunkt der Verlinkung auf m\u00f6gliche Rechtsverst\u00f6\u00dfe \u00fcberpr\u00fcft. Rechtswidrige Inhalte waren zum Zeitpunkt der Verlinkung nicht erkennbar. Eine permanente inhaltliche Kontrolle der verlinkten Seiten ist jedoch ohne konkrete Anhaltspunkte einer Rechtsverletzung nicht zumutbar. Bei Bekanntwerden von Rechtsverletzungen werden wir derartige Links umgehend entfernen.<\/p>\n<p><strong>Urheberrecht<\/strong><\/p>\n<p>Die durch die Seitenbetreiber erstellten Inhalte und Werke auf diesen Seiten unterliegen dem deutschen Urheberrecht. Die Vervielf\u00e4ltigung, Bearbeitung, Verbreitung und jede Art der Verwertung au\u00dferhalb der Grenzen des Urheberrechtes bed\u00fcrfen der schriftlichen Zustimmung des jeweiligen Autors bzw. Erstellers. Downloads und Kopien dieser Seite sind nur f\u00fcr den privaten, nicht kommerziellen Gebrauch gestattet. Soweit die Inhalte auf dieser Seite nicht vom Betreiber erstellt wurden, werden die Urheberrechte Dritter beachtet. Insbesondere werden Inhalte Dritter als solche gekennzeichnet. Sollten Sie trotzdem auf eine Urheberrechtsverletzung aufmerksam werden, bitten wir um einen entsprechenden Hinweis. Bei Bekanntwerden von Rechtsverletzungen werden wir derartige Inhalte umgehend entfernen.<\/p>\n<p><strong>Datenschutz<\/strong><\/p>\n<p>Die Nutzung unserer Webseite ist in der Regel ohne Angabe personenbezogener Daten m\u00f6glich. Soweit auf unseren Seiten personenbezogene Daten (beispielsweise Name, Anschrift oder E-Mail-Adressen) erhoben werden, erfolgt dies, soweit m\u00f6glich, stets auf freiwilliger Basis. Diese Daten werden ohne Ihre ausdr\u00fcckliche Zustimmung nicht an Dritte weitergegeben.<\/p>\n<p>Wir weisen darauf hin, dass die Daten\u00fcbertragung im Internet (z.B. bei der Kommunikation per E-Mail) Sicherheitsl\u00fccken aufweisen kann. Ein l\u00fcckenloser Schutz der Daten vor dem Zugriff durch Dritte ist nicht m\u00f6glich.<\/p>\n<p>Der Nutzung von im Rahmen der Impressumspflicht ver\u00f6ffentlichten Kontaktdaten durch Dritte zur \u00dcbersendung von nicht ausdr\u00fccklich angeforderter Werbung und Informationsmaterialien wird hiermit ausdr\u00fccklich widersprochen. Die Betreiber der Seiten behalten sich ausdr\u00fccklich rechtliche Schritte im Falle der unverlangten Zusendung von Werbeinformationen, etwa durch Spam-Mails, vor.<\/p>\n<p><em>Quellenangaben: <a href=\"http:\/\/www.e-recht24.de\/muster-disclaimer.htm\" target=\"_blank\" rel=\"noopener\">Disclaimer eRecht24<\/a><\/em><br \/>\nQuelle: <em>erstellt durch den <a href=\"http:\/\/www.e-recht24.de\/impressum-generator.html\" target=\"_blank\" rel=\"noopener\">Impressum Generator<\/a> der Kanzlei Siebert<\/em><\/p>\n<p>Unsere Datenschutzerkl\u00e4rung ist hier <strong><a href=\"http:\/\/www.freidenker.org\/?page_id=868\" target=\"_blank\" rel=\"noopener\">erreichbar<\/a><\/strong>.<\/p>\n","protected":false},"excerpt":{"rendered":"<p>Deutscher Freidenkerverband Th\u00fcringen e.V. (DFV Th\u00fcringen), Sitz Gotha Vereinsregister Gotha VR141094 Vorsitzende Heike Cienskowski Am Brand 18 07379 Greiz Telefon: 03661-434774 Mobil: 0160-1800876 E-Mail:\u00a0 dfv-thueringen@freidenker.org Webmaster Jens Oldenburg E-Mail: webmaster-thueringen@freidenker.org Theme-Design: Vlad aka Perun; Anpassungen: DFV-Webmaster Angaben gem\u00e4\u00df \u00a7 5 TMG: Deutscher Freidenkerverband Th\u00fcringen e.V. (DFV Th\u00fcringen), Sitz Gotha Vertreten durch: Heike Cienskowski Haftungsausschluss: Haftung [&hellip;]<\/p>\n","protected":false},"author":1,"featured_media":0,"parent":0,"menu_order":70,"comment_status":"closed","ping_status":"closed","template":"","meta":{"jetpack_post_was_ever_published":false,"footnotes":""},"class_list":["post-40","page","type-page","status-publish","hentry"],"jetpack_shortlink":"https:\/\/wp.me\/P7cwsB-E","jetpack-related-posts":[{"id":346,"url":"https:\/\/www.thueringen.freidenker.org\/index.php\/kontakt\/","url_meta":{"origin":40,"position":0},"title":"Kontakt","author":"Webmaster","date":"8. Februar 2016","format":false,"excerpt":"Nehmen Sie mit uns Kontakt auf, rufen Sie uns an, schreiben Sie uns eine E-Mail an dfv-thueringen@freidenker.org oder aber einen Brief an Deutscher Freidenkerverband Th\u00fcringen e.V. c\/o Heike Cienskowski Am Brand 18 07973 Greiz Telefon: 03661-434774 Mobil: 0160-1800876","rel":"","context":"\u00c4hnlicher Beitrag","block_context":{"text":"\u00c4hnlicher Beitrag","link":""},"img":{"alt_text":"","src":"","width":0,"height":0},"classes":[]},{"id":42,"url":"https:\/\/www.thueringen.freidenker.org\/index.php\/kreisverbaende\/","url_meta":{"origin":40,"position":1},"title":"Kreisverb\u00e4nde","author":"Webmaster","date":"2. Februar 2016","format":false,"excerpt":"Der Deutsche Freidenker-Verband, Landesverband Th\u00fcringen e.V. ist in 4 Kreisverb\u00e4nde unterteilt und zwar: Kreisverband Eisenach - E-Mail: dfv-eisenach@freidenker.org Kreisverband Erfurt - E-Mail: dfv-erfurt@freidenker.org Kreisverband Greiz - E-Mail: dfv-greiz@freidenker.org Kreisverband Jena - E-Mail: dfv-jena@freidenker.org","rel":"","context":"\u00c4hnlicher Beitrag","block_context":{"text":"\u00c4hnlicher Beitrag","link":""},"img":{"alt_text":"Karten\u00fcbersicht - Lage von Th\u00fcringen","src":"https:\/\/i0.wp.com\/www.thueringen.freidenker.org\/cms\/wp-content\/uploads\/2016\/02\/Locator_map_Thuringia_in_Germany.svg_.png?resize=350%2C200","width":350,"height":200},"classes":[]},{"id":133,"url":"https:\/\/www.thueringen.freidenker.org\/index.php\/kreisverbaende\/kv-eisenach\/eisenach-vorstand\/","url_meta":{"origin":40,"position":2},"title":"Vorstand","author":"Webmaster","date":"3. Februar 2016","format":false,"excerpt":"Deutscher Freidenker-Verband, Landesverband Th\u00fcringen e.V., DFV Kreisverband Eisenach \/ Wartburgkreis e.V. Vorsitzende Karin May Hinter dem Rain 2B 99817 Eisenach Tel: 03691 71380 E-Mail: dfv-eisenach@freidenker.org Stellv. Vorsitzende Marion\u00a0Marggraf Wohnhaft\u00a099817\u00a0Eisenach, Tiefensch\u00e4rfe\u00a0Allee\u00a054 Schatzmeisterin Simone Kr\u00fcger Theodor-Neubauer-Stra\u00dfe 144 Tel: 036921 27848 Revisionskommission Manfred B\u00f6ttcher Mariental 14 99817 Eisenach Tel.: 03691 742003","rel":"","context":"\u00c4hnlicher Beitrag","block_context":{"text":"\u00c4hnlicher Beitrag","link":""},"img":{"alt_text":"","src":"","width":0,"height":0},"classes":[]},{"id":195,"url":"https:\/\/www.thueringen.freidenker.org\/index.php\/kreisverbaende\/kv-jena\/vorstand\/","url_meta":{"origin":40,"position":3},"title":"Vorstand","author":"Webmaster","date":"3. Februar 2016","format":false,"excerpt":"Deutscher Freidenker-Verband, Landesverband Th\u00fcringen e.V., Kreisverband Jena Kreisvorsitzender Witold Fischer Dornburger Stra\u00dfe 149 07743 Jena Tel.: 0160 6517413 E-Mail: dfv-jena@freidenker.org Kassierer Heinz Timm","rel":"","context":"\u00c4hnlicher Beitrag","block_context":{"text":"\u00c4hnlicher Beitrag","link":""},"img":{"alt_text":"","src":"","width":0,"height":0},"classes":[]},{"id":171,"url":"https:\/\/www.thueringen.freidenker.org\/index.php\/kreisverbaende\/kv-greiz\/vorstand\/","url_meta":{"origin":40,"position":4},"title":"Vorstand","author":"Webmaster","date":"3. Februar 2016","format":false,"excerpt":"Deutscher Freidenker-Verband, Landesverband Th\u00fcringen e.V. - Kreisverband Greiz Kreisvorsitzender Dr. Michael G\u00f6lles Feldschl\u00f6\u00dfchenstr. 1 07973 Greiz Tel.: 03641\u00a0 5278157 E-Mail: dfv-greiz@freidenker.org Stellvertrender Vorsitzender Andreas Ficker Redaktionsadresse E-Mail: webredaktion-greiz@freidenker.org","rel":"","context":"\u00c4hnlicher Beitrag","block_context":{"text":"\u00c4hnlicher Beitrag","link":""},"img":{"alt_text":"","src":"","width":0,"height":0},"classes":[]},{"id":147,"url":"https:\/\/www.thueringen.freidenker.org\/index.php\/kreisverbaende\/kv-erfurt\/vorstand\/","url_meta":{"origin":40,"position":5},"title":"Vorstand","author":"Webmaster","date":"3. Februar 2016","format":false,"excerpt":"Deutscher Freidenker Verband, Landesverband Th\u00fcringen e.V., Kreisverband Erfurt und Umland Kreisvorsitzende Helga Borchert Untere Dorfstra\u00dfe 123a 99195 Riethnordhausen Tel.: 036204 50559 E-Mail: dfv-erfurt@freidenker.org Stellv. Vorsitzender Hans-J\u00f6rg R\u00f6diger Tel.: 0361 2255666","rel":"","context":"\u00c4hnlicher Beitrag","block_context":{"text":"\u00c4hnlicher Beitrag","link":""},"img":{"alt_text":"","src":"","width":0,"height":0},"classes":[]}],"jetpack_sharing_enabled":true,"_links":{"self":[{"href":"https:\/\/www.thueringen.freidenker.org\/index.php\/wp-json\/wp\/v2\/pages\/40","targetHints":{"allow":["GET"]}}],"collection":[{"href":"https:\/\/www.thueringen.freidenker.org\/index.php\/wp-json\/wp\/v2\/pages"}],"about":[{"href":"https:\/\/www.thueringen.freidenker.org\/index.php\/wp-json\/wp\/v2\/types\/page"}],"author":[{"embeddable":true,"href":"https:\/\/www.thueringen.freidenker.org\/index.php\/wp-json\/wp\/v2\/users\/1"}],"replies":[{"embeddable":true,"href":"https:\/\/www.thueringen.freidenker.org\/index.php\/wp-json\/wp\/v2\/comments?post=40"}],"version-history":[{"count":17,"href":"https:\/\/www.thueringen.freidenker.org\/index.php\/wp-json\/wp\/v2\/pages\/40\/revisions"}],"predecessor-version":[{"id":1116,"href":"https:\/\/www.thueringen.freidenker.org\/index.php\/wp-json\/wp\/v2\/pages\/40\/revisions\/1116"}],"wp:attachment":[{"href":"https:\/\/www.thueringen.freidenker.org\/index.php\/wp-json\/wp\/v2\/media?parent=40"}],"curies":[{"name":"wp","href":"https:\/\/api.w.org\/{rel}","templated":true}]}}