{"id":38,"date":"2016-02-02T12:22:46","date_gmt":"2016-02-02T11:22:46","guid":{"rendered":"http:\/\/www.thueringen.freidenker.org\/cms\/?page_id=38"},"modified":"2016-02-03T15:53:24","modified_gmt":"2016-02-03T14:53:24","slug":"impressionen","status":"publish","type":"page","link":"https:\/\/www.thueringen.freidenker.org\/index.php\/impressionen\/","title":{"rendered":"Impressionen"},"content":{"rendered":"<h3>Impressionen aus dem Leben des Landesverbandes<\/h3>\n<div id=\"attachment_103\" style=\"width: 370px\" class=\"wp-caption alignnone\"><img data-recalc-dims=\"1\" loading=\"lazy\" decoding=\"async\" aria-describedby=\"caption-attachment-103\" data-attachment-id=\"103\" data-permalink=\"https:\/\/www.thueringen.freidenker.org\/index.php\/impressionen\/infostand\/\" data-orig-file=\"https:\/\/i0.wp.com\/www.thueringen.freidenker.org\/cms\/wp-content\/uploads\/2016\/02\/infostand.jpg?fit=360%2C270&amp;ssl=1\" data-orig-size=\"360,270\" data-comments-opened=\"1\" data-image-meta=\"{&quot;aperture&quot;:&quot;0&quot;,&quot;credit&quot;:&quot;&quot;,&quot;camera&quot;:&quot;&quot;,&quot;caption&quot;:&quot;&quot;,&quot;created_timestamp&quot;:&quot;0&quot;,&quot;copyright&quot;:&quot;&quot;,&quot;focal_length&quot;:&quot;0&quot;,&quot;iso&quot;:&quot;0&quot;,&quot;shutter_speed&quot;:&quot;0&quot;,&quot;title&quot;:&quot;&quot;,&quot;orientation&quot;:&quot;0&quot;}\" data-image-title=\"Informationsstand Auf dem Parteitag der Partei &amp;#8222;Die Linke&amp;#8220; in Erfurt am 21. Oktober 2011\" data-image-description=\"&lt;p&gt;Informationsstand Auf dem Parteitag der Partei &amp;#8222;Die Linke&amp;#8220; in Erfurt am 21. Oktober 2011&lt;\/p&gt;\n\" data-image-caption=\"&lt;p&gt;Informationsstand Auf dem Parteitag der Partei &amp;#8222;Die Linke&amp;#8220; in Erfurt am 21. Oktober 2011&lt;\/p&gt;\n\" data-large-file=\"https:\/\/i0.wp.com\/www.thueringen.freidenker.org\/cms\/wp-content\/uploads\/2016\/02\/infostand.jpg?fit=360%2C270&amp;ssl=1\" class=\"size-full wp-image-103\" src=\"https:\/\/i0.wp.com\/www.thueringen.freidenker.org\/cms\/wp-content\/uploads\/2016\/02\/infostand.jpg?resize=360%2C270\" alt=\"Informationsstand Auf dem Parteitag der Partei &quot;Die Linke&quot; in Erfurt am 21. Oktober 2011\" width=\"360\" height=\"270\" srcset=\"https:\/\/i0.wp.com\/www.thueringen.freidenker.org\/cms\/wp-content\/uploads\/2016\/02\/infostand.jpg?w=360&amp;ssl=1 360w, https:\/\/i0.wp.com\/www.thueringen.freidenker.org\/cms\/wp-content\/uploads\/2016\/02\/infostand.jpg?resize=300%2C225&amp;ssl=1 300w\" sizes=\"auto, (max-width: 360px) 100vw, 360px\" \/><p id=\"caption-attachment-103\" class=\"wp-caption-text\">Unser Informationsstand auf dem Parteitag der Partei &#8222;Die Linke&#8220; in Erfurt am 21. Oktober 2011<\/p><\/div>\n<h3>Gothaer Friedensgespr\u00e4ch 2014 &#8222;Die Waffen nieder&#8220; am 2014.06.28<\/h3>\n<p>Fotos:\u00a0Witold\u00a0Fischer<\/p>\n\n\t\t<style type=\"text\/css\">\n\t\t\t#gallery-1 {\n\t\t\t\tmargin: auto;\n\t\t\t}\n\t\t\t#gallery-1 .gallery-item {\n\t\t\t\tfloat: left;\n\t\t\t\tmargin-top: 10px;\n\t\t\t\ttext-align: center;\n\t\t\t\twidth: 100%;\n\t\t\t}\n\t\t\t#gallery-1 img {\n\t\t\t\tborder: 2px solid #cfcfcf;\n\t\t\t}\n\t\t\t#gallery-1 .gallery-caption {\n\t\t\t\tmargin-left: 0;\n\t\t\t}\n\t\t\t\/* see gallery_shortcode() in wp-includes\/media.php *\/\n\t\t<\/style>\n\t\t<div data-carousel-extra='{&quot;blog_id&quot;:1,&quot;permalink&quot;:&quot;https:\/\/www.thueringen.freidenker.org\/index.php\/impressionen\/&quot;}' id='gallery-1' class='gallery galleryid-38 gallery-columns-1 gallery-size-large'><dl class='gallery-item'>\n\t\t\t<dt class='gallery-icon landscape'>\n\t\t\t\t<img loading=\"lazy\" decoding=\"async\" width=\"500\" height=\"375\" src=\"https:\/\/i0.wp.com\/www.thueringen.freidenker.org\/cms\/wp-content\/uploads\/2016\/02\/1.jpg?fit=500%2C375&amp;ssl=1\" class=\"attachment-large size-large\" alt=\"\" aria-describedby=\"gallery-1-112\" srcset=\"https:\/\/i0.wp.com\/www.thueringen.freidenker.org\/cms\/wp-content\/uploads\/2016\/02\/1.jpg?w=500&amp;ssl=1 500w, https:\/\/i0.wp.com\/www.thueringen.freidenker.org\/cms\/wp-content\/uploads\/2016\/02\/1.jpg?resize=300%2C225&amp;ssl=1 300w\" sizes=\"auto, (max-width: 500px) 100vw, 500px\" data-attachment-id=\"112\" data-permalink=\"https:\/\/www.thueringen.freidenker.org\/index.php\/impressionen\/attachment\/1\/\" data-orig-file=\"https:\/\/i0.wp.com\/www.thueringen.freidenker.org\/cms\/wp-content\/uploads\/2016\/02\/1.jpg?fit=500%2C375&amp;ssl=1\" data-orig-size=\"500,375\" data-comments-opened=\"1\" data-image-meta=\"{&quot;aperture&quot;:&quot;3.3&quot;,&quot;credit&quot;:&quot;&quot;,&quot;camera&quot;:&quot;luxmedia 16-Z21C&quot;,&quot;caption&quot;:&quot;&quot;,&quot;created_timestamp&quot;:&quot;1403905583&quot;,&quot;copyright&quot;:&quot;&quot;,&quot;focal_length&quot;:&quot;6.1&quot;,&quot;iso&quot;:&quot;800&quot;,&quot;shutter_speed&quot;:&quot;0.04&quot;,&quot;title&quot;:&quot;&quot;,&quot;orientation&quot;:&quot;1&quot;}\" data-image-title=\"1\" data-image-description=\"\" data-image-caption=\"&lt;p&gt;Gothaer Friedensgespr\u00e4ch 2014 &amp;#8222;Die Waffen nieder&amp;#8220; am 28.06.2014, Fotograf: Witold Fischer&lt;\/p&gt;\n\" data-large-file=\"https:\/\/i0.wp.com\/www.thueringen.freidenker.org\/cms\/wp-content\/uploads\/2016\/02\/1.jpg?fit=500%2C375&amp;ssl=1\" \/>\n\t\t\t<\/dt>\n\t\t\t\t<dd class='wp-caption-text gallery-caption' id='gallery-1-112'>\n\t\t\t\tGothaer Friedensgespr\u00e4ch 2014 &#8222;Die Waffen nieder&#8220; am 28.06.2014, Fotograf: Witold Fischer\n\t\t\t\t<\/dd><\/dl><br style=\"clear: both\" \/><dl class='gallery-item'>\n\t\t\t<dt class='gallery-icon landscape'>\n\t\t\t\t<img loading=\"lazy\" decoding=\"async\" width=\"500\" height=\"375\" src=\"https:\/\/i0.wp.com\/www.thueringen.freidenker.org\/cms\/wp-content\/uploads\/2016\/02\/2.jpg?fit=500%2C375&amp;ssl=1\" class=\"attachment-large size-large\" alt=\"\" aria-describedby=\"gallery-1-113\" srcset=\"https:\/\/i0.wp.com\/www.thueringen.freidenker.org\/cms\/wp-content\/uploads\/2016\/02\/2.jpg?w=500&amp;ssl=1 500w, https:\/\/i0.wp.com\/www.thueringen.freidenker.org\/cms\/wp-content\/uploads\/2016\/02\/2.jpg?resize=300%2C225&amp;ssl=1 300w\" sizes=\"auto, (max-width: 500px) 100vw, 500px\" data-attachment-id=\"113\" data-permalink=\"https:\/\/www.thueringen.freidenker.org\/index.php\/impressionen\/attachment\/2\/\" data-orig-file=\"https:\/\/i0.wp.com\/www.thueringen.freidenker.org\/cms\/wp-content\/uploads\/2016\/02\/2.jpg?fit=500%2C375&amp;ssl=1\" data-orig-size=\"500,375\" data-comments-opened=\"1\" data-image-meta=\"{&quot;aperture&quot;:&quot;5.7&quot;,&quot;credit&quot;:&quot;&quot;,&quot;camera&quot;:&quot;luxmedia 16-Z21C&quot;,&quot;caption&quot;:&quot;&quot;,&quot;created_timestamp&quot;:&quot;1403910068&quot;,&quot;copyright&quot;:&quot;&quot;,&quot;focal_length&quot;:&quot;83.2&quot;,&quot;iso&quot;:&quot;800&quot;,&quot;shutter_speed&quot;:&quot;0.033333333333333&quot;,&quot;title&quot;:&quot;&quot;,&quot;orientation&quot;:&quot;1&quot;}\" data-image-title=\"2\" data-image-description=\"\" data-image-caption=\"&lt;p&gt;Gothaer Friedensgespr\u00e4ch 2014 &amp;#8222;Die Waffen nieder&amp;#8220; am 28.06.2014, Fotograf: Witold Fischer&lt;\/p&gt;\n\" data-large-file=\"https:\/\/i0.wp.com\/www.thueringen.freidenker.org\/cms\/wp-content\/uploads\/2016\/02\/2.jpg?fit=500%2C375&amp;ssl=1\" \/>\n\t\t\t<\/dt>\n\t\t\t\t<dd class='wp-caption-text gallery-caption' id='gallery-1-113'>\n\t\t\t\tGothaer Friedensgespr\u00e4ch 2014 &#8222;Die Waffen nieder&#8220; am 28.06.2014, Fotograf: Witold Fischer\n\t\t\t\t<\/dd><\/dl><br style=\"clear: both\" \/><dl class='gallery-item'>\n\t\t\t<dt class='gallery-icon landscape'>\n\t\t\t\t<img loading=\"lazy\" decoding=\"async\" width=\"500\" height=\"375\" src=\"https:\/\/i0.wp.com\/www.thueringen.freidenker.org\/cms\/wp-content\/uploads\/2016\/02\/5.jpg?fit=500%2C375&amp;ssl=1\" class=\"attachment-large size-large\" alt=\"\" aria-describedby=\"gallery-1-111\" srcset=\"https:\/\/i0.wp.com\/www.thueringen.freidenker.org\/cms\/wp-content\/uploads\/2016\/02\/5.jpg?w=500&amp;ssl=1 500w, https:\/\/i0.wp.com\/www.thueringen.freidenker.org\/cms\/wp-content\/uploads\/2016\/02\/5.jpg?resize=300%2C225&amp;ssl=1 300w\" sizes=\"auto, (max-width: 500px) 100vw, 500px\" data-attachment-id=\"111\" data-permalink=\"https:\/\/www.thueringen.freidenker.org\/index.php\/impressionen\/attachment\/5\/\" data-orig-file=\"https:\/\/i0.wp.com\/www.thueringen.freidenker.org\/cms\/wp-content\/uploads\/2016\/02\/5.jpg?fit=500%2C375&amp;ssl=1\" data-orig-size=\"500,375\" data-comments-opened=\"1\" data-image-meta=\"{&quot;aperture&quot;:&quot;4.2&quot;,&quot;credit&quot;:&quot;&quot;,&quot;camera&quot;:&quot;luxmedia 16-Z21C&quot;,&quot;caption&quot;:&quot;&quot;,&quot;created_timestamp&quot;:&quot;1403917050&quot;,&quot;copyright&quot;:&quot;&quot;,&quot;focal_length&quot;:&quot;14.6&quot;,&quot;iso&quot;:&quot;160&quot;,&quot;shutter_speed&quot;:&quot;0.00625&quot;,&quot;title&quot;:&quot;&quot;,&quot;orientation&quot;:&quot;1&quot;}\" data-image-title=\"5\" data-image-description=\"\" data-image-caption=\"&lt;p&gt;Gothaer Friedensgespr\u00e4ch 2014 &amp;#8222;Die Waffen nieder&amp;#8220; am 28.06.2014, Fotograf: Witold Fischer&lt;\/p&gt;\n\" data-large-file=\"https:\/\/i0.wp.com\/www.thueringen.freidenker.org\/cms\/wp-content\/uploads\/2016\/02\/5.jpg?fit=500%2C375&amp;ssl=1\" \/>\n\t\t\t<\/dt>\n\t\t\t\t<dd class='wp-caption-text gallery-caption' id='gallery-1-111'>\n\t\t\t\tGothaer Friedensgespr\u00e4ch 2014 &#8222;Die Waffen nieder&#8220; am 28.06.2014, Fotograf: Witold Fischer\n\t\t\t\t<\/dd><\/dl><br style=\"clear: both\" \/><dl class='gallery-item'>\n\t\t\t<dt class='gallery-icon landscape'>\n\t\t\t\t<img loading=\"lazy\" decoding=\"async\" width=\"500\" height=\"375\" src=\"https:\/\/i0.wp.com\/www.thueringen.freidenker.org\/cms\/wp-content\/uploads\/2016\/02\/3.jpg?fit=500%2C375&amp;ssl=1\" class=\"attachment-large size-large\" alt=\"\" aria-describedby=\"gallery-1-110\" srcset=\"https:\/\/i0.wp.com\/www.thueringen.freidenker.org\/cms\/wp-content\/uploads\/2016\/02\/3.jpg?w=500&amp;ssl=1 500w, https:\/\/i0.wp.com\/www.thueringen.freidenker.org\/cms\/wp-content\/uploads\/2016\/02\/3.jpg?resize=300%2C225&amp;ssl=1 300w\" sizes=\"auto, (max-width: 500px) 100vw, 500px\" data-attachment-id=\"110\" data-permalink=\"https:\/\/www.thueringen.freidenker.org\/index.php\/impressionen\/attachment\/3\/\" data-orig-file=\"https:\/\/i0.wp.com\/www.thueringen.freidenker.org\/cms\/wp-content\/uploads\/2016\/02\/3.jpg?fit=500%2C375&amp;ssl=1\" data-orig-size=\"500,375\" data-comments-opened=\"1\" data-image-meta=\"{&quot;aperture&quot;:&quot;4.7&quot;,&quot;credit&quot;:&quot;&quot;,&quot;camera&quot;:&quot;luxmedia 16-Z21C&quot;,&quot;caption&quot;:&quot;&quot;,&quot;created_timestamp&quot;:&quot;1403916433&quot;,&quot;copyright&quot;:&quot;&quot;,&quot;focal_length&quot;:&quot;23.6&quot;,&quot;iso&quot;:&quot;200&quot;,&quot;shutter_speed&quot;:&quot;0.008&quot;,&quot;title&quot;:&quot;&quot;,&quot;orientation&quot;:&quot;1&quot;}\" data-image-title=\"3\" data-image-description=\"\" data-image-caption=\"&lt;p&gt;Gothaer Friedensgespr\u00e4ch 2014 &amp;#8222;Die Waffen nieder&amp;#8220; am 28.06.2014, Fotograf: Witold Fischer&lt;\/p&gt;\n\" data-large-file=\"https:\/\/i0.wp.com\/www.thueringen.freidenker.org\/cms\/wp-content\/uploads\/2016\/02\/3.jpg?fit=500%2C375&amp;ssl=1\" \/>\n\t\t\t<\/dt>\n\t\t\t\t<dd class='wp-caption-text gallery-caption' id='gallery-1-110'>\n\t\t\t\tGothaer Friedensgespr\u00e4ch 2014 &#8222;Die Waffen nieder&#8220; am 28.06.2014, Fotograf: Witold Fischer\n\t\t\t\t<\/dd><\/dl><br style=\"clear: both\" \/><dl class='gallery-item'>\n\t\t\t<dt class='gallery-icon landscape'>\n\t\t\t\t<img loading=\"lazy\" decoding=\"async\" width=\"500\" height=\"375\" src=\"https:\/\/i0.wp.com\/www.thueringen.freidenker.org\/cms\/wp-content\/uploads\/2016\/02\/6.jpg?fit=500%2C375&amp;ssl=1\" class=\"attachment-large size-large\" alt=\"\" aria-describedby=\"gallery-1-109\" srcset=\"https:\/\/i0.wp.com\/www.thueringen.freidenker.org\/cms\/wp-content\/uploads\/2016\/02\/6.jpg?w=500&amp;ssl=1 500w, https:\/\/i0.wp.com\/www.thueringen.freidenker.org\/cms\/wp-content\/uploads\/2016\/02\/6.jpg?resize=300%2C225&amp;ssl=1 300w\" sizes=\"auto, (max-width: 500px) 100vw, 500px\" data-attachment-id=\"109\" data-permalink=\"https:\/\/www.thueringen.freidenker.org\/index.php\/impressionen\/attachment\/6\/\" data-orig-file=\"https:\/\/i0.wp.com\/www.thueringen.freidenker.org\/cms\/wp-content\/uploads\/2016\/02\/6.jpg?fit=500%2C375&amp;ssl=1\" data-orig-size=\"500,375\" data-comments-opened=\"1\" data-image-meta=\"{&quot;aperture&quot;:&quot;3.1&quot;,&quot;credit&quot;:&quot;&quot;,&quot;camera&quot;:&quot;luxmedia 16-Z21C&quot;,&quot;caption&quot;:&quot;&quot;,&quot;created_timestamp&quot;:&quot;1403916416&quot;,&quot;copyright&quot;:&quot;&quot;,&quot;focal_length&quot;:&quot;4.5&quot;,&quot;iso&quot;:&quot;160&quot;,&quot;shutter_speed&quot;:&quot;0.00625&quot;,&quot;title&quot;:&quot;&quot;,&quot;orientation&quot;:&quot;1&quot;}\" data-image-title=\"6\" data-image-description=\"\" data-image-caption=\"&lt;p&gt;Gothaer Friedensgespr\u00e4ch 2014 &amp;#8222;Die Waffen nieder&amp;#8220; am 28.06.2014, Fotograf: Witold Fischer&lt;\/p&gt;\n\" data-large-file=\"https:\/\/i0.wp.com\/www.thueringen.freidenker.org\/cms\/wp-content\/uploads\/2016\/02\/6.jpg?fit=500%2C375&amp;ssl=1\" \/>\n\t\t\t<\/dt>\n\t\t\t\t<dd class='wp-caption-text gallery-caption' id='gallery-1-109'>\n\t\t\t\tGothaer Friedensgespr\u00e4ch 2014 &#8222;Die Waffen nieder&#8220; am 28.06.2014, Fotograf: Witold Fischer\n\t\t\t\t<\/dd><\/dl><br style=\"clear: both\" \/><dl class='gallery-item'>\n\t\t\t<dt class='gallery-icon portrait'>\n\t\t\t\t<img loading=\"lazy\" decoding=\"async\" width=\"272\" height=\"375\" src=\"https:\/\/i0.wp.com\/www.thueringen.freidenker.org\/cms\/wp-content\/uploads\/2016\/02\/8.jpg?fit=272%2C375&amp;ssl=1\" class=\"attachment-large size-large\" alt=\"Gothaer Friedensgespr\u00e4ch 2014 &quot;Die Waffen nieder&quot; am 28.06.2014, Fotograf: Witold Fischer\" aria-describedby=\"gallery-1-106\" srcset=\"https:\/\/i0.wp.com\/www.thueringen.freidenker.org\/cms\/wp-content\/uploads\/2016\/02\/8.jpg?w=272&amp;ssl=1 272w, https:\/\/i0.wp.com\/www.thueringen.freidenker.org\/cms\/wp-content\/uploads\/2016\/02\/8.jpg?resize=218%2C300&amp;ssl=1 218w\" sizes=\"auto, (max-width: 272px) 100vw, 272px\" data-attachment-id=\"106\" data-permalink=\"https:\/\/www.thueringen.freidenker.org\/index.php\/impressionen\/attachment\/8\/\" data-orig-file=\"https:\/\/i0.wp.com\/www.thueringen.freidenker.org\/cms\/wp-content\/uploads\/2016\/02\/8.jpg?fit=272%2C375&amp;ssl=1\" data-orig-size=\"272,375\" data-comments-opened=\"1\" data-image-meta=\"{&quot;aperture&quot;:&quot;3.1&quot;,&quot;credit&quot;:&quot;&quot;,&quot;camera&quot;:&quot;luxmedia 16-Z21C&quot;,&quot;caption&quot;:&quot;&quot;,&quot;created_timestamp&quot;:&quot;1403915866&quot;,&quot;copyright&quot;:&quot;&quot;,&quot;focal_length&quot;:&quot;4.5&quot;,&quot;iso&quot;:&quot;160&quot;,&quot;shutter_speed&quot;:&quot;0.003125&quot;,&quot;title&quot;:&quot;&quot;,&quot;orientation&quot;:&quot;1&quot;}\" data-image-title=\"Gothaer Friedensgespr\u00e4ch 2014 &amp;#8222;Die Waffen nieder&amp;#8220; am 28.06.2014\" data-image-description=\"&lt;p&gt;Gothaer Friedensgespr\u00e4ch 2014 &amp;#8222;Die Waffen nieder&amp;#8220; am 28.06.2014, Fotograf: Witold Fischer&lt;\/p&gt;\n\" data-image-caption=\"&lt;p&gt;Gothaer Friedensgespr\u00e4ch 2014 &amp;#8222;Die Waffen nieder&amp;#8220; am 28.06.2014, Fotograf: Witold Fischer&lt;\/p&gt;\n\" data-large-file=\"https:\/\/i0.wp.com\/www.thueringen.freidenker.org\/cms\/wp-content\/uploads\/2016\/02\/8.jpg?fit=272%2C375&amp;ssl=1\" \/>\n\t\t\t<\/dt>\n\t\t\t\t<dd class='wp-caption-text gallery-caption' id='gallery-1-106'>\n\t\t\t\tGothaer Friedensgespr\u00e4ch 2014 &#8222;Die Waffen nieder&#8220; am 28.06.2014, Fotograf: Witold Fischer\n\t\t\t\t<\/dd><\/dl><br style=\"clear: both\" \/><dl class='gallery-item'>\n\t\t\t<dt class='gallery-icon landscape'>\n\t\t\t\t<img loading=\"lazy\" decoding=\"async\" width=\"500\" height=\"375\" src=\"https:\/\/i0.wp.com\/www.thueringen.freidenker.org\/cms\/wp-content\/uploads\/2016\/02\/4.jpg?fit=500%2C375&amp;ssl=1\" class=\"attachment-large size-large\" alt=\"\" aria-describedby=\"gallery-1-107\" srcset=\"https:\/\/i0.wp.com\/www.thueringen.freidenker.org\/cms\/wp-content\/uploads\/2016\/02\/4.jpg?w=500&amp;ssl=1 500w, https:\/\/i0.wp.com\/www.thueringen.freidenker.org\/cms\/wp-content\/uploads\/2016\/02\/4.jpg?resize=300%2C225&amp;ssl=1 300w\" sizes=\"auto, (max-width: 500px) 100vw, 500px\" data-attachment-id=\"107\" data-permalink=\"https:\/\/www.thueringen.freidenker.org\/index.php\/impressionen\/attachment\/4\/\" data-orig-file=\"https:\/\/i0.wp.com\/www.thueringen.freidenker.org\/cms\/wp-content\/uploads\/2016\/02\/4.jpg?fit=500%2C375&amp;ssl=1\" data-orig-size=\"500,375\" data-comments-opened=\"1\" data-image-meta=\"{&quot;aperture&quot;:&quot;2.6&quot;,&quot;credit&quot;:&quot;&quot;,&quot;camera&quot;:&quot;GT-I8190&quot;,&quot;caption&quot;:&quot;&quot;,&quot;created_timestamp&quot;:&quot;1403959939&quot;,&quot;copyright&quot;:&quot;&quot;,&quot;focal_length&quot;:&quot;3.54&quot;,&quot;iso&quot;:&quot;50&quot;,&quot;shutter_speed&quot;:&quot;0.00193&quot;,&quot;title&quot;:&quot;&quot;,&quot;orientation&quot;:&quot;1&quot;}\" data-image-title=\"4\" data-image-description=\"\" data-image-caption=\"&lt;p&gt;Gothaer Friedensgespr\u00e4ch 2014 &amp;#8222;Die Waffen nieder&amp;#8220; am 28.06.2014, Fotograf: Witold Fischer&lt;\/p&gt;\n\" data-large-file=\"https:\/\/i0.wp.com\/www.thueringen.freidenker.org\/cms\/wp-content\/uploads\/2016\/02\/4.jpg?fit=500%2C375&amp;ssl=1\" \/>\n\t\t\t<\/dt>\n\t\t\t\t<dd class='wp-caption-text gallery-caption' id='gallery-1-107'>\n\t\t\t\tGothaer Friedensgespr\u00e4ch 2014 &#8222;Die Waffen nieder&#8220; am 28.06.2014, Fotograf: Witold Fischer\n\t\t\t\t<\/dd><\/dl><br style=\"clear: both\" \/><dl class='gallery-item'>\n\t\t\t<dt class='gallery-icon landscape'>\n\t\t\t\t<img loading=\"lazy\" decoding=\"async\" width=\"500\" height=\"375\" src=\"https:\/\/i0.wp.com\/www.thueringen.freidenker.org\/cms\/wp-content\/uploads\/2016\/02\/7.jpg?fit=500%2C375&amp;ssl=1\" class=\"attachment-large size-large\" alt=\"Gothaer Friedensgespr\u00e4ch 2014 &quot;Die Waffen nieder&quot; am 28.06.2014, Fotograf: Witold Fischer\" aria-describedby=\"gallery-1-108\" srcset=\"https:\/\/i0.wp.com\/www.thueringen.freidenker.org\/cms\/wp-content\/uploads\/2016\/02\/7.jpg?w=500&amp;ssl=1 500w, https:\/\/i0.wp.com\/www.thueringen.freidenker.org\/cms\/wp-content\/uploads\/2016\/02\/7.jpg?resize=300%2C225&amp;ssl=1 300w\" sizes=\"auto, (max-width: 500px) 100vw, 500px\" data-attachment-id=\"108\" data-permalink=\"https:\/\/www.thueringen.freidenker.org\/index.php\/impressionen\/attachment\/7\/\" data-orig-file=\"https:\/\/i0.wp.com\/www.thueringen.freidenker.org\/cms\/wp-content\/uploads\/2016\/02\/7.jpg?fit=500%2C375&amp;ssl=1\" data-orig-size=\"500,375\" data-comments-opened=\"1\" data-image-meta=\"{&quot;aperture&quot;:&quot;3.2&quot;,&quot;credit&quot;:&quot;&quot;,&quot;camera&quot;:&quot;luxmedia 16-Z21C&quot;,&quot;caption&quot;:&quot;&quot;,&quot;created_timestamp&quot;:&quot;1403916072&quot;,&quot;copyright&quot;:&quot;&quot;,&quot;focal_length&quot;:&quot;5.2&quot;,&quot;iso&quot;:&quot;160&quot;,&quot;shutter_speed&quot;:&quot;0.004&quot;,&quot;title&quot;:&quot;&quot;,&quot;orientation&quot;:&quot;1&quot;}\" data-image-title=\"Gothaer Friedensgespr\u00e4ch 2014 &amp;#8222;Die Waffen nieder&amp;#8220; am 28.06.2014, Fotograf: Witold Fischer\" data-image-description=\"&lt;p&gt;Gothaer Friedensgespr\u00e4ch 2014 &amp;#8222;Die Waffen nieder&amp;#8220; am 28.06.2014, Fotograf: Witold Fischer&lt;\/p&gt;\n\" data-image-caption=\"&lt;p&gt;Gothaer Friedensgespr\u00e4ch 2014 &amp;#8222;Die Waffen nieder&amp;#8220; am 28.06.2014, Fotograf: Witold Fischer&lt;\/p&gt;\n\" data-large-file=\"https:\/\/i0.wp.com\/www.thueringen.freidenker.org\/cms\/wp-content\/uploads\/2016\/02\/7.jpg?fit=500%2C375&amp;ssl=1\" \/>\n\t\t\t<\/dt>\n\t\t\t\t<dd class='wp-caption-text gallery-caption' id='gallery-1-108'>\n\t\t\t\tGothaer Friedensgespr\u00e4ch 2014 &#8222;Die Waffen nieder&#8220; am 28.06.2014, Fotograf: Witold Fischer\n\t\t\t\t<\/dd><\/dl><br style=\"clear: both\" \/>\n\t\t<\/div>\n\n<p>&nbsp;<\/p>\n","protected":false},"excerpt":{"rendered":"<p>Impressionen aus dem Leben des Landesverbandes Gothaer Friedensgespr\u00e4ch 2014 &#8222;Die Waffen nieder&#8220; am 2014.06.28 Fotos:\u00a0Witold\u00a0Fischer &nbsp;<\/p>\n","protected":false},"author":1,"featured_media":0,"parent":0,"menu_order":60,"comment_status":"closed","ping_status":"closed","template":"","meta":{"footnotes":""},"class_list":["post-38","page","type-page","status-publish","hentry"],"jetpack_shortlink":"https:\/\/wp.me\/P7cwsB-C","jetpack-related-posts":[{"id":215,"url":"https:\/\/www.thueringen.freidenker.org\/index.php\/kreisverbaende\/kv-jena\/texte\/feuer\/","url_meta":{"origin":38,"position":0},"title":"FEUER!","author":"Webmaster","date":"3. Februar 2016","format":false,"excerpt":"Feuer fasziniert immer wieder. Es zieht die Leute an: Wo es brennt, da laufen die Menschen hin oder zumindest sehen sie hin. Und doch wird auch vor ihm gewarnt: Spiel nicht mit dem Feuer, warnt man Kinder, und der Vorwurf, mit dem Feuer zu spielen, richtet sich an manche Politiker,\u2026","rel":"","context":"\u00c4hnlicher Beitrag","block_context":{"text":"\u00c4hnlicher Beitrag","link":""},"img":{"alt_text":"","src":"","width":0,"height":0},"classes":[]},{"id":168,"url":"https:\/\/www.thueringen.freidenker.org\/index.php\/kreisverbaende\/kv-greiz\/aktuelles\/","url_meta":{"origin":38,"position":1},"title":"Aktuelles","author":"Webmaster","date":"3. Februar 2016","format":false,"excerpt":"DieLinke.Greiz\u00a0\u00a0\u00a0\u00a0\u00a0\u00a0 \u00a0 \u00a0 \u00a0 \u00a0 \u00a0 \u00a0 \u00a0 \u00a0 \u00a0 \u00a0 \u00a0 \u00a0 \u00a0 \u00a0 \u00a0 \u00a0 \u00a0 \u00a0 \u00a0 \u00a0 \u00a0 \u00a0 \u00a0 \u00a0 \u00a0 \u00a0 \u00a0 \u00a0 \u00a0 \u00a0 \u00a0\u00a0 \u00a0 \u00a0\u00a0 \u00a0\u00a0\u00a0\u00a0\u00a0\u00a0 Deutscher Freidenker-Verband Kranzniederlegung zum 81.Jahrestag der Befreiung vom Faschismus Die Befreiung vom Faschismus durch die\u2026","rel":"","context":"\u00c4hnlicher Beitrag","block_context":{"text":"\u00c4hnlicher Beitrag","link":""},"img":{"alt_text":"","src":"https:\/\/i0.wp.com\/www.thueringen.freidenker.org\/cms\/wp-content\/uploads\/2024\/10\/Im-Barbur-Garten-3.jpg?resize=350%2C200&ssl=1","width":350,"height":200,"srcset":"https:\/\/i0.wp.com\/www.thueringen.freidenker.org\/cms\/wp-content\/uploads\/2024\/10\/Im-Barbur-Garten-3.jpg?resize=350%2C200&ssl=1 1x, https:\/\/i0.wp.com\/www.thueringen.freidenker.org\/cms\/wp-content\/uploads\/2024\/10\/Im-Barbur-Garten-3.jpg?resize=525%2C300&ssl=1 1.5x"},"classes":[]},{"id":204,"url":"https:\/\/www.thueringen.freidenker.org\/index.php\/kreisverbaende\/kv-jena\/texte\/offener-brief-an-margot-hocecker\/","url_meta":{"origin":38,"position":2},"title":"Offener Brief an Margot Honecker","author":"Webmaster","date":"3. Februar 2016","format":false,"excerpt":"Liebe Margot Honecker! Hiermit m\u00f6chten wir Dich als h\u00f6chste Repr\u00e4sentantin des bisher weltbesten Volksbildungswesens nach Deutschland einladen. Das den ostdeutschen Bundesl\u00e4ndern mittels sogenannter Patenschaften westdeutscher Bundesl\u00e4nder \u00fcbergest\u00fclpte dreigliedrige Bildungswesen und die Verwerfungen durch die sogenannte Reformp\u00e4dagogik haben die Volksbildung in ihren Grundlagen ersch\u00fcttert. Die hinzukommende Unterfinanzierung zu Gunsten des Finanzkapitals\u2026","rel":"","context":"\u00c4hnlicher Beitrag","block_context":{"text":"\u00c4hnlicher Beitrag","link":""},"img":{"alt_text":"","src":"","width":0,"height":0},"classes":[]},{"id":242,"url":"https:\/\/www.thueringen.freidenker.org\/index.php\/kreisverbaende\/kv-jena\/texte\/zur-verdraengung-der-deutschen-sprache-aus-dem-bildungsprogramm\/","url_meta":{"origin":38,"position":3},"title":"Zur Verdr\u00e4ngung der deutschen Sprache aus dem Bildungsprogramm","author":"Webmaster","date":"3. Februar 2016","format":false,"excerpt":"Herr Prof. Christian Meier, Pr\u00e4sident der Deutsche Akademie der Sprache und Dichtung findet in einem Interview mit dem ND vom 29.10.2001 den Einflu\u00df der englischen Sprache auf die deutsche vor allem bereichernd. Das hat wohl seinen Hintergrund darin, da\u00df sich der uniforme, amerikanisierte Mensch, des Englischen vor allen anderen Sprachen\u2026","rel":"","context":"\u00c4hnlicher Beitrag","block_context":{"text":"\u00c4hnlicher Beitrag","link":""},"img":{"alt_text":"","src":"","width":0,"height":0},"classes":[]},{"id":236,"url":"https:\/\/www.thueringen.freidenker.org\/index.php\/kreisverbaende\/kv-jena\/texte\/zum-fall-rosemarie-albrecht-staatlich-sanktionierter-rufmord\/","url_meta":{"origin":38,"position":4},"title":"Zum &#8222;Fall Rosemarie Albrecht, staatlich sanktionierter Rufmord?&#8220;","author":"Webmaster","date":"3. Februar 2016","format":false,"excerpt":"Kurzfassung Stefan Otto \/ Zwickau geboren in Jena, lebte dort \u00fcber 20 Jahre in der Prof.-Ibrahim-Stra\u00dfe 16, in der Stra\u00dfe, wo auch Frau Prof. Albrecht noch heute wohnt. Nun hat es die OTZ am 21.09. dargelegt: Es gibt stichhaltige Gutachten, dass auch die letzte der angeblich 159 von Frau Professor\u2026","rel":"","context":"\u00c4hnlicher Beitrag","block_context":{"text":"\u00c4hnlicher Beitrag","link":""},"img":{"alt_text":"","src":"","width":0,"height":0},"classes":[]},{"id":229,"url":"https:\/\/www.thueringen.freidenker.org\/index.php\/kreisverbaende\/kv-jena\/texte\/religionskritik-und-materialismus-eine-einfuehrung-in-das-philosophische-werk-und-wirken-ludwig-feuerbachs\/","url_meta":{"origin":38,"position":5},"title":"Religionskritik und Materialismus &#8211; eine Einf\u00fchrung in das philosophische Werk und Wirken Ludwig Feuerbachs","author":"Webmaster","date":"3. Februar 2016","format":false,"excerpt":"Vorwort von Hans-G\u00fcnter Eschke Ich will noch auf eines aufmerksam machen, was vielleicht zum Vorspann zum besseren Verst\u00e4ndnis f\u00fcr den Leser dienen kann: Das offizielle Deutschland begeht ein Kant-Jahr und vergeht sich - vereinzelte Publikationen Zeigen - teilweise an ihm. Wir Freidenker haben zum Feuerbach-Jahr aufgerufen. Ich habe mich darum\u2026","rel":"","context":"\u00c4hnlicher Beitrag","block_context":{"text":"\u00c4hnlicher Beitrag","link":""},"img":{"alt_text":"","src":"","width":0,"height":0},"classes":[]}],"jetpack_sharing_enabled":true,"_links":{"self":[{"href":"https:\/\/www.thueringen.freidenker.org\/index.php\/wp-json\/wp\/v2\/pages\/38","targetHints":{"allow":["GET"]}}],"collection":[{"href":"https:\/\/www.thueringen.freidenker.org\/index.php\/wp-json\/wp\/v2\/pages"}],"about":[{"href":"https:\/\/www.thueringen.freidenker.org\/index.php\/wp-json\/wp\/v2\/types\/page"}],"author":[{"embeddable":true,"href":"https:\/\/www.thueringen.freidenker.org\/index.php\/wp-json\/wp\/v2\/users\/1"}],"replies":[{"embeddable":true,"href":"https:\/\/www.thueringen.freidenker.org\/index.php\/wp-json\/wp\/v2\/comments?post=38"}],"version-history":[{"count":9,"href":"https:\/\/www.thueringen.freidenker.org\/index.php\/wp-json\/wp\/v2\/pages\/38\/revisions"}],"predecessor-version":[{"id":2208,"href":"https:\/\/www.thueringen.freidenker.org\/index.php\/wp-json\/wp\/v2\/pages\/38\/revisions\/2208"}],"wp:attachment":[{"href":"https:\/\/www.thueringen.freidenker.org\/index.php\/wp-json\/wp\/v2\/media?parent=38"}],"curies":[{"name":"wp","href":"https:\/\/api.w.org\/{rel}","templated":true}]}}