{"id":346,"date":"2016-02-08T12:44:52","date_gmt":"2016-02-08T11:44:52","guid":{"rendered":"http:\/\/www.thueringen.freidenker.org\/cms\/?page_id=346"},"modified":"2024-03-07T11:25:28","modified_gmt":"2024-03-07T10:25:28","slug":"kontakt","status":"publish","type":"page","link":"https:\/\/www.thueringen.freidenker.org\/index.php\/kontakt\/","title":{"rendered":"Kontakt"},"content":{"rendered":"<p><strong>Nehmen Sie mit uns Kontakt auf<\/strong>, rufen Sie uns an, schreiben Sie uns eine E-Mail an <a href=\"mailto:dfv-thueringen@freidenker.org\"><strong>dfv-thueringen@freidenker.org<\/strong><\/a> oder aber einen Brief an<strong><br \/>\n<\/strong><\/p>\n<p><strong>Deutscher Freidenkerverband Th\u00fcringen e.V.<br \/>\n<\/strong>c\/o Heike Cienskowski<br \/>\nAm Brand 18<br \/>\n07973 Greiz<\/p>\n<p>Telefon: 03661-434774<br \/>\nMobil: 0160-1800876<\/p>\n","protected":false},"excerpt":{"rendered":"<p>Nehmen Sie mit uns Kontakt auf, rufen Sie uns an, schreiben Sie uns eine E-Mail an dfv-thueringen@freidenker.org oder aber einen Brief an Deutscher Freidenkerverband Th\u00fcringen e.V. c\/o Heike Cienskowski Am Brand 18 07973 Greiz Telefon: 03661-434774 Mobil: 0160-1800876<\/p>\n","protected":false},"author":1,"featured_media":0,"parent":0,"menu_order":71,"comment_status":"closed","ping_status":"closed","template":"","meta":{"footnotes":""},"class_list":["post-346","page","type-page","status-publish","hentry"],"jetpack_shortlink":"https:\/\/wp.me\/P7cwsB-5A","jetpack-related-posts":[{"id":233,"url":"https:\/\/www.thueringen.freidenker.org\/index.php\/kreisverbaende\/kv-jena\/texte\/angst\/","url_meta":{"origin":346,"position":0},"title":"ANGST","author":"Webmaster","date":"3. Februar 2016","format":false,"excerpt":"Zentrales Element ihrer (Un-)Kultur Zun\u00e4chst ein paar Fallbeispiele aus verschiedenen Teilen unseres Kontinentes: 1. 10.00 Uhr am vormittag in einer Millionenstadt. Ich klingele an der Haust\u00fcr eines Mehrgeschossers. Die Inhaberin spricht mit mir \u00fcber die Wechselsprechanlage. Drau\u00dfen normaler Betrieb. Gen\u00fcgend Leute und alles. Ich stelle mich vor als Gesandter von\u2026","rel":"","context":"\u00c4hnlicher Beitrag","block_context":{"text":"\u00c4hnlicher Beitrag","link":""},"img":{"alt_text":"","src":"","width":0,"height":0},"classes":[]},{"id":32,"url":"https:\/\/www.thueringen.freidenker.org\/index.php\/archiv\/","url_meta":{"origin":346,"position":1},"title":"Archiv","author":"Webmaster","date":"2. Februar 2016","format":false,"excerpt":"\u201eDas sechzehnte Jahrhundert zerrei\u00dft die Glaubenseinheit. Vor der Buchdruckerkunst w\u00e4re die Reformation nur eine Spaltung gewesen, die Erfindung des Buchdruckes macht sie zur Revolution. Man nehme die Presse weg, und die Ketzerei ist wirkungslos. Mag das verh\u00e4ngnisvoll oder von der Vorsehung bestimmt sein: Guttenberg ist der Vorl\u00e4ufer Luthers.\u201c [Hugo: Der\u2026","rel":"","context":"\u00c4hnlicher Beitrag","block_context":{"text":"\u00c4hnlicher Beitrag","link":""},"img":{"alt_text":"","src":"","width":0,"height":0},"classes":[]},{"id":218,"url":"https:\/\/www.thueringen.freidenker.org\/index.php\/kreisverbaende\/kv-jena\/texte\/was-kann-psychologie-und-was-kann-sie-nicht\/","url_meta":{"origin":346,"position":2},"title":"Was kann Psychologie und was kann sie nicht?","author":"Webmaster","date":"3. Februar 2016","format":false,"excerpt":"Die Veranstaltung unserer Ortsgruppe unter diesem Thema sollte dazu beitragen, als Einf\u00fchrung in das Thema Psychologie den Gegenstand des Faches abzugrenzen. Worin besteht dieser Gegenstand ? Die Anwesenden kamen gewi\u00df zu unterschiedlichen Schlu\u00dffolgerungen aus den Darlegungen des Referenten Dr. Matthias John, der einen \u00dcberblick \u00fcber alles gab, was unter dem\u2026","rel":"","context":"\u00c4hnlicher Beitrag","block_context":{"text":"\u00c4hnlicher Beitrag","link":""},"img":{"alt_text":"","src":"","width":0,"height":0},"classes":[]},{"id":215,"url":"https:\/\/www.thueringen.freidenker.org\/index.php\/kreisverbaende\/kv-jena\/texte\/feuer\/","url_meta":{"origin":346,"position":3},"title":"FEUER!","author":"Webmaster","date":"3. Februar 2016","format":false,"excerpt":"Feuer fasziniert immer wieder. Es zieht die Leute an: Wo es brennt, da laufen die Menschen hin oder zumindest sehen sie hin. Und doch wird auch vor ihm gewarnt: Spiel nicht mit dem Feuer, warnt man Kinder, und der Vorwurf, mit dem Feuer zu spielen, richtet sich an manche Politiker,\u2026","rel":"","context":"\u00c4hnlicher Beitrag","block_context":{"text":"\u00c4hnlicher Beitrag","link":""},"img":{"alt_text":"","src":"","width":0,"height":0},"classes":[]},{"id":221,"url":"https:\/\/www.thueringen.freidenker.org\/index.php\/kreisverbaende\/kv-jena\/texte\/die-wuerde-des-menschen-grundfrage-unserer-zeit\/","url_meta":{"origin":346,"position":4},"title":"Die W\u00fcrde des Menschen (Grundfrage unserer Zeit)","author":"Webmaster","date":"3. Februar 2016","format":false,"excerpt":"von Hans-G\u00fcnter Eschke 1. Entfremdung ( Selbstfindung -W\u00fcrde des Menschen) Gegenw\u00e4rtig ist die Menschenw\u00fcrde weltweit praktisch wie theoretisch harten Pr\u00fcfungen unterworfen. \u00dcberall gehen Wandlungen vor sich, die tief in die Lebensqualit\u00e4t der V\u00f6lker und der sie tragenden Individuen eingreifen. Dabei machen sich mit gro\u00dfer Intensit\u00e4t gegenl\u00e4ufige Tendenzen zwischen dem wachsenden\u2026","rel":"","context":"\u00c4hnlicher Beitrag","block_context":{"text":"\u00c4hnlicher Beitrag","link":""},"img":{"alt_text":"","src":"","width":0,"height":0},"classes":[]},{"id":173,"url":"https:\/\/www.thueringen.freidenker.org\/index.php\/kreisverbaende\/kv-greiz\/texte\/","url_meta":{"origin":346,"position":5},"title":"Texte","author":"Webmaster","date":"3. Februar 2016","format":false,"excerpt":"Texte von Rudi W. Berger Vom heiligen Krieg Vorsicht, da schleiche sie, die finstere, b\u00e4rtige Gestalt. Vom Dunst des Koran eingeh\u00fcllt sie sinne auf Gewalt? Wer dirigiert da F\u00e4uste, Drohnen, Kanonen und setzt Noten dieser t\u00f6dlichen Musik: Kreuz kontra Halbmond, kontra Stern? Meinst Du, der Moslem will diesen Krieg? Bald\u2026","rel":"","context":"\u00c4hnlicher Beitrag","block_context":{"text":"\u00c4hnlicher Beitrag","link":""},"img":{"alt_text":"","src":"","width":0,"height":0},"classes":[]}],"jetpack_sharing_enabled":true,"_links":{"self":[{"href":"https:\/\/www.thueringen.freidenker.org\/index.php\/wp-json\/wp\/v2\/pages\/346","targetHints":{"allow":["GET"]}}],"collection":[{"href":"https:\/\/www.thueringen.freidenker.org\/index.php\/wp-json\/wp\/v2\/pages"}],"about":[{"href":"https:\/\/www.thueringen.freidenker.org\/index.php\/wp-json\/wp\/v2\/types\/page"}],"author":[{"embeddable":true,"href":"https:\/\/www.thueringen.freidenker.org\/index.php\/wp-json\/wp\/v2\/users\/1"}],"replies":[{"embeddable":true,"href":"https:\/\/www.thueringen.freidenker.org\/index.php\/wp-json\/wp\/v2\/comments?post=346"}],"version-history":[{"count":12,"href":"https:\/\/www.thueringen.freidenker.org\/index.php\/wp-json\/wp\/v2\/pages\/346\/revisions"}],"predecessor-version":[{"id":1997,"href":"https:\/\/www.thueringen.freidenker.org\/index.php\/wp-json\/wp\/v2\/pages\/346\/revisions\/1997"}],"wp:attachment":[{"href":"https:\/\/www.thueringen.freidenker.org\/index.php\/wp-json\/wp\/v2\/media?parent=346"}],"curies":[{"name":"wp","href":"https:\/\/api.w.org\/{rel}","templated":true}]}}