{"id":27,"date":"2016-02-02T12:19:57","date_gmt":"2016-02-02T11:19:57","guid":{"rendered":"http:\/\/www.thueringen.freidenker.org\/cms\/?page_id=27"},"modified":"2016-02-03T11:43:27","modified_gmt":"2016-02-03T10:43:27","slug":"lebenshilfe","status":"publish","type":"page","link":"https:\/\/www.thueringen.freidenker.org\/index.php\/lebenshilfe\/","title":{"rendered":"Lebenshilfe"},"content":{"rendered":"<p>Menschen auch Lebenshilfe f\u00fcr ein selbstbestimmtes Leben zu geben, das ist eine der satzungsm\u00e4\u00dfige Aufgaben des DFV.<\/p>\n<p>Jeder Mensch kann, unabh\u00e4ngig vom Lebensalter, pl\u00f6tzlich in eine Situation geraten, in der er nicht mehr seinen Willen bekunden kann, in der er keine Rechtsgesch\u00e4fte mehr vornehmen kann: Ein Verkehrsunfall mit schweren Sch\u00e4delverletzungen, ein Gehirnschlag mit anschlie\u00dfender Bewu\u00dftlosigkeit, ein Herzinfakt&#8230; All das kann von einem Moment auf den anderen dazu f\u00fchren, da\u00df man nicht mehr selbstverantwortlich handeln kann.<\/p>\n<p>Hierf\u00fcr kann man jedoch rechtzeitig Vorsorge treffen mittels einer<\/p>\n<p><a href=\"http:\/\/www.thueringen.freidenker.org\/cms\/wp-content\/uploads\/2016\/02\/vorsorgevollmacht.pdf\" target=\"_blank\" rel=\"\">Vorsorgevollmacht<\/a> (PDF-Dokument, ca. 489 KB)<\/p>\n<p>Eine solche Vollmacht erm\u00f6glicht ein hohes Ma\u00df an Selbstbestimmung. Unser o.g. genanntes und vom Justizministerium empfohlenes Formular ist hierf\u00fcr schon eine gro\u00dfe Hilfe.<\/p>\n<p>Wer jedoch noch sicherer gehen m\u00f6chte, kann sich an einen Rechtsanwalt, an Sozialverb\u00e4nde oder an die \u00f6rtlichen Betreuungsbeh\u00f6rden wenden. Letztere gibt es in allen Landrats\u00e4mtern sowie in den Rath\u00e4usern der kreisfreien St\u00e4dte.<\/p>\n<p>Rechtlich nicht ganz so einfach ist es mit einer<\/p>\n<p><a id=\"fm_file\" title=\"Patientenverf\u00fcgung\" href=\"http:\/\/www.bmj.de\/SharedDocs\/Downloads\/DE\/pdfs\/Patientenverfuegung.html;jsessionid=2760C75188A272D7B631C93C2621ED48.1_cid093\" target=\"_blank\">Patientenverf\u00fcgung<\/a>\u00a0(Link zum BMJ)<\/p>\n<p>Eine Brosch\u00fcre des Bundesjustizministerimus\u00a0gibt wichtige Hinweise.<\/p>\n","protected":false},"excerpt":{"rendered":"<p>Menschen auch Lebenshilfe f\u00fcr ein selbstbestimmtes Leben zu geben, das ist eine der satzungsm\u00e4\u00dfige Aufgaben des DFV. Jeder Mensch kann, unabh\u00e4ngig vom Lebensalter, pl\u00f6tzlich in eine Situation geraten, in der er nicht mehr seinen Willen bekunden kann, in der er keine Rechtsgesch\u00e4fte mehr vornehmen kann: Ein Verkehrsunfall mit schweren Sch\u00e4delverletzungen, ein Gehirnschlag mit anschlie\u00dfender Bewu\u00dftlosigkeit, [&hellip;]<\/p>\n","protected":false},"author":1,"featured_media":0,"parent":0,"menu_order":45,"comment_status":"closed","ping_status":"closed","template":"","meta":{"jetpack_post_was_ever_published":false,"footnotes":""},"class_list":["post-27","page","type-page","status-publish","hentry"],"jetpack_shortlink":"https:\/\/wp.me\/P7cwsB-r","jetpack-related-posts":[{"id":218,"url":"https:\/\/www.thueringen.freidenker.org\/index.php\/kreisverbaende\/kv-jena\/texte\/was-kann-psychologie-und-was-kann-sie-nicht\/","url_meta":{"origin":27,"position":0},"title":"Was kann Psychologie und was kann sie nicht?","author":"Webmaster","date":"3. Februar 2016","format":false,"excerpt":"Die Veranstaltung unserer Ortsgruppe unter diesem Thema sollte dazu beitragen, als Einf\u00fchrung in das Thema Psychologie den Gegenstand des Faches abzugrenzen. Worin besteht dieser Gegenstand ? Die Anwesenden kamen gewi\u00df zu unterschiedlichen Schlu\u00dffolgerungen aus den Darlegungen des Referenten Dr. Matthias John, der einen \u00dcberblick \u00fcber alles gab, was unter dem\u2026","rel":"","context":"\u00c4hnlicher Beitrag","block_context":{"text":"\u00c4hnlicher Beitrag","link":""},"img":{"alt_text":"","src":"","width":0,"height":0},"classes":[]},{"id":233,"url":"https:\/\/www.thueringen.freidenker.org\/index.php\/kreisverbaende\/kv-jena\/texte\/angst\/","url_meta":{"origin":27,"position":1},"title":"ANGST","author":"Webmaster","date":"3. Februar 2016","format":false,"excerpt":"Zentrales Element ihrer (Un-)Kultur Zun\u00e4chst ein paar Fallbeispiele aus verschiedenen Teilen unseres Kontinentes: 1. 10.00 Uhr am vormittag in einer Millionenstadt. Ich klingele an der Haust\u00fcr eines Mehrgeschossers. Die Inhaberin spricht mit mir \u00fcber die Wechselsprechanlage. Drau\u00dfen normaler Betrieb. Gen\u00fcgend Leute und alles. Ich stelle mich vor als Gesandter von\u2026","rel":"","context":"\u00c4hnlicher Beitrag","block_context":{"text":"\u00c4hnlicher Beitrag","link":""},"img":{"alt_text":"","src":"","width":0,"height":0},"classes":[]},{"id":19,"url":"https:\/\/www.thueringen.freidenker.org\/index.php\/themen\/","url_meta":{"origin":27,"position":2},"title":"Themen","author":"Webmaster","date":"2. Februar 2016","format":false,"excerpt":"\u00dcber die anderthalbj\u00e4hrige Geschichte der DDR-Freidenker WEIMAR. (fgw) Die Geschichte der DDR-Freidenker (Verband der Freidenker \u2013 VdF) w\u00e4hrte nur gut eineinhalb Jahre \u2013 von der Initiiierung \u201evon oben\u201c im Herbst 1988 \u00fcber die offizielle Verbandsgr\u00fcndung im Juni 1989 und ihrem organisatorischen Ende im Sommer 1990. Danach verlieren sich die Spuren\u2026","rel":"","context":"\u00c4hnlicher Beitrag","block_context":{"text":"\u00c4hnlicher Beitrag","link":""},"img":{"alt_text":"","src":"https:\/\/i0.wp.com\/www.freigeist-weimar.de\/clear.gif?resize=350%2C200","width":350,"height":200},"classes":[]},{"id":229,"url":"https:\/\/www.thueringen.freidenker.org\/index.php\/kreisverbaende\/kv-jena\/texte\/religionskritik-und-materialismus-eine-einfuehrung-in-das-philosophische-werk-und-wirken-ludwig-feuerbachs\/","url_meta":{"origin":27,"position":3},"title":"Religionskritik und Materialismus &#8211; eine Einf\u00fchrung in das philosophische Werk und Wirken Ludwig Feuerbachs","author":"Webmaster","date":"3. Februar 2016","format":false,"excerpt":"Vorwort von Hans-G\u00fcnter Eschke Ich will noch auf eines aufmerksam machen, was vielleicht zum Vorspann zum besseren Verst\u00e4ndnis f\u00fcr den Leser dienen kann: Das offizielle Deutschland begeht ein Kant-Jahr und vergeht sich - vereinzelte Publikationen Zeigen - teilweise an ihm. Wir Freidenker haben zum Feuerbach-Jahr aufgerufen. Ich habe mich darum\u2026","rel":"","context":"\u00c4hnlicher Beitrag","block_context":{"text":"\u00c4hnlicher Beitrag","link":""},"img":{"alt_text":"","src":"","width":0,"height":0},"classes":[]},{"id":236,"url":"https:\/\/www.thueringen.freidenker.org\/index.php\/kreisverbaende\/kv-jena\/texte\/zum-fall-rosemarie-albrecht-staatlich-sanktionierter-rufmord\/","url_meta":{"origin":27,"position":4},"title":"Zum &#8222;Fall Rosemarie Albrecht, staatlich sanktionierter Rufmord?&#8220;","author":"Webmaster","date":"3. Februar 2016","format":false,"excerpt":"Kurzfassung Stefan Otto \/ Zwickau geboren in Jena, lebte dort \u00fcber 20 Jahre in der Prof.-Ibrahim-Stra\u00dfe 16, in der Stra\u00dfe, wo auch Frau Prof. Albrecht noch heute wohnt. Nun hat es die OTZ am 21.09. dargelegt: Es gibt stichhaltige Gutachten, dass auch die letzte der angeblich 159 von Frau Professor\u2026","rel":"","context":"\u00c4hnlicher Beitrag","block_context":{"text":"\u00c4hnlicher Beitrag","link":""},"img":{"alt_text":"","src":"","width":0,"height":0},"classes":[]},{"id":215,"url":"https:\/\/www.thueringen.freidenker.org\/index.php\/kreisverbaende\/kv-jena\/texte\/feuer\/","url_meta":{"origin":27,"position":5},"title":"FEUER!","author":"Webmaster","date":"3. Februar 2016","format":false,"excerpt":"Feuer fasziniert immer wieder. Es zieht die Leute an: Wo es brennt, da laufen die Menschen hin oder zumindest sehen sie hin. Und doch wird auch vor ihm gewarnt: Spiel nicht mit dem Feuer, warnt man Kinder, und der Vorwurf, mit dem Feuer zu spielen, richtet sich an manche Politiker,\u2026","rel":"","context":"\u00c4hnlicher Beitrag","block_context":{"text":"\u00c4hnlicher Beitrag","link":""},"img":{"alt_text":"","src":"","width":0,"height":0},"classes":[]}],"jetpack_sharing_enabled":true,"_links":{"self":[{"href":"https:\/\/www.thueringen.freidenker.org\/index.php\/wp-json\/wp\/v2\/pages\/27","targetHints":{"allow":["GET"]}}],"collection":[{"href":"https:\/\/www.thueringen.freidenker.org\/index.php\/wp-json\/wp\/v2\/pages"}],"about":[{"href":"https:\/\/www.thueringen.freidenker.org\/index.php\/wp-json\/wp\/v2\/types\/page"}],"author":[{"embeddable":true,"href":"https:\/\/www.thueringen.freidenker.org\/index.php\/wp-json\/wp\/v2\/users\/1"}],"replies":[{"embeddable":true,"href":"https:\/\/www.thueringen.freidenker.org\/index.php\/wp-json\/wp\/v2\/comments?post=27"}],"version-history":[{"count":6,"href":"https:\/\/www.thueringen.freidenker.org\/index.php\/wp-json\/wp\/v2\/pages\/27\/revisions"}],"predecessor-version":[{"id":87,"href":"https:\/\/www.thueringen.freidenker.org\/index.php\/wp-json\/wp\/v2\/pages\/27\/revisions\/87"}],"wp:attachment":[{"href":"https:\/\/www.thueringen.freidenker.org\/index.php\/wp-json\/wp\/v2\/media?parent=27"}],"curies":[{"name":"wp","href":"https:\/\/api.w.org\/{rel}","templated":true}]}}