{"id":197,"date":"2016-02-03T18:57:57","date_gmt":"2016-02-03T17:57:57","guid":{"rendered":"http:\/\/www.thueringen.freidenker.org\/cms\/?page_id=197"},"modified":"2022-07-18T14:37:55","modified_gmt":"2022-07-18T12:37:55","slug":"texte","status":"publish","type":"page","link":"https:\/\/www.thueringen.freidenker.org\/index.php\/kreisverbaende\/kv-jena\/texte\/","title":{"rendered":"Texte"},"content":{"rendered":"<p><a href=\"https:\/\/www.thueringen.freidenker.org\/cms\/wp-content\/uploads\/2019\/09\/2019-08-13-Sarr-letzt-Bearb-ohne-K\u00e4st-1.odt\">Klaus Otto: Herrn Sarrazins feindliche Manipulationen<\/a><\/p>\n<p><a href=\"http:\/\/www.thueringen.freidenker.org\/index.php\/kreisverbaende\/kv-jena\/texte\/angst\/\" target=\"_blank\" rel=\"noopener noreferrer\">Witold Fischer: Angst<\/a><\/p>\n<p><a href=\"https:\/\/www.thueringen.freidenker.org\/cms\/wp-content\/uploads\/2022\/07\/Klaus-Otto-zu-LdJS-Ibrahim.odt\">Zu den fortgesetzten Verleumdungen verdienter \u00c4rzte<\/a><\/p>\n","protected":false},"excerpt":{"rendered":"<p>Klaus Otto: Herrn Sarrazins feindliche Manipulationen Witold Fischer: Angst Zu den fortgesetzten Verleumdungen verdienter \u00c4rzte<\/p>\n","protected":false},"author":1,"featured_media":0,"parent":50,"menu_order":108,"comment_status":"closed","ping_status":"closed","template":"","meta":{"jetpack_post_was_ever_published":false,"footnotes":""},"class_list":["post-197","page","type-page","status-publish","hentry"],"jetpack_shortlink":"https:\/\/wp.me\/P7cwsB-3b","jetpack-related-posts":[{"id":50,"url":"https:\/\/www.thueringen.freidenker.org\/index.php\/kreisverbaende\/kv-jena\/","url_meta":{"origin":197,"position":0},"title":"KV Jena","author":"Webmaster","date":"2. Februar 2016","format":false,"excerpt":"Willkommen auf den Internetseiten des im Jahre 1993 gegr\u00fcndeten Kreisverbandes Jena. Auf unserer Internetpr\u00e4sentation finden Sie Aktuelles, Informationen, Positionen, Texte sowie weitere Angebote unseres Kreisverbandes. Verantwortlich f\u00fcr den Inhalt ist: Witold Fischer, Kreisvorsitzender (V.i.S.d.P.) E-Mail: dfv-jena@freidenker.org Namentlich gekennzeichnete Beitr\u00e4ge geben die Meinung des jeweiligen Autors wieder.","rel":"","context":"\u00c4hnlicher Beitrag","block_context":{"text":"\u00c4hnlicher Beitrag","link":""},"img":{"alt_text":"Zentrum Jenas 24-05-2008 (Wikipedia, Henry M\u00fchlpfordt, CC BY-SA 3.0)","src":"https:\/\/i0.wp.com\/www.thueringen.freidenker.org\/cms\/wp-content\/uploads\/2016\/02\/Zentrum_Jenas_2008-05-24.jpg?resize=350%2C200","width":350,"height":200},"classes":[]},{"id":233,"url":"https:\/\/www.thueringen.freidenker.org\/index.php\/kreisverbaende\/kv-jena\/texte\/angst\/","url_meta":{"origin":197,"position":1},"title":"ANGST","author":"Webmaster","date":"3. Februar 2016","format":false,"excerpt":"Zentrales Element ihrer (Un-)Kultur Zun\u00e4chst ein paar Fallbeispiele aus verschiedenen Teilen unseres Kontinentes: 1. 10.00 Uhr am vormittag in einer Millionenstadt. Ich klingele an der Haust\u00fcr eines Mehrgeschossers. Die Inhaberin spricht mit mir \u00fcber die Wechselsprechanlage. Drau\u00dfen normaler Betrieb. Gen\u00fcgend Leute und alles. Ich stelle mich vor als Gesandter von\u2026","rel":"","context":"\u00c4hnlicher Beitrag","block_context":{"text":"\u00c4hnlicher Beitrag","link":""},"img":{"alt_text":"","src":"","width":0,"height":0},"classes":[]},{"id":38,"url":"https:\/\/www.thueringen.freidenker.org\/index.php\/impressionen\/","url_meta":{"origin":197,"position":2},"title":"Impressionen","author":"Webmaster","date":"2. Februar 2016","format":false,"excerpt":"Impressionen aus dem Leben des Landesverbandes Gothaer Friedensgespr\u00e4ch 2014 \"Die Waffen nieder\" am 2014.06.28 Fotos:\u00a0Witold\u00a0Fischer \u00a0","rel":"","context":"\u00c4hnlicher Beitrag","block_context":{"text":"\u00c4hnlicher Beitrag","link":""},"img":{"alt_text":"","src":"https:\/\/i0.wp.com\/www.thueringen.freidenker.org\/cms\/wp-content\/uploads\/2016\/02\/1.jpg?resize=350%2C200","width":350,"height":200},"classes":[]},{"id":236,"url":"https:\/\/www.thueringen.freidenker.org\/index.php\/kreisverbaende\/kv-jena\/texte\/zum-fall-rosemarie-albrecht-staatlich-sanktionierter-rufmord\/","url_meta":{"origin":197,"position":3},"title":"Zum &#8222;Fall Rosemarie Albrecht, staatlich sanktionierter Rufmord?&#8220;","author":"Webmaster","date":"3. Februar 2016","format":false,"excerpt":"Kurzfassung Stefan Otto \/ Zwickau geboren in Jena, lebte dort \u00fcber 20 Jahre in der Prof.-Ibrahim-Stra\u00dfe 16, in der Stra\u00dfe, wo auch Frau Prof. Albrecht noch heute wohnt. Nun hat es die OTZ am 21.09. dargelegt: Es gibt stichhaltige Gutachten, dass auch die letzte der angeblich 159 von Frau Professor\u2026","rel":"","context":"\u00c4hnlicher Beitrag","block_context":{"text":"\u00c4hnlicher Beitrag","link":""},"img":{"alt_text":"","src":"","width":0,"height":0},"classes":[]},{"id":239,"url":"https:\/\/www.thueringen.freidenker.org\/index.php\/kreisverbaende\/kv-jena\/texte\/aids-ist-besiegbar\/","url_meta":{"origin":197,"position":4},"title":"AIDS ist besiegbar","author":"Webmaster","date":"3. Februar 2016","format":false,"excerpt":"Neuere Ergebnisse alternativer Behandlungsversuche in Afrika und Europa Seit Prof. Jakob Segal in der Mitte der 1980er Jahre die These formulierte, beim HIV-Virus handele es sich um eine Kombination des f\u00fcr Schafe t\u00f6dlichen Visna-Virus mit einer ca. 300 Nukleotide langen Sequenz des 1975 entdeckten HTLV-I-Virus, hat diese Theorie und die\u2026","rel":"","context":"\u00c4hnlicher Beitrag","block_context":{"text":"\u00c4hnlicher Beitrag","link":""},"img":{"alt_text":"","src":"","width":0,"height":0},"classes":[]},{"id":195,"url":"https:\/\/www.thueringen.freidenker.org\/index.php\/kreisverbaende\/kv-jena\/vorstand\/","url_meta":{"origin":197,"position":5},"title":"Vorstand","author":"Webmaster","date":"3. Februar 2016","format":false,"excerpt":"Deutscher Freidenker-Verband, Landesverband Th\u00fcringen e.V., Kreisverband Jena Kreisvorsitzender Witold Fischer Dornburger Stra\u00dfe 149 07743 Jena Tel.: 0160 6517413 E-Mail: dfv-jena@freidenker.org Kassierer Heinz Timm","rel":"","context":"\u00c4hnlicher Beitrag","block_context":{"text":"\u00c4hnlicher Beitrag","link":""},"img":{"alt_text":"","src":"","width":0,"height":0},"classes":[]}],"jetpack_sharing_enabled":true,"_links":{"self":[{"href":"https:\/\/www.thueringen.freidenker.org\/index.php\/wp-json\/wp\/v2\/pages\/197","targetHints":{"allow":["GET"]}}],"collection":[{"href":"https:\/\/www.thueringen.freidenker.org\/index.php\/wp-json\/wp\/v2\/pages"}],"about":[{"href":"https:\/\/www.thueringen.freidenker.org\/index.php\/wp-json\/wp\/v2\/types\/page"}],"author":[{"embeddable":true,"href":"https:\/\/www.thueringen.freidenker.org\/index.php\/wp-json\/wp\/v2\/users\/1"}],"replies":[{"embeddable":true,"href":"https:\/\/www.thueringen.freidenker.org\/index.php\/wp-json\/wp\/v2\/comments?post=197"}],"version-history":[{"count":24,"href":"https:\/\/www.thueringen.freidenker.org\/index.php\/wp-json\/wp\/v2\/pages\/197\/revisions"}],"predecessor-version":[{"id":1250,"href":"https:\/\/www.thueringen.freidenker.org\/index.php\/wp-json\/wp\/v2\/pages\/197\/revisions\/1250"}],"up":[{"embeddable":true,"href":"https:\/\/www.thueringen.freidenker.org\/index.php\/wp-json\/wp\/v2\/pages\/50"}],"wp:attachment":[{"href":"https:\/\/www.thueringen.freidenker.org\/index.php\/wp-json\/wp\/v2\/media?parent=197"}],"curies":[{"name":"wp","href":"https:\/\/api.w.org\/{rel}","templated":true}]}}