{"id":195,"date":"2016-02-03T18:54:10","date_gmt":"2016-02-03T17:54:10","guid":{"rendered":"http:\/\/www.thueringen.freidenker.org\/cms\/?page_id=195"},"modified":"2016-02-09T09:24:19","modified_gmt":"2016-02-09T08:24:19","slug":"vorstand","status":"publish","type":"page","link":"https:\/\/www.thueringen.freidenker.org\/index.php\/kreisverbaende\/kv-jena\/vorstand\/","title":{"rendered":"Vorstand"},"content":{"rendered":"<h3>Deutscher Freidenker-Verband, Landesverband Th\u00fcringen e.V., Kreisverband Jena<\/h3>\n<p><strong>Kreisvorsitzender<\/strong><br \/>\nWitold Fischer<br \/>\nDornburger Stra\u00dfe 149<br \/>\n07743 Jena<br \/>\nTel.: 0160 6517413<br \/>\nE-Mail: <a href=\"mailto:dfv-jena@freidenker.org\">dfv-jena@freidenker.org<\/a><\/p>\n<p><strong>Kassierer<\/strong><br \/>\nHeinz Timm<\/p>\n","protected":false},"excerpt":{"rendered":"<p>Deutscher Freidenker-Verband, Landesverband Th\u00fcringen e.V., Kreisverband Jena Kreisvorsitzender Witold Fischer Dornburger Stra\u00dfe 149 07743 Jena Tel.: 0160 6517413 E-Mail: dfv-jena@freidenker.org Kassierer Heinz Timm<\/p>\n","protected":false},"author":1,"featured_media":0,"parent":50,"menu_order":107,"comment_status":"closed","ping_status":"closed","template":"","meta":{"jetpack_post_was_ever_published":false,"footnotes":""},"class_list":["post-195","page","type-page","status-publish","hentry"],"jetpack_shortlink":"https:\/\/wp.me\/P7cwsB-39","jetpack-related-posts":[{"id":50,"url":"https:\/\/www.thueringen.freidenker.org\/index.php\/kreisverbaende\/kv-jena\/","url_meta":{"origin":195,"position":0},"title":"KV Jena","author":"Webmaster","date":"2. Februar 2016","format":false,"excerpt":"Willkommen auf den Internetseiten des im Jahre 1993 gegr\u00fcndeten Kreisverbandes Jena. Auf unserer Internetpr\u00e4sentation finden Sie Aktuelles, Informationen, Positionen, Texte sowie weitere Angebote unseres Kreisverbandes. Verantwortlich f\u00fcr den Inhalt ist: Witold Fischer, Kreisvorsitzender (V.i.S.d.P.) E-Mail: dfv-jena@freidenker.org Namentlich gekennzeichnete Beitr\u00e4ge geben die Meinung des jeweiligen Autors wieder.","rel":"","context":"\u00c4hnlicher Beitrag","block_context":{"text":"\u00c4hnlicher Beitrag","link":""},"img":{"alt_text":"Zentrum Jenas 24-05-2008 (Wikipedia, Henry M\u00fchlpfordt, CC BY-SA 3.0)","src":"https:\/\/i0.wp.com\/www.thueringen.freidenker.org\/cms\/wp-content\/uploads\/2016\/02\/Zentrum_Jenas_2008-05-24.jpg?resize=350%2C200","width":350,"height":200},"classes":[]},{"id":197,"url":"https:\/\/www.thueringen.freidenker.org\/index.php\/kreisverbaende\/kv-jena\/texte\/","url_meta":{"origin":195,"position":1},"title":"Texte","author":"Webmaster","date":"3. Februar 2016","format":false,"excerpt":"Klaus Otto: Herrn Sarrazins feindliche Manipulationen Witold Fischer: Angst Zu den fortgesetzten Verleumdungen verdienter \u00c4rzte","rel":"","context":"\u00c4hnlicher Beitrag","block_context":{"text":"\u00c4hnlicher Beitrag","link":""},"img":{"alt_text":"","src":"","width":0,"height":0},"classes":[]},{"id":42,"url":"https:\/\/www.thueringen.freidenker.org\/index.php\/kreisverbaende\/","url_meta":{"origin":195,"position":2},"title":"Kreisverb\u00e4nde","author":"Webmaster","date":"2. Februar 2016","format":false,"excerpt":"Der Deutsche Freidenker-Verband, Landesverband Th\u00fcringen e.V. ist in 4 Kreisverb\u00e4nde unterteilt und zwar: Kreisverband Eisenach - E-Mail: dfv-eisenach@freidenker.org Kreisverband Erfurt - E-Mail: dfv-erfurt@freidenker.org Kreisverband Greiz - E-Mail: dfv-greiz@freidenker.org Kreisverband Jena - E-Mail: dfv-jena@freidenker.org","rel":"","context":"\u00c4hnlicher Beitrag","block_context":{"text":"\u00c4hnlicher Beitrag","link":""},"img":{"alt_text":"Karten\u00fcbersicht - Lage von Th\u00fcringen","src":"https:\/\/i0.wp.com\/www.thueringen.freidenker.org\/cms\/wp-content\/uploads\/2016\/02\/Locator_map_Thuringia_in_Germany.svg_.png?resize=350%2C200","width":350,"height":200},"classes":[]},{"id":239,"url":"https:\/\/www.thueringen.freidenker.org\/index.php\/kreisverbaende\/kv-jena\/texte\/aids-ist-besiegbar\/","url_meta":{"origin":195,"position":3},"title":"AIDS ist besiegbar","author":"Webmaster","date":"3. Februar 2016","format":false,"excerpt":"Neuere Ergebnisse alternativer Behandlungsversuche in Afrika und Europa Seit Prof. Jakob Segal in der Mitte der 1980er Jahre die These formulierte, beim HIV-Virus handele es sich um eine Kombination des f\u00fcr Schafe t\u00f6dlichen Visna-Virus mit einer ca. 300 Nukleotide langen Sequenz des 1975 entdeckten HTLV-I-Virus, hat diese Theorie und die\u2026","rel":"","context":"\u00c4hnlicher Beitrag","block_context":{"text":"\u00c4hnlicher Beitrag","link":""},"img":{"alt_text":"","src":"","width":0,"height":0},"classes":[]},{"id":236,"url":"https:\/\/www.thueringen.freidenker.org\/index.php\/kreisverbaende\/kv-jena\/texte\/zum-fall-rosemarie-albrecht-staatlich-sanktionierter-rufmord\/","url_meta":{"origin":195,"position":4},"title":"Zum &#8222;Fall Rosemarie Albrecht, staatlich sanktionierter Rufmord?&#8220;","author":"Webmaster","date":"3. Februar 2016","format":false,"excerpt":"Kurzfassung Stefan Otto \/ Zwickau geboren in Jena, lebte dort \u00fcber 20 Jahre in der Prof.-Ibrahim-Stra\u00dfe 16, in der Stra\u00dfe, wo auch Frau Prof. Albrecht noch heute wohnt. Nun hat es die OTZ am 21.09. dargelegt: Es gibt stichhaltige Gutachten, dass auch die letzte der angeblich 159 von Frau Professor\u2026","rel":"","context":"\u00c4hnlicher Beitrag","block_context":{"text":"\u00c4hnlicher Beitrag","link":""},"img":{"alt_text":"","src":"","width":0,"height":0},"classes":[]},{"id":215,"url":"https:\/\/www.thueringen.freidenker.org\/index.php\/kreisverbaende\/kv-jena\/texte\/feuer\/","url_meta":{"origin":195,"position":5},"title":"FEUER!","author":"Webmaster","date":"3. Februar 2016","format":false,"excerpt":"Feuer fasziniert immer wieder. Es zieht die Leute an: Wo es brennt, da laufen die Menschen hin oder zumindest sehen sie hin. Und doch wird auch vor ihm gewarnt: Spiel nicht mit dem Feuer, warnt man Kinder, und der Vorwurf, mit dem Feuer zu spielen, richtet sich an manche Politiker,\u2026","rel":"","context":"\u00c4hnlicher Beitrag","block_context":{"text":"\u00c4hnlicher Beitrag","link":""},"img":{"alt_text":"","src":"","width":0,"height":0},"classes":[]}],"jetpack_sharing_enabled":true,"_links":{"self":[{"href":"https:\/\/www.thueringen.freidenker.org\/index.php\/wp-json\/wp\/v2\/pages\/195","targetHints":{"allow":["GET"]}}],"collection":[{"href":"https:\/\/www.thueringen.freidenker.org\/index.php\/wp-json\/wp\/v2\/pages"}],"about":[{"href":"https:\/\/www.thueringen.freidenker.org\/index.php\/wp-json\/wp\/v2\/types\/page"}],"author":[{"embeddable":true,"href":"https:\/\/www.thueringen.freidenker.org\/index.php\/wp-json\/wp\/v2\/users\/1"}],"replies":[{"embeddable":true,"href":"https:\/\/www.thueringen.freidenker.org\/index.php\/wp-json\/wp\/v2\/comments?post=195"}],"version-history":[{"count":2,"href":"https:\/\/www.thueringen.freidenker.org\/index.php\/wp-json\/wp\/v2\/pages\/195\/revisions"}],"predecessor-version":[{"id":367,"href":"https:\/\/www.thueringen.freidenker.org\/index.php\/wp-json\/wp\/v2\/pages\/195\/revisions\/367"}],"up":[{"embeddable":true,"href":"https:\/\/www.thueringen.freidenker.org\/index.php\/wp-json\/wp\/v2\/pages\/50"}],"wp:attachment":[{"href":"https:\/\/www.thueringen.freidenker.org\/index.php\/wp-json\/wp\/v2\/media?parent=195"}],"curies":[{"name":"wp","href":"https:\/\/api.w.org\/{rel}","templated":true}]}}