{"id":173,"date":"2016-02-03T17:44:13","date_gmt":"2016-02-03T16:44:13","guid":{"rendered":"http:\/\/www.thueringen.freidenker.org\/cms\/?page_id=173"},"modified":"2024-02-08T00:32:44","modified_gmt":"2024-02-07T23:32:44","slug":"texte","status":"publish","type":"page","link":"https:\/\/www.thueringen.freidenker.org\/index.php\/kreisverbaende\/kv-greiz\/texte\/","title":{"rendered":"Texte"},"content":{"rendered":"<h3><strong>Texte von Rudi W. Berger<\/strong><\/h3>\n<p><strong>Vom heiligen Krieg<\/strong><\/p>\n<p>Vorsicht, da schleiche sie,<br \/>\ndie finstere, b\u00e4rtige Gestalt.<br \/>\nVom Dunst des Koran eingeh\u00fcllt<br \/>\nsie sinne auf Gewalt?<br \/>\nWer dirigiert da F\u00e4uste, Drohnen, Kanonen<br \/>\nund setzt Noten dieser t\u00f6dlichen Musik:<br \/>\nKreuz kontra Halbmond, kontra Stern?<br \/>\nMeinst Du,<br \/>\nder Moslem will diesen Krieg?<\/p>\n<p>Bald fackelt wer in solcher Nacht.<br \/>\nBomben schmettern und es rinnt Blut.<br \/>\nNoch schwelt der Brand,<br \/>\nda wirft ER aus der Engelsburg<br \/>\nschon wieder neue Glut.<br \/>\nGeschah es aus Versehen?<br \/>\nEin Ketzer, der da Zweifel hegt.<br \/>\nWie, du etwa nicht?<br \/>\nMeinst Du,<br \/>\nder Moslem will diesen Krieg?<\/p>\n<p>Wolken ballen sich am Hindukusch.<br \/>\nDer Falke \u00fcber H\u00fctten,<br \/>\nSchulen und Moscheen kreist.<br \/>\nUnterm Banner Stars und Stripes er<br \/>\nmit dem deutschen Adler fliegt<br \/>\nund die Beute schl\u00e4gt.<br \/>\nMeinst Du,<br \/>\nder Moslem will diesen Krieg?<\/p>\n<p>Gewitter dr\u00f6hnen \u00fcber dem Zweistromland.<br \/>\nBlitze, eisern, sengen dem Muslime den Tisch.<br \/>\nVerkappte R\u00f6mer pr\u00fcgeln<br \/>\nmit Kn\u00fcppeln her vom gro\u00dfen Teich<br \/>\nden Way of Life.<br \/>\nDer da erschlagen liegt,<br \/>\nwer wird es wieder sein?<br \/>\nMeinst Du,<br \/>\nder Moslem will diesen Krieg?<\/p>\n<p>Meere umsp\u00fclen Afrikas Horn,<br \/>\ndort lungern Schiffe, die kommen aus Kiel.<br \/>\nFregatten kreuzen an Libanons Str\u00e4nden,<br \/>\nvor Zedernw\u00e4ldern,<br \/>\ndarin Pal\u00e4stina k\u00e4mpft und weint.<br \/>\nWer l\u00e4sst seine Muskeln spielen<br \/>\nund mischt sich ein?<br \/>\nUnd du, spielst auch du solches Spiel,<br \/>\nweil du meinst,<br \/>\nder Moslem will diesen Krieg?<\/p>\n<p>Kennst Du den K\u00fcstenstreif,<br \/>\nwo die Pistazien und Zypressen bl\u00fchen?<br \/>\nNun Syriens brennendes Land.<br \/>\nWer z\u00fcndelt da, wer?<br \/>\nWann wirft einer schon ins eigene Haus den Brand?<br \/>\nMekkas Heiligtum, die Kaaba ihn ruft.<br \/>\nIm Namen Allahs er leidet<br \/>\nund hofft vor deiner T\u00fcr.<br \/>\nHabe Mut und Herz, rufe ihn herein.<br \/>\nDu und ich,<br \/>\ng\u00f6nne dem Hass keinen Sieg.<br \/>\nMeinst Du noch immer,<br \/>\nder Moslem will diesen Krieg?<\/p>\n<p>Rudi W. Berger, aus \u201eAsyl, Asyl und von meinem Herzen ein St\u00fcck\u201c,<br \/>\nEngelsdorfer Verlag, Leipzig 2015<\/p>\n<p><a id=\"fm_file\" title=\"Poesie provokant\" href=\"https:\/\/www.gutes-lesen.de\/laden\/drandran\/\" target=\"_blank\" rel=\"noopener noreferrer\">Gutes Lesen: <\/a><\/p>\n<p><strong>Dran, dran solang ihr Tag habt<\/strong><br \/>\nSchlachtfeld Literatur \u2013 Schlachtfeld Deutschland<\/p>\n<p>Essayistische Exkurse und ein Credo Poesie<\/p>\n<hr id=\"[object Object]\" \/>\n<p>Handeln ist die Seele der Welt. Diese Maxime des Sturm und Drang z\u00fcndet nicht weniger als die Option der Klassik: Aus dem Inneren hinaus in die Welt! Ihre Erben sch\u00fcren mit gleicher Glut einen st\u00fcrmischen, rigorosen Realismus, den Realismus der Tat. Die Ver\u00e4chter und F\u00e4lscher aber verneinen und suchen zu l\u00f6schen, was nicht zu l\u00f6schen ist: Welt vergessen und verkauft. Welt erniedrigt und beleidigt. Welt prasst, hungert, krankt und wieder dr\u00f6hnt sie im Song der Kanonen made in Germany. Wer sind die Texter? Welche Knechte h\u00e4mmern die t\u00f6dliche Melodie? Wer auf den Schlachtfeldern intoniert und bl\u00e4st sie den Schl\u00e4chtern zur Hatz?<\/p>\n<p>Neun Essays geben Auskunft. Zugleich feiern sie Poesie in Sch\u00f6nheit gegen das Verzagen, gegen Anpassung und Verrat. Liebe gl\u00fcht, Mut und der Hass auch. Einer, der f\u00fcr seinen Gott sterben muss, wei\u00df dennoch: Nicht aufgeben, es koste, was es wolle.<\/p>\n<hr id=\"[object Object]\" \/>\n<p>Taschenbuch, 265 Seiten, Juli 2013<\/p>\n<p>&nbsp;<\/p>\n<h3>Lyrik von Reiner Karg<\/h3>\n<p><strong>Vor der Kalkh\u00fctte bei Waldhaus<\/strong><\/p>\n<p>Die Sonne hat sie rausgelockt,<br \/>\ndie Weidenk\u00e4tzchen,<br \/>\ndie Krokusse,<br \/>\ndie G\u00e4nsebl\u00fcmchen,<br \/>\ndie ersten Fliegen,<br \/>\ndieses Ungeziefer,<br \/>\nund meine verdammten Gedanken vom Gl\u00fcck.<\/p>\n<p>&nbsp;<\/p>\n<p><strong>Zieglers Wiese<\/strong><\/p>\n<p>Zitronenfalter im Sommerwind<br \/>\nfliegt, wo meine Gedanken sind,<br \/>\nim sonnentrunkenen Wolkenmeer,<br \/>\nzerbrechlich, wie alles um uns her.<\/p>\n<p>&nbsp;<\/p>\n<p><strong>Der Schwarze Teich &#8211; Baden verboten!<\/strong><\/p>\n<p>Tausend Lichtkringel zum Ufergestr\u00e4uch,<br \/>\nstilles Mittagsinsektengesumm,<br \/>\nbauschige Eichenbrauen und strenger Fichtenbart,<br \/>\ngr\u00fcnes Auge des Waldschratt, in das wir sonnengebr\u00e4unt tauchen &#8230;<\/p>\n<p>Irgendwo hier<br \/>\nist der Nabel der Welt.<\/p>\n<p>&nbsp;<\/p>\n<p><strong>[Ohne Titel]<\/strong><\/p>\n<p>Schwimmen,<br \/>\nschmimmen,<br \/>\nimmer wieder schwimmen:<\/p>\n<p>das rettende Ufer<br \/>\ndes Fisches<br \/>\nist das Meer.<\/p>\n<p>&nbsp;<\/p>\n<p><strong>Ikarus zweitausenundacht<\/strong><\/p>\n<p>Ich will fliegen!<br \/>\nIch will fliegen!<br \/>\nIch will fliegen!<\/p>\n<p>K\u00f6pfe sind eine gute Startbahn.<\/p>\n<p>&nbsp;<\/p>\n<p><strong>[Ohne Titel]<\/strong><\/p>\n<p>Auf K\u00f6pfen rollt,<br \/>\nder Karren in die Zukunft,<br \/>\nimmer m\u00fcssen es<br \/>\nK\u00f6pfe sein<br \/>\nm\u00fcssen es K\u00f6pfe sein.<\/p>\n<p>&nbsp;<\/p>\n<p><strong>Zweitausendundf\u00fcnf, ein General kommentiert<\/strong><\/p>\n<p>&#8222;Krieg ist Krieg.<br \/>\nEs ist m\u00f6glich,<br \/>\nda\u00df dabei auch jemand stirbt.<br \/>\nEs ist m\u00f6glich,<br \/>\nda\u00df das auch Menschen sind.<br \/>\nAber der heutige Krieg,<br \/>\ndank Hightech,<br \/>\nwird sauber sein.<br \/>\nDie Leute werden selbstverst\u00e4ndlich<br \/>\nsauber sterben,<br \/>\neinen sauberen Tod.<\/p>\n<p>Das ist der Unterschied<br \/>\nzu Stalingrad.&#8220;<\/p>\n<p>&nbsp;<\/p>\n<p><strong>[Ohne Titel]<\/strong><\/p>\n<p>Nehm&#8216; mir einen Sonnenstrahl<br \/>\nso zwischen zwei Finger,<br \/>\nspinn&#8216; ihn lang, er kitzelt,<br \/>\nund du lachst.<br \/>\nSeh&#8216; mir einen Traum<br \/>\nzwischen zwei Sekunden,<br \/>\nspann&#8216; ihn lang,<br \/>\nbis wir beide tr\u00e4umen.<\/p>\n<p>Sch\u00f6n ist sie,<br \/>\ndiese Welt.<\/p>\n","protected":false},"excerpt":{"rendered":"<p>Texte von Rudi W. Berger Vom heiligen Krieg Vorsicht, da schleiche sie, die finstere, b\u00e4rtige Gestalt. Vom Dunst des Koran eingeh\u00fcllt sie sinne auf Gewalt? Wer dirigiert da F\u00e4uste, Drohnen, Kanonen und setzt Noten dieser t\u00f6dlichen Musik: Kreuz kontra Halbmond, kontra Stern? Meinst Du, der Moslem will diesen Krieg? Bald fackelt wer in solcher Nacht. [&hellip;]<\/p>\n","protected":false},"author":1,"featured_media":0,"parent":48,"menu_order":98,"comment_status":"closed","ping_status":"closed","template":"","meta":{"jetpack_post_was_ever_published":false,"footnotes":""},"class_list":["post-173","page","type-page","status-publish","hentry"],"jetpack_shortlink":"https:\/\/wp.me\/P7cwsB-2N","jetpack-related-posts":[{"id":12,"url":"https:\/\/www.thueringen.freidenker.org\/","url_meta":{"origin":173,"position":0},"title":"Startseite","author":"Webmaster","date":"2. Februar 2016","format":false,"excerpt":"Willkommen auf der Internetpr\u00e4senz des Deutschen Freidenkerverbandes Th\u00fcringen e.V. Weltanschauungsgemeinschaft, Kulturorganisation und Interessenvertretung konfessionsfreier Menschen Wof\u00fcr sich die Freidenker einsetzen: f\u00fcr eine freie Gesellschaft gleichberechtigter Menschen f\u00fcr die v\u00f6llige Emanzipation des Individuums f\u00fcr Toleranz und die volle Verwirklichung der Gewissens-, Glaubens- und Weltanschauungsfreiheit f\u00fcr eine dogmenfreie, rationale und wissenschaftlich begr\u00fcndete\u2026","rel":"","context":"\u00c4hnlicher Beitrag","block_context":{"text":"\u00c4hnlicher Beitrag","link":""},"img":{"alt_text":"","src":"https:\/\/i0.wp.com\/www.thueringen.freidenker.org\/cms\/wp-content\/uploads\/2026\/04\/Screenshot_20260428-1922502-194x300.jpg?resize=350%2C200&ssl=1","width":350,"height":200},"classes":[]},{"id":175,"url":"https:\/\/www.thueringen.freidenker.org\/index.php\/kreisverbaende\/kv-greiz\/pressespiegel\/","url_meta":{"origin":173,"position":1},"title":"Pressespiegel","author":"Webmaster","date":"3. Februar 2016","format":false,"excerpt":"Vollst\u00e4ndig h\u00e4tte man unter der \u00dcberschrift \"Willig den Herrschenden angedient\" in der OTZ lesen k\u00f6nnen ...\u00a0 Reiner Kunze wird in einem Artikel vom 16. 8. ein Strau\u00df bester dichterischer Eigenschaften gebunden. Die sch\u00f6nste Blume aber sei dessen Liebe zur Wahrheit, allerdings ohne zu erfahren, wessen Wahrheit gemeint ist. Wer will,\u2026","rel":"","context":"\u00c4hnlicher Beitrag","block_context":{"text":"\u00c4hnlicher Beitrag","link":""},"img":{"alt_text":"","src":"","width":0,"height":0},"classes":[]},{"id":177,"url":"https:\/\/www.thueringen.freidenker.org\/index.php\/kreisverbaende\/kv-greiz\/archiv\/","url_meta":{"origin":173,"position":2},"title":"Archiv","author":"Webmaster","date":"3. Februar 2016","format":false,"excerpt":"Chronik des Greizer Kreisverbandes im Deutschen Freidenkerverband 2024 30.11.2024 - Otto-Meier-Ehrung 20.10.2024 - Wie wurde Afghanistan interessant f\u00fcr die Weltpolitik ? 18.09.2024 - 10 Wochen Nambia (Lilli e.V.) 22.08.2024 - 1939 - Wie der Krieg gemacht wurde ( Dr. S.Bollinger) 10.07.2024 - Kranzniederlegung zum 125.Geburtstag von Walter Riedel 30.05.2024 -\u2026","rel":"","context":"\u00c4hnlicher Beitrag","block_context":{"text":"\u00c4hnlicher Beitrag","link":""},"img":{"alt_text":"","src":"","width":0,"height":0},"classes":[]},{"id":168,"url":"https:\/\/www.thueringen.freidenker.org\/index.php\/kreisverbaende\/kv-greiz\/aktuelles\/","url_meta":{"origin":173,"position":3},"title":"Aktuelles","author":"Webmaster","date":"3. Februar 2016","format":false,"excerpt":"DieLinke.Greiz\u00a0\u00a0\u00a0\u00a0\u00a0\u00a0 \u00a0 \u00a0 \u00a0 \u00a0 \u00a0 \u00a0 \u00a0 \u00a0 \u00a0 \u00a0 \u00a0 \u00a0 \u00a0 \u00a0 \u00a0 \u00a0 \u00a0 \u00a0 \u00a0 \u00a0 \u00a0 \u00a0 \u00a0 \u00a0 \u00a0 \u00a0 \u00a0 \u00a0 \u00a0 \u00a0 \u00a0\u00a0 \u00a0 \u00a0\u00a0 \u00a0\u00a0\u00a0\u00a0\u00a0\u00a0 Deutscher Freidenker-Verband Kranzniederlegung zum 81.Jahrestag der Befreiung vom Faschismus Die Befreiung vom Faschismus durch die\u2026","rel":"","context":"\u00c4hnlicher Beitrag","block_context":{"text":"\u00c4hnlicher Beitrag","link":""},"img":{"alt_text":"","src":"https:\/\/i0.wp.com\/www.thueringen.freidenker.org\/cms\/wp-content\/uploads\/2024\/10\/Im-Barbur-Garten-3.jpg?resize=350%2C200&ssl=1","width":350,"height":200,"srcset":"https:\/\/i0.wp.com\/www.thueringen.freidenker.org\/cms\/wp-content\/uploads\/2024\/10\/Im-Barbur-Garten-3.jpg?resize=350%2C200&ssl=1 1x, https:\/\/i0.wp.com\/www.thueringen.freidenker.org\/cms\/wp-content\/uploads\/2024\/10\/Im-Barbur-Garten-3.jpg?resize=525%2C300&ssl=1 1.5x"},"classes":[]},{"id":32,"url":"https:\/\/www.thueringen.freidenker.org\/index.php\/archiv\/","url_meta":{"origin":173,"position":4},"title":"Archiv","author":"Webmaster","date":"2. Februar 2016","format":false,"excerpt":"\u201eDas sechzehnte Jahrhundert zerrei\u00dft die Glaubenseinheit. Vor der Buchdruckerkunst w\u00e4re die Reformation nur eine Spaltung gewesen, die Erfindung des Buchdruckes macht sie zur Revolution. Man nehme die Presse weg, und die Ketzerei ist wirkungslos. Mag das verh\u00e4ngnisvoll oder von der Vorsehung bestimmt sein: Guttenberg ist der Vorl\u00e4ufer Luthers.\u201c [Hugo: Der\u2026","rel":"","context":"\u00c4hnlicher Beitrag","block_context":{"text":"\u00c4hnlicher Beitrag","link":""},"img":{"alt_text":"","src":"","width":0,"height":0},"classes":[]},{"id":208,"url":"https:\/\/www.thueringen.freidenker.org\/index.php\/kreisverbaende\/kv-jena\/texte\/24-maerz-2009-10-jahre-nato-angriffskrieg-gegen-jugoslawien\/","url_meta":{"origin":173,"position":5},"title":"24. M\u00e4rz 2009 &#8211; 10 Jahre NATO &#8211; Angriffskrieg gegen Jugoslawien","author":"Webmaster","date":"3. Februar 2016","format":false,"excerpt":"von Dorothea Bernstein 1999 \u00e4u\u00dferte sich Bernhard Vogel, der damalige Ministerpr\u00e4sident Th\u00fcringens, zum Thema Jugoslawien folgenderma\u00dfen: \u201eWir wollen, dass die Zeit deutscher Sonderrechte zu Ende ist. Wir sprechen mit; wir entscheiden mit; wir verantworten mit. Wir wollen nicht nur Anspr\u00fcche stellen, sondern auch unsere Verpflichtungen erf\u00fcllen. Und wir teilen nicht\u2026","rel":"","context":"\u00c4hnlicher Beitrag","block_context":{"text":"\u00c4hnlicher Beitrag","link":""},"img":{"alt_text":"","src":"","width":0,"height":0},"classes":[]}],"jetpack_sharing_enabled":true,"_links":{"self":[{"href":"https:\/\/www.thueringen.freidenker.org\/index.php\/wp-json\/wp\/v2\/pages\/173","targetHints":{"allow":["GET"]}}],"collection":[{"href":"https:\/\/www.thueringen.freidenker.org\/index.php\/wp-json\/wp\/v2\/pages"}],"about":[{"href":"https:\/\/www.thueringen.freidenker.org\/index.php\/wp-json\/wp\/v2\/types\/page"}],"author":[{"embeddable":true,"href":"https:\/\/www.thueringen.freidenker.org\/index.php\/wp-json\/wp\/v2\/users\/1"}],"replies":[{"embeddable":true,"href":"https:\/\/www.thueringen.freidenker.org\/index.php\/wp-json\/wp\/v2\/comments?post=173"}],"version-history":[{"count":4,"href":"https:\/\/www.thueringen.freidenker.org\/index.php\/wp-json\/wp\/v2\/pages\/173\/revisions"}],"predecessor-version":[{"id":1929,"href":"https:\/\/www.thueringen.freidenker.org\/index.php\/wp-json\/wp\/v2\/pages\/173\/revisions\/1929"}],"up":[{"embeddable":true,"href":"https:\/\/www.thueringen.freidenker.org\/index.php\/wp-json\/wp\/v2\/pages\/48"}],"wp:attachment":[{"href":"https:\/\/www.thueringen.freidenker.org\/index.php\/wp-json\/wp\/v2\/media?parent=173"}],"curies":[{"name":"wp","href":"https:\/\/api.w.org\/{rel}","templated":true}]}}