{"id":171,"date":"2016-02-03T17:42:26","date_gmt":"2016-02-03T16:42:26","guid":{"rendered":"http:\/\/www.thueringen.freidenker.org\/cms\/?page_id=171"},"modified":"2017-09-23T18:40:32","modified_gmt":"2017-09-23T16:40:32","slug":"vorstand","status":"publish","type":"page","link":"https:\/\/www.thueringen.freidenker.org\/index.php\/kreisverbaende\/kv-greiz\/vorstand\/","title":{"rendered":"Vorstand"},"content":{"rendered":"<h3>Deutscher Freidenker-Verband, Landesverband Th\u00fcringen e.V. &#8211; Kreisverband Greiz<\/h3>\n<p><strong>Kreisvorsitzender<\/strong><br \/>\nDr. Michael G\u00f6lles<br \/>\nFeldschl\u00f6\u00dfchenstr. 1<br \/>\n07973 Greiz<br \/>\nTel.: 03641\u00a0 5278157<\/p>\n<p>E-Mail: <a href=\"mailto:dfv-greiz@freidenker.org\">dfv-greiz@freidenker.org<\/a><\/p>\n<p><strong>Stellvertrender Vorsitzender<\/strong><br \/>\nAndreas Ficker<\/p>\n<p><strong>Redaktionsadresse<\/strong><br \/>\nE-Mail: <a href=\"mailto:webredaktion-greiz@freidenker.org\">webredaktion-greiz@freidenker.org<\/a><\/p>\n","protected":false},"excerpt":{"rendered":"<p>Deutscher Freidenker-Verband, Landesverband Th\u00fcringen e.V. &#8211; Kreisverband Greiz Kreisvorsitzender Dr. Michael G\u00f6lles Feldschl\u00f6\u00dfchenstr. 1 07973 Greiz Tel.: 03641\u00a0 5278157 E-Mail: dfv-greiz@freidenker.org Stellvertrender Vorsitzender Andreas Ficker Redaktionsadresse E-Mail: webredaktion-greiz@freidenker.org<\/p>\n","protected":false},"author":1,"featured_media":0,"parent":48,"menu_order":97,"comment_status":"closed","ping_status":"closed","template":"","meta":{"jetpack_post_was_ever_published":false,"footnotes":""},"class_list":["post-171","page","type-page","status-publish","hentry"],"jetpack_shortlink":"https:\/\/wp.me\/P7cwsB-2L","jetpack-related-posts":[{"id":42,"url":"https:\/\/www.thueringen.freidenker.org\/index.php\/kreisverbaende\/","url_meta":{"origin":171,"position":0},"title":"Kreisverb\u00e4nde","author":"Webmaster","date":"2. Februar 2016","format":false,"excerpt":"Der Deutsche Freidenker-Verband, Landesverband Th\u00fcringen e.V. ist in 4 Kreisverb\u00e4nde unterteilt und zwar: Kreisverband Eisenach - E-Mail: dfv-eisenach@freidenker.org Kreisverband Erfurt - E-Mail: dfv-erfurt@freidenker.org Kreisverband Greiz - E-Mail: dfv-greiz@freidenker.org Kreisverband Jena - E-Mail: dfv-jena@freidenker.org","rel":"","context":"\u00c4hnlicher Beitrag","block_context":{"text":"\u00c4hnlicher Beitrag","link":""},"img":{"alt_text":"Karten\u00fcbersicht - Lage von Th\u00fcringen","src":"https:\/\/i0.wp.com\/www.thueringen.freidenker.org\/cms\/wp-content\/uploads\/2016\/02\/Locator_map_Thuringia_in_Germany.svg_.png?resize=350%2C200","width":350,"height":200},"classes":[]},{"id":346,"url":"https:\/\/www.thueringen.freidenker.org\/index.php\/kontakt\/","url_meta":{"origin":171,"position":1},"title":"Kontakt","author":"Webmaster","date":"8. Februar 2016","format":false,"excerpt":"Nehmen Sie mit uns Kontakt auf, rufen Sie uns an, schreiben Sie uns eine E-Mail an dfv-thueringen@freidenker.org oder aber einen Brief an Deutscher Freidenkerverband Th\u00fcringen e.V. c\/o Heike Cienskowski Am Brand 18 07973 Greiz Telefon: 03661-434774 Mobil: 0160-1800876","rel":"","context":"\u00c4hnlicher Beitrag","block_context":{"text":"\u00c4hnlicher Beitrag","link":""},"img":{"alt_text":"","src":"","width":0,"height":0},"classes":[]},{"id":1246,"url":"https:\/\/www.thueringen.freidenker.org\/index.php\/1246-2\/","url_meta":{"origin":171,"position":2},"title":"Unbenannter Beitrag","author":"Webredaktion DFV Greiz","date":"18. Juli 2022","format":false,"excerpt":"","rel":"","context":"\u00c4hnlicher Beitrag","block_context":{"text":"\u00c4hnlicher Beitrag","link":""},"img":{"alt_text":"","src":"","width":0,"height":0},"classes":[]},{"id":48,"url":"https:\/\/www.thueringen.freidenker.org\/index.php\/kreisverbaende\/kv-greiz\/","url_meta":{"origin":171,"position":3},"title":"KV Greiz","author":"Webmaster","date":"2. Februar 2016","format":false,"excerpt":"Willkommen auf den Internetseiten des Kreisverbandes Greiz, des j\u00fcngsten Kreisverbandes der Th\u00fcringer Freidenker. Auf unserer Internetpr\u00e4sentation finden Sie Aktuelles, unsere Veranstaltungen, Informationen, Positionen,Texte, Pressespiegel sowie weitere Angebote unseres Kreisverbandes. Unsere Veranstaltungen Zeit Ort Thema Freitag, 8.Mai 2026, 15 Uhr Alter Friedhof Greiz (Leonhardtstr.2) Kranzniederlegung zum 81.Jahrestag der Befreiung vom Faschismus\u2026","rel":"","context":"\u00c4hnlicher Beitrag","block_context":{"text":"\u00c4hnlicher Beitrag","link":""},"img":{"alt_text":"","src":"https:\/\/i0.wp.com\/www.thueringen.freidenker.org\/cms\/wp-content\/uploads\/2016\/02\/park4-265x300.jpg?resize=350%2C200","width":350,"height":200},"classes":[]},{"id":175,"url":"https:\/\/www.thueringen.freidenker.org\/index.php\/kreisverbaende\/kv-greiz\/pressespiegel\/","url_meta":{"origin":171,"position":4},"title":"Pressespiegel","author":"Webmaster","date":"3. Februar 2016","format":false,"excerpt":"Vollst\u00e4ndig h\u00e4tte man unter der \u00dcberschrift \"Willig den Herrschenden angedient\" in der OTZ lesen k\u00f6nnen ...\u00a0 Reiner Kunze wird in einem Artikel vom 16. 8. ein Strau\u00df bester dichterischer Eigenschaften gebunden. Die sch\u00f6nste Blume aber sei dessen Liebe zur Wahrheit, allerdings ohne zu erfahren, wessen Wahrheit gemeint ist. Wer will,\u2026","rel":"","context":"\u00c4hnlicher Beitrag","block_context":{"text":"\u00c4hnlicher Beitrag","link":""},"img":{"alt_text":"","src":"","width":0,"height":0},"classes":[]},{"id":177,"url":"https:\/\/www.thueringen.freidenker.org\/index.php\/kreisverbaende\/kv-greiz\/archiv\/","url_meta":{"origin":171,"position":5},"title":"Archiv","author":"Webmaster","date":"3. Februar 2016","format":false,"excerpt":"Chronik des Greizer Kreisverbandes im Deutschen Freidenkerverband 2024 30.11.2024 - Otto-Meier-Ehrung 20.10.2024 - Wie wurde Afghanistan interessant f\u00fcr die Weltpolitik ? 18.09.2024 - 10 Wochen Nambia (Lilli e.V.) 22.08.2024 - 1939 - Wie der Krieg gemacht wurde ( Dr. S.Bollinger) 10.07.2024 - Kranzniederlegung zum 125.Geburtstag von Walter Riedel 30.05.2024 -\u2026","rel":"","context":"\u00c4hnlicher Beitrag","block_context":{"text":"\u00c4hnlicher Beitrag","link":""},"img":{"alt_text":"","src":"","width":0,"height":0},"classes":[]}],"jetpack_sharing_enabled":true,"_links":{"self":[{"href":"https:\/\/www.thueringen.freidenker.org\/index.php\/wp-json\/wp\/v2\/pages\/171","targetHints":{"allow":["GET"]}}],"collection":[{"href":"https:\/\/www.thueringen.freidenker.org\/index.php\/wp-json\/wp\/v2\/pages"}],"about":[{"href":"https:\/\/www.thueringen.freidenker.org\/index.php\/wp-json\/wp\/v2\/types\/page"}],"author":[{"embeddable":true,"href":"https:\/\/www.thueringen.freidenker.org\/index.php\/wp-json\/wp\/v2\/users\/1"}],"replies":[{"embeddable":true,"href":"https:\/\/www.thueringen.freidenker.org\/index.php\/wp-json\/wp\/v2\/comments?post=171"}],"version-history":[{"count":6,"href":"https:\/\/www.thueringen.freidenker.org\/index.php\/wp-json\/wp\/v2\/pages\/171\/revisions"}],"predecessor-version":[{"id":511,"href":"https:\/\/www.thueringen.freidenker.org\/index.php\/wp-json\/wp\/v2\/pages\/171\/revisions\/511"}],"up":[{"embeddable":true,"href":"https:\/\/www.thueringen.freidenker.org\/index.php\/wp-json\/wp\/v2\/pages\/48"}],"wp:attachment":[{"href":"https:\/\/www.thueringen.freidenker.org\/index.php\/wp-json\/wp\/v2\/media?parent=171"}],"curies":[{"name":"wp","href":"https:\/\/api.w.org\/{rel}","templated":true}]}}