{"id":17,"date":"2016-02-02T12:17:28","date_gmt":"2016-02-02T11:17:28","guid":{"rendered":"http:\/\/www.thueringen.freidenker.org\/cms\/?page_id=17"},"modified":"2016-02-02T12:55:46","modified_gmt":"2016-02-02T11:55:46","slug":"satzung","status":"publish","type":"page","link":"https:\/\/www.thueringen.freidenker.org\/index.php\/satzung\/","title":{"rendered":"Satzung"},"content":{"rendered":"<div style=\"text-align: left;\" align=\"center\"><strong>des Deutschen Freidenker-Verbandes (DFV),<\/strong><\/div>\n<div style=\"text-align: left;\" align=\"center\"><strong><br \/>\nLandesverband Th\u00fcringen e.V.<\/strong><\/div>\n<div align=\"center\"><\/div>\n<p><strong> \u00a7 1 \u2013 Name und Sitz<\/strong><\/p>\n<p>1.\u00a0\u00a0\u00a0 Der Verband tr\u00e4gt den Namen Deutscher Freidenker-Verband, Landesverband Th\u00fcringen\u00a0 e.V.<br \/>\n2.\u00a0\u00a0\u00a0 Der DFV Th\u00fcringen ist als Landesverband des Deutschen Freidenkerverbandes e.V. eingetragen unter der Nr.: VR 1094 beim Amtsgericht Gotha.<br \/>\n3.\u00a0\u00a0\u00a0 Er wirkt als Landesverband und erstreckt seine T\u00e4tigkeit auf das Bundesland Th\u00fcringen.<\/p>\n<p>&nbsp;<\/p>\n<p><strong>\u00a7 2 \u2013 Zweck des Vereins<\/strong><\/p>\n<p>1.\u00a0\u00a0\u00a0 Der Deutsche Freidenker-Verband ist eine Weltanschauungsgemeinschaft und Kulturorganisation. Seine Mitglieder treten f\u00fcr weltanschauliche Selbstbestimmung ein.<br \/>\nSie f\u00f6rdern und verbreiten eine nichtreligi\u00f6se, rational begr\u00fcndete Weltsicht, die sich auf ein Denken frei von Vorurteilen, Dogmen und Tabus st\u00fctzt und sich an wissenschaftlich begr\u00fcndeter Erkenntnis orientiert.<br \/>\nIm Deutschen Freidenker-Verband schlie\u00dfen sich Menschen zusammen, die konfessionell nicht gebunden sind und sich t\u00e4tiger Humanit\u00e4t verpflichtet f\u00fchlen.<br \/>\nDer DFV vertritt die Interessen konfessionsfreier Menschen und unterst\u00fctzt sie in weltanschaulichen, moralischen und sozialen Fragen.<br \/>\nDer DFV tritt f\u00fcr Toleranz und die volle Verwirklichung der Gewissens-, Glaubens und Weltanschauungsfreiheit ein.<br \/>\nEr fordert die konsequente Trennung von Staat und Kirche sowie von Kirche und Schule.<br \/>\nDer DFV setzt sich f\u00fcr die Gleichstellung der Frauen, die Rechte von Benachteiligten, der Kinder und Jugendlichen, der Kranken, Alten und der Minderheiten ein.<br \/>\nEr tritt entschieden allen Diskriminierungen ausl\u00e4ndischer Mitmenschen, Diskriminierungen wegen des Geschlechts oder sexueller Orientierung, wegen der k\u00f6rperlichen oder geistigen Verfassung entgegen.<\/p>\n<p>2.\u00a0\u00a0\u00a0 Der Deutsche Freidenker-Verband, LV Th\u00fcringen wirkt gemeinn\u00fctzig, vor allem auf folgenden Gebieten:<br \/>\n&#8211;\u00a0\u00a0\u00a0 Der DFV tr\u00e4gt bei zur F\u00f6rderung von Wissenschaft und Bildung durch die Vermittlung wissenschaftlich begr\u00fcndeter Erkenntnisse, insbesondere zur Geschichte der Menschheit und der Entwicklung ihrer Weltanschauungen. Hierzu dienen seine Publikationen und Veranstaltungen.<br \/>\n&#8211;\u00a0\u00a0\u00a0 Der DFV betreibt Jugendbildung und Jugendpflege. Er bietet den jungen Menschen Hilfe und Orientierung in Fragen der Bildung, Kultur und Weltanschauung, in sozialen, ethischen und moralischen Fragen an. Er gestaltet Jugendunterricht und Jugendweihen bzw. Jugendfeiern.<br \/>\n&#8211;\u00a0\u00a0\u00a0 Der DFV f\u00f6rdert eine weltliche Fest-, Feier- und Trauerkultur. Er dient damit den Menschen an den H\u00f6hepunkten und Wendepunkten des Lebens. Er gestaltet Namensgebungs-, Eheschlie\u00dfungsfeiern sowie weltliche Trauerfeiern.<br \/>\n&#8211;\u00a0\u00a0\u00a0 Der DFV leistet Lebenshilfearbeit. Er hilft den Menschen bei der Lebensgestaltung und bei der Bew\u00e4ltigung individueller Probleme. Hierzu dient die individuelle Beratung und\u00a0 F\u00f6rderung von Selbsthilfegruppen, die Betreuung \u00e4lterer Menschen, Sterbebegleitung und Hinterbliebenenbetreuung.<br \/>\n&#8211;\u00a0\u00a0\u00a0 Der DFV tr\u00e4gt bei zur F\u00f6rderung der V\u00f6lkerverst\u00e4ndigung. Hierzu arbeitet er mit ausl\u00e4ndischen Freidenkerverb\u00e4nden zusammen und in internationalen Freidenkerverb\u00e4nden mit. Er tritt dabei ein f\u00fcr eine freie Gesellschaft gleichberechtigter Menschen, f\u00fcr Antifaschismus und Antirassismus, f\u00fcr Frieden und Abr\u00fcstung und die Erhaltung der nat\u00fcrlichen Lebensgrundlagen, f\u00fcr Freundschaft und Solidarit\u00e4t mit allen V\u00f6lkern.<br \/>\n&#8211;\u00a0\u00a0\u00a0 Der DFV arbeitet mit allen Verb\u00e4nden, Organisationen und Initiativen zusammen, die insgesamt oder in Teilbereichen gleiche oder \u00e4hnliche Ziele verfolgen wie der DFV. Er ist parteipolitisch unabh\u00e4ngig.<\/p>\n<p><strong> \u00a7 3 \u2013 Grundlagen der Arbeit<\/strong><\/p>\n<p>1.\u00a0\u00a0\u00a0 Der DFV Th\u00fcringen verfolgt ausschlie\u00dflich und unmittelbar gemeinn\u00fctzige Zwecke im Sinne des Abschnitts \u201eSteuerbeg\u00fcnstigte Zwecke\u201c der Abgabenordnung.<br \/>\n2.\u00a0\u00a0\u00a0 Er ist selbstlos t\u00e4tig. Er verfolgt nicht in erster Linie eigenwirtschaftliche Zwecke.<br \/>\n3.\u00a0\u00a0\u00a0 Die Mittel des Verbandes d\u00fcrfen nur f\u00fcr die satzungsm\u00e4\u00dfigen Zwecke verwendet werden. Die Mitglieder des Verbandes erhalten keine Zuwendungen aus den Mitteln des Vereins.<br \/>\n4.\u00a0\u00a0\u00a0 Es darf keine Person durch Ausgaben, die dem Zweck des Vereins fremd sind, oder durch unverh\u00e4ltnism\u00e4\u00dfig hohe Verg\u00fctungen beg\u00fcnstigt werden.<\/p>\n<p><strong> \u00a7 4 \u2013 Gliederung des Landesverbandes<\/strong><\/p>\n<p>Der DFV Th\u00fcringen ist auf f\u00f6deralistischer und demokratischer Grundlage organisiert. Er setzt sich zusammen aus:<br \/>\n1.\u00a0\u00a0\u00a0 Orts- und Kreisverb\u00e4nden, die den Namen \u201eDeutscher Freidenker-Verband, Orts- bzw. Kreisverband\u201c tragen. Neue Orts- und Kreisverb\u00e4nde k\u00f6nnen im Einvernehmen mit dem Landesverband gebildet werden.<br \/>\n2.\u00a0\u00a0\u00a0 Einzelmitgliedern, die beim Landesverband \u00fcberregional erfasst werden, wenn in ihrem Wohnbereich kein Orts- bzw. Kreisverband besteht.<br \/>\nOrts- bzw. Kreisverb\u00e4nde besitzen Satzungsautonomie und k\u00f6nnen die eigene Rechtsf\u00e4higkeit erlangen.<br \/>\nBei Bedarf k\u00f6nnen Fachverb\u00e4nde oder \u00fcberregionale Arbeitsgruppen f\u00fcr bestimmte Aufgaben gebildet werden.<br \/>\nF\u00fcr Jugendliche bis zum vollendeten Lebensjahr k\u00f6nnen DFV-Jugendgruppen gebildet werden.<br \/>\nDie selbst\u00e4ndigen Orts- und Kreisverb\u00e4nde regeln in ihren Satzungen die Mitgliedschaft ihrer Mitglieder im DFV e.V. sowie die Verbindlichkeit der Satzung des DFV e.V. Sie sind verpflichtet, ihre Satzungen und deren Ver\u00e4nderungen dem Landesvorstand des DFV Th\u00fcringen mitzuteilen.<\/p>\n<p><strong> \u00a7 5 \u2013 Erwerb der Mitgliedschaft<\/strong><\/p>\n<p>1.\u00a0\u00a0\u00a0 Alle Mitglieder von Orts-\/Kreisverb\u00e4nden sind Mitglieder des Landesverbandes Th\u00fcringen und des Bundesverbandes.<br \/>\n2.\u00a0\u00a0\u00a0 Mitglied des DFV e.V. kann jede\/r werden, die\/der das 14. Lebensjahr vollendet und ihren\/seinen Beitritt schriftlich erkl\u00e4rt hat.<br \/>\n3.\u00a0\u00a0\u00a0 Alle Mitglieder, die ihren Wohnsitz im Bereich eines Orts- oder Kreisverbandes haben, geh\u00f6ren diesem an.<br \/>\n4.\u00a0\u00a0\u00a0 \u00dcber die Aufnahme entscheidet der zust\u00e4ndige Orts-\/Kreisverbandsvorstand bzw. der Landesvorstand.<br \/>\n5.\u00a0\u00a0\u00a0 F\u00fcr alle Mitglieder sind die Verbandssatzung und die Beschl\u00fcsse des Verbandstages verbindlich.<br \/>\n6.\u00a0\u00a0\u00a0 Jedes Mitglied hat aktives und passives Wahlrecht.<br \/>\n7.\u00a0\u00a0\u00a0 Interessenten und Sympathisanten oder die einer Religionsgemeinschaft angeh\u00f6ren und den DFV unterst\u00fctzen wollen, k\u00f6nnen als \u201ef\u00f6rderndes Mitglied\u201c in den Verband aufgenommen werden. Sie haben jedoch kein Stimmrecht. Sie legen die H\u00f6he ihres Beitrages selbst fest.<br \/>\n8.\u00a0\u00a0\u00a0 Die Mitgliedschaft im DFV schlie\u00dft Mitgliedschaften in anderen Organisationen oder in Parteien nicht aus.<\/p>\n<p><strong> \u00a7 6 \u2013 Beendigung der Mitgliedschaft<\/strong><\/p>\n<p>1.\u00a0\u00a0\u00a0 Die Mitgliedschaft endet durch individuellen Austritt, Streichung, Ausschlu\u00df oder Tod.<br \/>\n2.\u00a0\u00a0\u00a0 Der Austritt mu\u00df durch schriftliche Erkl\u00e4rung gegen\u00fcber dem zust\u00e4ndigen Vorstand mindestens drei Monate vor Ablauf des Kalenderjahres erfolgen und wird mit dem Ende des Kalenderjahres wirksam.<br \/>\n3.\u00a0\u00a0\u00a0 Mitglieder, die mit ihrer Beitragszahlung l\u00e4nger als 12 Monate im R\u00fcckstand sind, k\u00f6nnen nach erfolgloser schriftlicher Aufforderung zur Beitragszahlung auf Beschlu\u00df des zust\u00e4ndigen Vorstandes gestrichen werden.<br \/>\n4.\u00a0\u00a0\u00a0 \u00dcber den Ausschlu\u00df, der nur bei schwerwiegenden Satzungsverst\u00f6\u00dfen angewendet werden kann, entscheidet die Schiedskommission auf der Grundlage der vom Verbandstag beschlossenen Schiedsordnung. Im Falle eines Widerspruchs kann der Verbandstag eine endg\u00fcltige Entscheidung treffen.<\/p>\n<p><strong> \u00a7 7 \u2013 Finanzierung des Vereins<\/strong><\/p>\n<p>Der DFV Th\u00fcringen finanziert seine Arbeit aus Mitteln des Beitragsaufkommens der Mitglieder, F\u00f6rderbeitr\u00e4gen, Spenden, Erl\u00f6sen und Zusch\u00fcssen.<br \/>\nDie H\u00f6he des Mitgliedsbeitrags der Einzelmitglieder wird durch die vom Verbandstag des DFV beschlossene Beitragsordnung festgelegt.<br \/>\nDie H\u00f6he der abzuf\u00fchrenden Beitragsanteile der Orts- bzw. Kreisverb\u00e4nde an den Landesverband wird vom Landesvorstand des DFV Th\u00fcringen festgelegt.<br \/>\nSpenden, die den territorialen Verb\u00e4nden zukommen, verbleiben dort, wenn der Spender nicht ausdr\u00fccklich einen anderen Verwendungszweck bestimmt. Sie werden im Finanzbericht gegen\u00fcber dem Landesverband ausgewiesen. Spendenantr\u00e4ge an andere Vereine\/Institutionen bed\u00fcrfen der Abstimmung mit dem Landesverband.<\/p>\n<p><strong> \u00a7 8 \u2013 Die Organe des Vereins<\/strong><\/p>\n<p>Die Organe des DFV Th\u00fcringen sind:<br \/>\n1.\u00a0\u00a0\u00a0 Die Landesmitgliederversammlung<br \/>\n2.\u00a0\u00a0\u00a0 Der Landesvorstand<br \/>\n3.\u00a0\u00a0\u00a0 Die Revisionskommission<\/p>\n<p><strong> \u00a7 9 \u2013 Die Landesmitgliederversammlung<\/strong><\/p>\n<p>1.\u00a0\u00a0\u00a0 Die Landesmitgliederversammlung ist das h\u00f6chste Organ des Deutschen Freidenker-Verbandes, Landesverband Th\u00fcringen. Sie nimmt den Gesch\u00e4fts-, Kassen- und Revisionsbericht entgegen. Sie beschlie\u00dft \u00fcber die Satzung, die Grunds\u00e4tze und Richtlinien der Arbeit im Rahmen der Beschl\u00fcsse des Verbandstages. Sie beschlie\u00dft \u00fcber die Entlastung des Landesvorstandes.<br \/>\nDie Landesmitgliederversammlung w\u00e4hlt einen Gesch\u00e4ftsf\u00fchrenden Landesvorstand, die Revisoren sowie die Delegierten zum Verbandstag.<br \/>\nSatzungs\u00e4nderungen bed\u00fcrfen der Zustimmung von 2\/3 der anwesenden Mitglieder der Landesmitgliederversammlung.<br \/>\n2.\u00a0\u00a0\u00a0 Die Landesmitgliederversammlung mit Neuwahlen findet in Abst\u00e4nden von 3 Jahren statt. Zur Erh\u00f6hung der Wirksamkeit der Arbeit k\u00f6nnen j\u00e4hrliche Mitgliederzusammenk\u00fcnfte auf Landesebene einberufen werden.<br \/>\n3.\u00a0\u00a0\u00a0 Die Einberufung einer Landesmitgliederversammlung durch den Landesvorstand mu\u00df sp\u00e4testens drei Monate vorher unter schriftlicher Bekanntgabe der Tagesordnung erfolgen.<br \/>\nEine au\u00dferordentliche Einberufung der Landesmitgliederversammlung kann au\u00dfer durch den Landesvorstand auch dann erfolgen, wenn dies von \u00bc der Mitglieder jedes Orts- und Kreisverbandes sowie \u00bc der Einzelmitglieder gefordert wird.<br \/>\nDie f\u00fcr die ordentliche Landesmitgliederversammlung geltenden Fristen finden in diesem Fall keine Anwendung. Die Einladung erfolgt dann durch schriftliche Einladung an alle Mitglieder.<br \/>\nZu den Landesmitgliederversammlungen k\u00f6nnen G\u00e4ste eingeladen werden. \u00dcber deren Rederecht entscheidet die Landesmitgliederversammlung durch Mehrheitsbeschlu\u00df.<\/p>\n<p>4.\u00a0\u00a0\u00a0 Antr\u00e4ge zur Landesmitgliederversammlung sind sp\u00e4testens 1 Monat vorher beim Landesvorstand schriftlich einzureichen. Initiativantr\u00e4ge bed\u00fcrfen der Unterst\u00fctzung wenigstens eines Viertels der anwesenden Mitglieder.<\/p>\n<p>5.\u00a0\u00a0\u00a0 F\u00fcr die Wahlen und Beschlussfassung durch die Landesmitgliederversammlung gen\u00fcgt die einfache Mehrheit der abgegebenen Stimmen. Wahlen k\u00f6nnen per Akklamation stattfinden. Vorsitzender und Stellvertreter sind in\u00a0 geheimer Wahl zu w\u00e4hlen.<\/p>\n<p>6.\u00a0\u00a0\u00a0 Die Landesmitgliederversammlung gibt sich eine Gesch\u00e4ftsordnung. Sie w\u00e4hlt die Versammlungsleitung und den Schriftf\u00fchrer. \u00dcber die Beschl\u00fcsse der Landesmitgliederversammlung ist ein Beschlussprotokoll anzufertigen. Dies wird vom Versammlungsleiter und dem Schriftf\u00fchrer der Versammlung unterzeichnet. Das Protokoll wird sp\u00e4testens drei Monate nach der Versammlung in den Mitgliederversammlungen bekanntgegeben.<\/p>\n<p>&nbsp;<\/p>\n<p><strong> \u00a7 10 \u2013 Der Landesvorstand<br \/>\n<\/strong><br \/>\n1.\u00a0\u00a0\u00a0 Der Landesvorstand ist das h\u00f6chste Organ zwischen den Landesmitgliederversammlungen.<br \/>\n2.\u00a0\u00a0\u00a0 Der Landesvorstand besteht aus den Mitgliedern des Gesch\u00e4ftsf\u00fchrenden Landesvorstandes und den Vorsitzenden oder den stellvertretenden Vorsitzenden der Orts- und Kreisverb\u00e4nde.<br \/>\n3.\u00a0\u00a0\u00a0 Landesvorstandssitzungen finden mindestens zweimal j\u00e4hrlich statt.<br \/>\n4.\u00a0\u00a0\u00a0 Der Gesch\u00e4ftsf\u00fchrende Landesvorstand setzt sich zusammen aus:<br \/>\na)\u00a0\u00a0\u00a0 Der\/dem Landesvorsitzenden<br \/>\nb)\u00a0\u00a0\u00a0 Der\/dem stellvertretenden Landesvorsitzendem<br \/>\nc)\u00a0\u00a0\u00a0 Weiteren Vorstandsmitgliedern, die von der Landesmitgliederversammlung jeweils f\u00fcr ein konkretes Aufgabengebiet, darunter Kassierung und Schriftf\u00fchrung, gew\u00e4hlt werden.<br \/>\n\u00dcber die Anzahl der Mitglieder des Gesch\u00e4ftsf\u00fchrenden Vorstandes beschlie\u00dft die Mitgliederversammlung<br \/>\n5.\u00a0\u00a0\u00a0 Der Landesvorstand gibt sich eine Gesch\u00e4ftsordnung.<br \/>\n6.\u00a0\u00a0\u00a0 F\u00fcr jedes Gesch\u00e4ftsjahr mu\u00df ein gegliederter Haushaltsplan im I. Quartal erstellt werden. Im I. Quartal des folgenden Gesch\u00e4ftsjahres mu\u00df die Jahresabschlussrechnung des Vorjahres vorliegen. Dazu reichen die Orts-\/Kreisverb\u00e4nde ihre Abrechnungen an den Schatzmeister ein.<br \/>\n7.\u00a0\u00a0\u00a0 Der Verein wird gerichtlich und au\u00dfergerichtlich durch den Landesvorsitzenden und den Stellvertretenden Landesvorsitzenden vertreten. Sie sind jeweils einzeln zur Vertretung berechtigt.<br \/>\n8.\u00a0\u00a0\u00a0 Der Gesch\u00e4ftsf\u00fchrende Landesvorstand f\u00fchrt die laufenden Gesch\u00e4fte des Landesverbandes.<br \/>\n9.\u00a0\u00a0\u00a0 Sitzungen des Landesvorstandes und des Gesch\u00e4ftsf\u00fchrenden Landesvorstandes sind verbands\u00f6ffentlich.<\/p>\n<p><strong> \u00a7 11 \u2013 Die Revision<\/strong><\/p>\n<p>1.\u00a0\u00a0\u00a0 Zur \u00dcberwachung der Gesch\u00e4fts- und Kassenpr\u00fcfung und der diese betreffenden Satzungsbestimmungen w\u00e4hlt die Landesmitgliederversammlung mindestens zwei RevisorInnen.<br \/>\nDie RevisorInnen sind verpflichtet, mindestens einmal j\u00e4hrlich die Kasse zu pr\u00fcfen. Weiterhin sind sie jederzeit berechtigt, unangemeldet in die Kassen- und Gesch\u00e4ftsunterlagen Einsicht zu nehmen.<br \/>\n2.\u00a0\u00a0\u00a0 \u00dcber jede Revision ist ein Protokoll anzufertigen, das den Landesvorstandsmitgliedern unverz\u00fcglich zuzuleiten ist. Die Protokolle sind Grundlage des Revisionsberichtes an die Landesmitgliederversammlung.<br \/>\n3.\u00a0\u00a0\u00a0 Die RevisorInnen sind zu jeder Vorstandssitzung einzuladen und k\u00f6nnen mit beratender Stimme teilnehmen.<\/p>\n<p><strong> \u00a7 12 \u2013 Beschlu\u00df zur Aufl\u00f6sung des Landesverbandes<br \/>\n<\/strong><br \/>\n1.\u00a0\u00a0\u00a0 Antr\u00e4ge zur Aufl\u00f6sung des Landesverbandes Th\u00fcringen bed\u00fcrfen der Unterst\u00fctzung von mindestens 2\/3 der Mitglieder des Landesverbandes.<br \/>\n2.\u00a0\u00a0\u00a0 Zur Aufl\u00f6sung der Landesverbandes ist eine Landesmitgliederversammlung einzuberufen. Die Aufl\u00f6sung gilt dann als beschlossen, wenn wenigstens 50 % des Landesverbandes an dieser Mitgliederversammlung teilnehmen und von ihnen \u00be der Mitglieder daf\u00fcr stimmen.<\/p>\n<p><strong> \u00a7 13 \u2013 Verm\u00f6gensanfall bei Aufl\u00f6sung des Vereins<\/strong><\/p>\n<p>Bei Aufl\u00f6sung des Vereins oder bei Wegfall seines bisherigen Zwecks f\u00e4llt das Verm\u00f6gen des Vereins an den Bundesvorstand des Deutschen Freidenker-Verbandes e.V., der es ausschlie\u00dflich f\u00fcr gemeinn\u00fctzige Zwecke zu verwenden hat.<\/p>\n<p>Beschlossen von der 9. Landesmitgliederversammlung am 23.02.2008<\/p>\n","protected":false},"excerpt":{"rendered":"<p>des Deutschen Freidenker-Verbandes (DFV), Landesverband Th\u00fcringen e.V. \u00a7 1 \u2013 Name und Sitz 1.\u00a0\u00a0\u00a0 Der Verband tr\u00e4gt den Namen Deutscher Freidenker-Verband, Landesverband Th\u00fcringen\u00a0 e.V. 2.\u00a0\u00a0\u00a0 Der DFV Th\u00fcringen ist als Landesverband des Deutschen Freidenkerverbandes e.V. eingetragen unter der Nr.: VR 1094 beim Amtsgericht Gotha. 3.\u00a0\u00a0\u00a0 Er wirkt als Landesverband und erstreckt seine T\u00e4tigkeit auf das [&hellip;]<\/p>\n","protected":false},"author":1,"featured_media":0,"parent":0,"menu_order":15,"comment_status":"closed","ping_status":"closed","template":"","meta":{"footnotes":""},"class_list":["post-17","page","type-page","status-publish","hentry"],"jetpack_shortlink":"https:\/\/wp.me\/P7cwsB-h","jetpack-related-posts":[{"id":42,"url":"https:\/\/www.thueringen.freidenker.org\/index.php\/kreisverbaende\/","url_meta":{"origin":17,"position":0},"title":"Kreisverb\u00e4nde","author":"Webmaster","date":"2. Februar 2016","format":false,"excerpt":"Der Deutsche Freidenker-Verband, Landesverband Th\u00fcringen e.V. ist in 4 Kreisverb\u00e4nde unterteilt und zwar: Kreisverband Eisenach - E-Mail: dfv-eisenach@freidenker.org Kreisverband Erfurt - E-Mail: dfv-erfurt@freidenker.org Kreisverband Greiz - E-Mail: dfv-greiz@freidenker.org Kreisverband Jena - E-Mail: dfv-jena@freidenker.org","rel":"","context":"\u00c4hnlicher Beitrag","block_context":{"text":"\u00c4hnlicher Beitrag","link":""},"img":{"alt_text":"Karten\u00fcbersicht - Lage von Th\u00fcringen","src":"https:\/\/i0.wp.com\/www.thueringen.freidenker.org\/cms\/wp-content\/uploads\/2016\/02\/Locator_map_Thuringia_in_Germany.svg_.png?resize=350%2C200","width":350,"height":200},"classes":[]},{"id":12,"url":"https:\/\/www.thueringen.freidenker.org\/","url_meta":{"origin":17,"position":1},"title":"Startseite","author":"Webmaster","date":"2. Februar 2016","format":false,"excerpt":"Willkommen auf der Internetpr\u00e4senz des Deutschen Freidenkerverbandes Th\u00fcringen e.V. Weltanschauungsgemeinschaft, Kulturorganisation und Interessenvertretung konfessionsfreier Menschen Wof\u00fcr sich die Freidenker einsetzen: f\u00fcr eine freie Gesellschaft gleichberechtigter Menschen f\u00fcr die v\u00f6llige Emanzipation des Individuums f\u00fcr Toleranz und die volle Verwirklichung der Gewissens-, Glaubens- und Weltanschauungsfreiheit f\u00fcr eine dogmenfreie, rationale und wissenschaftlich begr\u00fcndete\u2026","rel":"","context":"\u00c4hnlicher Beitrag","block_context":{"text":"\u00c4hnlicher Beitrag","link":""},"img":{"alt_text":"","src":"https:\/\/i0.wp.com\/www.thueringen.freidenker.org\/cms\/wp-content\/uploads\/2026\/04\/Screenshot_20260428-1922502-194x300.jpg?resize=350%2C200&ssl=1","width":350,"height":200},"classes":[]},{"id":147,"url":"https:\/\/www.thueringen.freidenker.org\/index.php\/kreisverbaende\/kv-erfurt\/vorstand\/","url_meta":{"origin":17,"position":2},"title":"Vorstand","author":"Webmaster","date":"3. Februar 2016","format":false,"excerpt":"Deutscher Freidenker Verband, Landesverband Th\u00fcringen e.V., Kreisverband Erfurt und Umland Kreisvorsitzende Helga Borchert Untere Dorfstra\u00dfe 123a 99195 Riethnordhausen Tel.: 036204 50559 E-Mail: dfv-erfurt@freidenker.org Stellv. Vorsitzender Hans-J\u00f6rg R\u00f6diger Tel.: 0361 2255666","rel":"","context":"\u00c4hnlicher Beitrag","block_context":{"text":"\u00c4hnlicher Beitrag","link":""},"img":{"alt_text":"","src":"","width":0,"height":0},"classes":[]},{"id":195,"url":"https:\/\/www.thueringen.freidenker.org\/index.php\/kreisverbaende\/kv-jena\/vorstand\/","url_meta":{"origin":17,"position":3},"title":"Vorstand","author":"Webmaster","date":"3. Februar 2016","format":false,"excerpt":"Deutscher Freidenker-Verband, Landesverband Th\u00fcringen e.V., Kreisverband Jena Kreisvorsitzender Witold Fischer Dornburger Stra\u00dfe 149 07743 Jena Tel.: 0160 6517413 E-Mail: dfv-jena@freidenker.org Kassierer Heinz Timm","rel":"","context":"\u00c4hnlicher Beitrag","block_context":{"text":"\u00c4hnlicher Beitrag","link":""},"img":{"alt_text":"","src":"","width":0,"height":0},"classes":[]},{"id":171,"url":"https:\/\/www.thueringen.freidenker.org\/index.php\/kreisverbaende\/kv-greiz\/vorstand\/","url_meta":{"origin":17,"position":4},"title":"Vorstand","author":"Webmaster","date":"3. Februar 2016","format":false,"excerpt":"Deutscher Freidenker-Verband, Landesverband Th\u00fcringen e.V. - Kreisverband Greiz Kreisvorsitzender Dr. Michael G\u00f6lles Feldschl\u00f6\u00dfchenstr. 1 07973 Greiz Tel.: 03641\u00a0 5278157 E-Mail: dfv-greiz@freidenker.org Stellvertrender Vorsitzender Andreas Ficker Redaktionsadresse E-Mail: webredaktion-greiz@freidenker.org","rel":"","context":"\u00c4hnlicher Beitrag","block_context":{"text":"\u00c4hnlicher Beitrag","link":""},"img":{"alt_text":"","src":"","width":0,"height":0},"classes":[]},{"id":133,"url":"https:\/\/www.thueringen.freidenker.org\/index.php\/kreisverbaende\/kv-eisenach\/eisenach-vorstand\/","url_meta":{"origin":17,"position":5},"title":"Vorstand","author":"Webmaster","date":"3. Februar 2016","format":false,"excerpt":"Deutscher Freidenker-Verband, Landesverband Th\u00fcringen e.V., DFV Kreisverband Eisenach \/ Wartburgkreis e.V. Vorsitzende Karin May Hinter dem Rain 2B 99817 Eisenach Tel: 03691 71380 E-Mail: dfv-eisenach@freidenker.org Stellv. Vorsitzende Marion\u00a0Marggraf Wohnhaft\u00a099817\u00a0Eisenach, Tiefensch\u00e4rfe\u00a0Allee\u00a054 Schatzmeisterin Simone Kr\u00fcger Theodor-Neubauer-Stra\u00dfe 144 Tel: 036921 27848 Revisionskommission Manfred B\u00f6ttcher Mariental 14 99817 Eisenach Tel.: 03691 742003","rel":"","context":"\u00c4hnlicher Beitrag","block_context":{"text":"\u00c4hnlicher Beitrag","link":""},"img":{"alt_text":"","src":"","width":0,"height":0},"classes":[]}],"jetpack_sharing_enabled":true,"_links":{"self":[{"href":"https:\/\/www.thueringen.freidenker.org\/index.php\/wp-json\/wp\/v2\/pages\/17","targetHints":{"allow":["GET"]}}],"collection":[{"href":"https:\/\/www.thueringen.freidenker.org\/index.php\/wp-json\/wp\/v2\/pages"}],"about":[{"href":"https:\/\/www.thueringen.freidenker.org\/index.php\/wp-json\/wp\/v2\/types\/page"}],"author":[{"embeddable":true,"href":"https:\/\/www.thueringen.freidenker.org\/index.php\/wp-json\/wp\/v2\/users\/1"}],"replies":[{"embeddable":true,"href":"https:\/\/www.thueringen.freidenker.org\/index.php\/wp-json\/wp\/v2\/comments?post=17"}],"version-history":[{"count":5,"href":"https:\/\/www.thueringen.freidenker.org\/index.php\/wp-json\/wp\/v2\/pages\/17\/revisions"}],"predecessor-version":[{"id":2206,"href":"https:\/\/www.thueringen.freidenker.org\/index.php\/wp-json\/wp\/v2\/pages\/17\/revisions\/2206"}],"wp:attachment":[{"href":"https:\/\/www.thueringen.freidenker.org\/index.php\/wp-json\/wp\/v2\/media?parent=17"}],"curies":[{"name":"wp","href":"https:\/\/api.w.org\/{rel}","templated":true}]}}