{"id":147,"date":"2016-02-03T17:14:16","date_gmt":"2016-02-03T16:14:16","guid":{"rendered":"http:\/\/www.thueringen.freidenker.org\/cms\/?page_id=147"},"modified":"2016-02-09T09:18:01","modified_gmt":"2016-02-09T08:18:01","slug":"vorstand","status":"publish","type":"page","link":"https:\/\/www.thueringen.freidenker.org\/index.php\/kreisverbaende\/kv-erfurt\/vorstand\/","title":{"rendered":"Vorstand"},"content":{"rendered":"<h3><strong>Deutscher Freidenker Verband, Landesverband Th\u00fcringen e.V.,<br \/>\nKreisverband Erfurt und Umland<\/strong><\/h3>\n<p><strong>Kreisvorsitzende<\/strong><\/p>\n<p>Helga Borchert<br \/>\nUntere Dorfstra\u00dfe 123a<br \/>\n99195 Riethnordhausen<br \/>\nTel.: 036204 50559<br \/>\nE-Mail: <a href=\"mailto:dfv-erfurt@freidenker.org\">dfv-erfurt@freidenker.org<\/a><\/p>\n<p><strong>Stellv. Vorsitzender<\/strong><\/p>\n<p>Hans-J\u00f6rg R\u00f6diger<br \/>\nTel.: 0361 2255666<\/p>\n","protected":false},"excerpt":{"rendered":"<p>Deutscher Freidenker Verband, Landesverband Th\u00fcringen e.V., Kreisverband Erfurt und Umland Kreisvorsitzende Helga Borchert Untere Dorfstra\u00dfe 123a 99195 Riethnordhausen Tel.: 036204 50559 E-Mail: dfv-erfurt@freidenker.org Stellv. Vorsitzender Hans-J\u00f6rg R\u00f6diger Tel.: 0361 2255666<\/p>\n","protected":false},"author":1,"featured_media":0,"parent":46,"menu_order":87,"comment_status":"closed","ping_status":"closed","template":"","meta":{"jetpack_post_was_ever_published":false,"footnotes":""},"class_list":["post-147","page","type-page","status-publish","hentry"],"jetpack_shortlink":"https:\/\/wp.me\/P7cwsB-2n","jetpack-related-posts":[{"id":46,"url":"https:\/\/www.thueringen.freidenker.org\/index.php\/kreisverbaende\/kv-erfurt\/","url_meta":{"origin":147,"position":0},"title":"KV Erfurt","author":"Webmaster","date":"2. Februar 2016","format":false,"excerpt":"Willkommen auf den Internetseiten des Kreisverbandes Erfurt und Umland. Auf unserer Internetpr\u00e4sentation finden Sie Informationen, Positionen, Texte sowie weitere Angebote unseres Kreisverbandes. Aktuelle Nachrichten zum DFV Erfurt erhalten Sie auf unserer Seite Aktuelles. Bitte fragen Sie f\u00fcr die aktuellen Veranstaltungen des DFV Erfurt \u00fcber unsere E-Mail dfv-erfurt@freidenker.org\u00a0an. Hinweis zu unseren\u2026","rel":"","context":"\u00c4hnlicher Beitrag","block_context":{"text":"\u00c4hnlicher Beitrag","link":""},"img":{"alt_text":"Erfurt, Kr\u00e4merbr\u00fccker \/\/ Michael Loeper \/ pixelio.de","src":"https:\/\/i0.wp.com\/www.thueringen.freidenker.org\/cms\/wp-content\/uploads\/2016\/02\/736601_web_R_K_B_by_Michael-Loeper_pixelio.de_.jpg?resize=350%2C200","width":350,"height":200},"classes":[]},{"id":159,"url":"https:\/\/www.thueringen.freidenker.org\/index.php\/kreisverbaende\/kv-erfurt\/weltliche-trauerfeier\/","url_meta":{"origin":147,"position":1},"title":"Weltliche Trauerfeier","author":"Webmaster","date":"3. Februar 2016","format":false,"excerpt":"Der Kreisverband Erfurt des Deutschen Freidenker-Verbandes bietet au\u00dferdem Unterst\u00fctzung beim Gestalten weltlicher Trauerfeiern an. Er hat in seinen Reihen Mitglieder, die bereit sind, Trauerreden zu \u00fcbernehmen und die Verstorbenen bei der Urnenbeisetzung oder Erdbestattung zu begleiten. Vorher f\u00fchren sie ein Gespr\u00e4ch mit den Hinterbliebenen \u00fcber den Inhalt der Rede und\u2026","rel":"","context":"\u00c4hnlicher Beitrag","block_context":{"text":"\u00c4hnlicher Beitrag","link":""},"img":{"alt_text":"","src":"","width":0,"height":0},"classes":[]},{"id":157,"url":"https:\/\/www.thueringen.freidenker.org\/index.php\/kreisverbaende\/kv-erfurt\/namensgebung\/","url_meta":{"origin":147,"position":2},"title":"Namensgebung","author":"Webmaster","date":"3. Februar 2016","format":false,"excerpt":"Der Kreisverband Erfurt und Umland bietet f\u00fcr Interessenten Feiern zur Namensgebung an. Diese k\u00f6nnen entweder als individuelle Feiern im h\u00e4uslichen Bereich oder in \u00f6ffentlichen R\u00e4umlichkeiten gestaltet werden. Feiern im gr\u00f6\u00dferen Rahmen (Gruppenfeiern) sind nat\u00fcrlich auch m\u00f6glich. Alle Feiern werden werden mit den Eltern gemeinsam vorbereitet. Ihnen und den Paten werden\u2026","rel":"","context":"\u00c4hnlicher Beitrag","block_context":{"text":"\u00c4hnlicher Beitrag","link":""},"img":{"alt_text":"","src":"","width":0,"height":0},"classes":[]},{"id":154,"url":"https:\/\/www.thueringen.freidenker.org\/index.php\/kreisverbaende\/kv-erfurt\/texte\/","url_meta":{"origin":147,"position":3},"title":"Texte","author":"Webmaster","date":"3. Februar 2016","format":false,"excerpt":"Werden und Ende der weltlichen Schule in Erfurt Von Dr. G\u00fcnter Schwade Bereits Mitte des 17. Jahrhunderts gab es schulreformerische Vorstellungen (Wolfgang Ratke 1571 \u2013 1635), u.a. das Schulwesen konsequent der Aufsicht staatlicher und demokratischer Organe zu unterstellen. In dieser Zeit war der Unterricht aber an Konfessionen gebunden und Religion\u2026","rel":"","context":"\u00c4hnlicher Beitrag","block_context":{"text":"\u00c4hnlicher Beitrag","link":""},"img":{"alt_text":"","src":"","width":0,"height":0},"classes":[]},{"id":42,"url":"https:\/\/www.thueringen.freidenker.org\/index.php\/kreisverbaende\/","url_meta":{"origin":147,"position":4},"title":"Kreisverb\u00e4nde","author":"Webmaster","date":"2. Februar 2016","format":false,"excerpt":"Der Deutsche Freidenker-Verband, Landesverband Th\u00fcringen e.V. ist in 4 Kreisverb\u00e4nde unterteilt und zwar: Kreisverband Eisenach - E-Mail: dfv-eisenach@freidenker.org Kreisverband Erfurt - E-Mail: dfv-erfurt@freidenker.org Kreisverband Greiz - E-Mail: dfv-greiz@freidenker.org Kreisverband Jena - E-Mail: dfv-jena@freidenker.org","rel":"","context":"\u00c4hnlicher Beitrag","block_context":{"text":"\u00c4hnlicher Beitrag","link":""},"img":{"alt_text":"Karten\u00fcbersicht - Lage von Th\u00fcringen","src":"https:\/\/i0.wp.com\/www.thueringen.freidenker.org\/cms\/wp-content\/uploads\/2016\/02\/Locator_map_Thuringia_in_Germany.svg_.png?resize=350%2C200","width":350,"height":200},"classes":[]},{"id":38,"url":"https:\/\/www.thueringen.freidenker.org\/index.php\/impressionen\/","url_meta":{"origin":147,"position":5},"title":"Impressionen","author":"Webmaster","date":"2. Februar 2016","format":false,"excerpt":"Impressionen aus dem Leben des Landesverbandes Gothaer Friedensgespr\u00e4ch 2014 \"Die Waffen nieder\" am 2014.06.28 Fotos:\u00a0Witold\u00a0Fischer \u00a0","rel":"","context":"\u00c4hnlicher Beitrag","block_context":{"text":"\u00c4hnlicher Beitrag","link":""},"img":{"alt_text":"","src":"https:\/\/i0.wp.com\/www.thueringen.freidenker.org\/cms\/wp-content\/uploads\/2016\/02\/1.jpg?resize=350%2C200","width":350,"height":200},"classes":[]}],"jetpack_sharing_enabled":true,"_links":{"self":[{"href":"https:\/\/www.thueringen.freidenker.org\/index.php\/wp-json\/wp\/v2\/pages\/147","targetHints":{"allow":["GET"]}}],"collection":[{"href":"https:\/\/www.thueringen.freidenker.org\/index.php\/wp-json\/wp\/v2\/pages"}],"about":[{"href":"https:\/\/www.thueringen.freidenker.org\/index.php\/wp-json\/wp\/v2\/types\/page"}],"author":[{"embeddable":true,"href":"https:\/\/www.thueringen.freidenker.org\/index.php\/wp-json\/wp\/v2\/users\/1"}],"replies":[{"embeddable":true,"href":"https:\/\/www.thueringen.freidenker.org\/index.php\/wp-json\/wp\/v2\/comments?post=147"}],"version-history":[{"count":5,"href":"https:\/\/www.thueringen.freidenker.org\/index.php\/wp-json\/wp\/v2\/pages\/147\/revisions"}],"predecessor-version":[{"id":364,"href":"https:\/\/www.thueringen.freidenker.org\/index.php\/wp-json\/wp\/v2\/pages\/147\/revisions\/364"}],"up":[{"embeddable":true,"href":"https:\/\/www.thueringen.freidenker.org\/index.php\/wp-json\/wp\/v2\/pages\/46"}],"wp:attachment":[{"href":"https:\/\/www.thueringen.freidenker.org\/index.php\/wp-json\/wp\/v2\/media?parent=147"}],"curies":[{"name":"wp","href":"https:\/\/api.w.org\/{rel}","templated":true}]}}