{"id":133,"date":"2016-02-03T16:46:50","date_gmt":"2016-02-03T15:46:50","guid":{"rendered":"http:\/\/www.thueringen.freidenker.org\/cms\/?page_id=133"},"modified":"2016-02-09T09:25:25","modified_gmt":"2016-02-09T08:25:25","slug":"eisenach-vorstand","status":"publish","type":"page","link":"https:\/\/www.thueringen.freidenker.org\/index.php\/kreisverbaende\/kv-eisenach\/eisenach-vorstand\/","title":{"rendered":"Vorstand"},"content":{"rendered":"<p><strong>Deutscher Freidenker-Verband, Landesverband Th\u00fcringen e.V.,<\/strong><br \/>\n<strong> DFV Kreisverband Eisenach \/ Wartburgkreis e.V.<\/strong><\/p>\n<p><strong>Vorsitzende<\/strong><br \/>\nKarin May<br \/>\nHinter dem Rain 2B<br \/>\n99817 Eisenach<br \/>\nTel: 03691 71380<br \/>\nE-Mail: <a href=\"mailto:dfv-eisenach@freidenker.org\">dfv-eisenach@freidenker.org<\/a><\/p>\n<p><strong>Stellv. Vorsitzende<br \/>\n<\/strong>Marion\u00a0Marggraf<br \/>\nWohnhaft\u00a099817\u00a0Eisenach,<br \/>\nTiefensch\u00e4rfe\u00a0Allee\u00a054<\/p>\n<p><strong>Schatzmeisterin<\/strong><br \/>\nSimone Kr\u00fcger<br \/>\nTheodor-Neubauer-Stra\u00dfe 144<br \/>\nTel: 036921 27848<\/p>\n<p><strong>Revisionskommission<\/strong><br \/>\nManfred B\u00f6ttcher<br \/>\nMariental 14<br \/>\n99817 Eisenach<br \/>\nTel.: 03691 742003<\/p>\n","protected":false},"excerpt":{"rendered":"<p>Deutscher Freidenker-Verband, Landesverband Th\u00fcringen e.V., DFV Kreisverband Eisenach \/ Wartburgkreis e.V. Vorsitzende Karin May Hinter dem Rain 2B 99817 Eisenach Tel: 03691 71380 E-Mail: dfv-eisenach@freidenker.org Stellv. Vorsitzende Marion\u00a0Marggraf Wohnhaft\u00a099817\u00a0Eisenach, Tiefensch\u00e4rfe\u00a0Allee\u00a054 Schatzmeisterin Simone Kr\u00fcger Theodor-Neubauer-Stra\u00dfe 144 Tel: 036921 27848 Revisionskommission Manfred B\u00f6ttcher Mariental 14 99817 Eisenach Tel.: 03691 742003<\/p>\n","protected":false},"author":1,"featured_media":0,"parent":44,"menu_order":82,"comment_status":"closed","ping_status":"closed","template":"","meta":{"footnotes":""},"class_list":["post-133","page","type-page","status-publish","hentry"],"jetpack_shortlink":"https:\/\/wp.me\/P7cwsB-29","jetpack-related-posts":[{"id":44,"url":"https:\/\/www.thueringen.freidenker.org\/index.php\/kreisverbaende\/kv-eisenach\/","url_meta":{"origin":133,"position":0},"title":"KV Eisenach","author":"Webmaster","date":"2. Februar 2016","format":false,"excerpt":"Willkommen auf den Internetseiten des Kreisverbandes Eisenach. Der DFV-Kreisverband Eisenach\/Wartburgkreis e.V. besitzt eigene Rechtsf\u00e4higkeit. Auf unserer Internetpr\u00e4sentation finden Sie Informationen, Positionen sowie Angebote unseres Kreisverbandes. Verantwortlich f\u00fcr den Inhalt ist (V.i.S.d.P.): Karin May Hinter dem Rain 2B 99817 Eisenach Te.l: 03691 71380 E-Mail: dfv-eisenach@freidenker.org Redaktion der Eisenacher Seiten: Simone Kr\u00fcger\u2026","rel":"","context":"\u00c4hnlicher Beitrag","block_context":{"text":"\u00c4hnlicher Beitrag","link":""},"img":{"alt_text":"Wartburg, Eisenach \/\/ FotoHiero \/ pixelio.de","src":"https:\/\/i0.wp.com\/www.thueringen.freidenker.org\/cms\/wp-content\/uploads\/2016\/02\/710592_web_R_by_FotoHiero_pixelio.de_.jpg?resize=350%2C200","width":350,"height":200},"classes":[]},{"id":42,"url":"https:\/\/www.thueringen.freidenker.org\/index.php\/kreisverbaende\/","url_meta":{"origin":133,"position":1},"title":"Kreisverb\u00e4nde","author":"Webmaster","date":"2. Februar 2016","format":false,"excerpt":"Der Deutsche Freidenker-Verband, Landesverband Th\u00fcringen e.V. ist in 4 Kreisverb\u00e4nde unterteilt und zwar: Kreisverband Eisenach - E-Mail: dfv-eisenach@freidenker.org Kreisverband Erfurt - E-Mail: dfv-erfurt@freidenker.org Kreisverband Greiz - E-Mail: dfv-greiz@freidenker.org Kreisverband Jena - E-Mail: dfv-jena@freidenker.org","rel":"","context":"\u00c4hnlicher Beitrag","block_context":{"text":"\u00c4hnlicher Beitrag","link":""},"img":{"alt_text":"Karten\u00fcbersicht - Lage von Th\u00fcringen","src":"https:\/\/i0.wp.com\/www.thueringen.freidenker.org\/cms\/wp-content\/uploads\/2016\/02\/Locator_map_Thuringia_in_Germany.svg_.png?resize=350%2C200","width":350,"height":200},"classes":[]},{"id":130,"url":"https:\/\/www.thueringen.freidenker.org\/index.php\/kreisverbaende\/kv-eisenach\/aktuelles\/","url_meta":{"origin":133,"position":2},"title":"Aktuelles","author":"Webmaster","date":"3. Februar 2016","format":false,"excerpt":"Aktuelle Nachrichten zum DFV Eisenach erhalten Sie hier \u00fcber diesen Hyperlink. Die Veranstaltungen der Eisenacher Freidenker finden im Regelfall jeden letzten Freitag im Monat (15:30 Uhr) in der Gesch\u00e4ftsstelle der Linken statt: Eisenach \"Abgeordnetenb\u00fcro der Linken\", Georgenstra\u00dfe 25e. Nachfragen bitte an die E-Mail-Adresse dfv-eisenach@freidenker.org richten.","rel":"","context":"\u00c4hnlicher Beitrag","block_context":{"text":"\u00c4hnlicher Beitrag","link":""},"img":{"alt_text":"","src":"","width":0,"height":0},"classes":[]},{"id":12,"url":"https:\/\/www.thueringen.freidenker.org\/","url_meta":{"origin":133,"position":3},"title":"Startseite","author":"Webmaster","date":"2. Februar 2016","format":false,"excerpt":"Willkommen auf der Internetpr\u00e4senz des Deutschen Freidenkerverbandes Th\u00fcringen e.V. Weltanschauungsgemeinschaft, Kulturorganisation und Interessenvertretung konfessionsfreier Menschen Wof\u00fcr sich die Freidenker einsetzen: f\u00fcr eine freie Gesellschaft gleichberechtigter Menschen f\u00fcr die v\u00f6llige Emanzipation des Individuums f\u00fcr Toleranz und die volle Verwirklichung der Gewissens-, Glaubens- und Weltanschauungsfreiheit f\u00fcr eine dogmenfreie, rationale und wissenschaftlich begr\u00fcndete\u2026","rel":"","context":"\u00c4hnlicher Beitrag","block_context":{"text":"\u00c4hnlicher Beitrag","link":""},"img":{"alt_text":"","src":"https:\/\/i0.wp.com\/www.thueringen.freidenker.org\/cms\/wp-content\/uploads\/2026\/04\/Screenshot_20260428-1922502-194x300.jpg?resize=350%2C200&ssl=1","width":350,"height":200},"classes":[]},{"id":147,"url":"https:\/\/www.thueringen.freidenker.org\/index.php\/kreisverbaende\/kv-erfurt\/vorstand\/","url_meta":{"origin":133,"position":4},"title":"Vorstand","author":"Webmaster","date":"3. Februar 2016","format":false,"excerpt":"Deutscher Freidenker Verband, Landesverband Th\u00fcringen e.V., Kreisverband Erfurt und Umland Kreisvorsitzende Helga Borchert Untere Dorfstra\u00dfe 123a 99195 Riethnordhausen Tel.: 036204 50559 E-Mail: dfv-erfurt@freidenker.org Stellv. Vorsitzender Hans-J\u00f6rg R\u00f6diger Tel.: 0361 2255666","rel":"","context":"\u00c4hnlicher Beitrag","block_context":{"text":"\u00c4hnlicher Beitrag","link":""},"img":{"alt_text":"","src":"","width":0,"height":0},"classes":[]},{"id":195,"url":"https:\/\/www.thueringen.freidenker.org\/index.php\/kreisverbaende\/kv-jena\/vorstand\/","url_meta":{"origin":133,"position":5},"title":"Vorstand","author":"Webmaster","date":"3. Februar 2016","format":false,"excerpt":"Deutscher Freidenker-Verband, Landesverband Th\u00fcringen e.V., Kreisverband Jena Kreisvorsitzender Witold Fischer Dornburger Stra\u00dfe 149 07743 Jena Tel.: 0160 6517413 E-Mail: dfv-jena@freidenker.org Kassierer Heinz Timm","rel":"","context":"\u00c4hnlicher Beitrag","block_context":{"text":"\u00c4hnlicher Beitrag","link":""},"img":{"alt_text":"","src":"","width":0,"height":0},"classes":[]}],"jetpack_sharing_enabled":true,"_links":{"self":[{"href":"https:\/\/www.thueringen.freidenker.org\/index.php\/wp-json\/wp\/v2\/pages\/133","targetHints":{"allow":["GET"]}}],"collection":[{"href":"https:\/\/www.thueringen.freidenker.org\/index.php\/wp-json\/wp\/v2\/pages"}],"about":[{"href":"https:\/\/www.thueringen.freidenker.org\/index.php\/wp-json\/wp\/v2\/types\/page"}],"author":[{"embeddable":true,"href":"https:\/\/www.thueringen.freidenker.org\/index.php\/wp-json\/wp\/v2\/users\/1"}],"replies":[{"embeddable":true,"href":"https:\/\/www.thueringen.freidenker.org\/index.php\/wp-json\/wp\/v2\/comments?post=133"}],"version-history":[{"count":9,"href":"https:\/\/www.thueringen.freidenker.org\/index.php\/wp-json\/wp\/v2\/pages\/133\/revisions"}],"predecessor-version":[{"id":368,"href":"https:\/\/www.thueringen.freidenker.org\/index.php\/wp-json\/wp\/v2\/pages\/133\/revisions\/368"}],"up":[{"embeddable":true,"href":"https:\/\/www.thueringen.freidenker.org\/index.php\/wp-json\/wp\/v2\/pages\/44"}],"wp:attachment":[{"href":"https:\/\/www.thueringen.freidenker.org\/index.php\/wp-json\/wp\/v2\/media?parent=133"}],"curies":[{"name":"wp","href":"https:\/\/api.w.org\/{rel}","templated":true}]}}