{"id":130,"date":"2016-02-03T16:43:15","date_gmt":"2016-02-03T15:43:15","guid":{"rendered":"http:\/\/www.thueringen.freidenker.org\/cms\/?page_id=130"},"modified":"2016-02-15T15:45:52","modified_gmt":"2016-02-15T14:45:52","slug":"aktuelles","status":"publish","type":"page","link":"https:\/\/www.thueringen.freidenker.org\/index.php\/kreisverbaende\/kv-eisenach\/aktuelles\/","title":{"rendered":"Aktuelles"},"content":{"rendered":"<p><strong>Aktuelle Nachrichten<\/strong> zum <strong>DFV Eisenach<\/strong> erhalten Sie hier \u00fcber diesen <strong><a href=\"http:\/\/www.thueringen.freidenker.org\/index.php\/category\/dfv-thueringen\/dfv-eisenach\/\">Hyperlink<\/a><\/strong>.<\/p>\n<p>Die <strong>Veranstaltungen der Eisenacher Freidenker<\/strong> finden im Regelfall jeden letzten Freitag im Monat (15:30 Uhr) in der Gesch\u00e4ftsstelle der Linken statt: Eisenach &#8222;Abgeordnetenb\u00fcro der Linken&#8220;, Georgenstra\u00dfe 25e. Nachfragen bitte an die E-Mail-Adresse <a href=\"mailto:dfv-eisenach@freidenker.org\">dfv-eisenach@freidenker.org<\/a> richten.<\/p>\n","protected":false},"excerpt":{"rendered":"<p>Aktuelle Nachrichten zum DFV Eisenach erhalten Sie hier \u00fcber diesen Hyperlink. Die Veranstaltungen der Eisenacher Freidenker finden im Regelfall jeden letzten Freitag im Monat (15:30 Uhr) in der Gesch\u00e4ftsstelle der Linken statt: Eisenach &#8222;Abgeordnetenb\u00fcro der Linken&#8220;, Georgenstra\u00dfe 25e. Nachfragen bitte an die E-Mail-Adresse dfv-eisenach@freidenker.org richten.<\/p>\n","protected":false},"author":1,"featured_media":0,"parent":44,"menu_order":81,"comment_status":"closed","ping_status":"closed","template":"","meta":{"jetpack_post_was_ever_published":false,"footnotes":""},"class_list":["post-130","page","type-page","status-publish","hentry"],"jetpack_shortlink":"https:\/\/wp.me\/P7cwsB-26","jetpack-related-posts":[{"id":44,"url":"https:\/\/www.thueringen.freidenker.org\/index.php\/kreisverbaende\/kv-eisenach\/","url_meta":{"origin":130,"position":0},"title":"KV Eisenach","author":"Webmaster","date":"2. Februar 2016","format":false,"excerpt":"Willkommen auf den Internetseiten des Kreisverbandes Eisenach. Der DFV-Kreisverband Eisenach\/Wartburgkreis e.V. besitzt eigene Rechtsf\u00e4higkeit. Auf unserer Internetpr\u00e4sentation finden Sie Informationen, Positionen sowie Angebote unseres Kreisverbandes. Verantwortlich f\u00fcr den Inhalt ist (V.i.S.d.P.): Karin May Hinter dem Rain 2B 99817 Eisenach Te.l: 03691 71380 E-Mail: dfv-eisenach@freidenker.org Redaktion der Eisenacher Seiten: Simone Kr\u00fcger\u2026","rel":"","context":"\u00c4hnlicher Beitrag","block_context":{"text":"\u00c4hnlicher Beitrag","link":""},"img":{"alt_text":"Wartburg, Eisenach \/\/ FotoHiero \/ pixelio.de","src":"https:\/\/i0.wp.com\/www.thueringen.freidenker.org\/cms\/wp-content\/uploads\/2016\/02\/710592_web_R_by_FotoHiero_pixelio.de_.jpg?resize=350%2C200","width":350,"height":200},"classes":[]},{"id":42,"url":"https:\/\/www.thueringen.freidenker.org\/index.php\/kreisverbaende\/","url_meta":{"origin":130,"position":1},"title":"Kreisverb\u00e4nde","author":"Webmaster","date":"2. Februar 2016","format":false,"excerpt":"Der Deutsche Freidenker-Verband, Landesverband Th\u00fcringen e.V. ist in 4 Kreisverb\u00e4nde unterteilt und zwar: Kreisverband Eisenach - E-Mail: dfv-eisenach@freidenker.org Kreisverband Erfurt - E-Mail: dfv-erfurt@freidenker.org Kreisverband Greiz - E-Mail: dfv-greiz@freidenker.org Kreisverband Jena - E-Mail: dfv-jena@freidenker.org","rel":"","context":"\u00c4hnlicher Beitrag","block_context":{"text":"\u00c4hnlicher Beitrag","link":""},"img":{"alt_text":"Karten\u00fcbersicht - Lage von Th\u00fcringen","src":"https:\/\/i0.wp.com\/www.thueringen.freidenker.org\/cms\/wp-content\/uploads\/2016\/02\/Locator_map_Thuringia_in_Germany.svg_.png?resize=350%2C200","width":350,"height":200},"classes":[]},{"id":133,"url":"https:\/\/www.thueringen.freidenker.org\/index.php\/kreisverbaende\/kv-eisenach\/eisenach-vorstand\/","url_meta":{"origin":130,"position":2},"title":"Vorstand","author":"Webmaster","date":"3. Februar 2016","format":false,"excerpt":"Deutscher Freidenker-Verband, Landesverband Th\u00fcringen e.V., DFV Kreisverband Eisenach \/ Wartburgkreis e.V. Vorsitzende Karin May Hinter dem Rain 2B 99817 Eisenach Tel: 03691 71380 E-Mail: dfv-eisenach@freidenker.org Stellv. Vorsitzende Marion\u00a0Marggraf Wohnhaft\u00a099817\u00a0Eisenach, Tiefensch\u00e4rfe\u00a0Allee\u00a054 Schatzmeisterin Simone Kr\u00fcger Theodor-Neubauer-Stra\u00dfe 144 Tel: 036921 27848 Revisionskommission Manfred B\u00f6ttcher Mariental 14 99817 Eisenach Tel.: 03691 742003","rel":"","context":"\u00c4hnlicher Beitrag","block_context":{"text":"\u00c4hnlicher Beitrag","link":""},"img":{"alt_text":"","src":"","width":0,"height":0},"classes":[]},{"id":12,"url":"https:\/\/www.thueringen.freidenker.org\/","url_meta":{"origin":130,"position":3},"title":"Startseite","author":"Webmaster","date":"2. Februar 2016","format":false,"excerpt":"Willkommen auf der Internetpr\u00e4senz des Deutschen Freidenkerverbandes Th\u00fcringen e.V. Weltanschauungsgemeinschaft, Kulturorganisation und Interessenvertretung konfessionsfreier Menschen Wof\u00fcr sich die Freidenker einsetzen: f\u00fcr eine freie Gesellschaft gleichberechtigter Menschen f\u00fcr die v\u00f6llige Emanzipation des Individuums f\u00fcr Toleranz und die volle Verwirklichung der Gewissens-, Glaubens- und Weltanschauungsfreiheit f\u00fcr eine dogmenfreie, rationale und wissenschaftlich begr\u00fcndete\u2026","rel":"","context":"\u00c4hnlicher Beitrag","block_context":{"text":"\u00c4hnlicher Beitrag","link":""},"img":{"alt_text":"","src":"https:\/\/i0.wp.com\/www.thueringen.freidenker.org\/cms\/wp-content\/uploads\/2026\/04\/Screenshot_20260428-1922502-194x300.jpg?resize=350%2C200&ssl=1","width":350,"height":200},"classes":[]},{"id":17,"url":"https:\/\/www.thueringen.freidenker.org\/index.php\/satzung\/","url_meta":{"origin":130,"position":4},"title":"Satzung","author":"Webmaster","date":"2. Februar 2016","format":false,"excerpt":"des Deutschen Freidenker-Verbandes (DFV), Landesverband Th\u00fcringen e.V. \u00a7 1 \u2013 Name und Sitz 1.\u00a0\u00a0\u00a0 Der Verband tr\u00e4gt den Namen Deutscher Freidenker-Verband, Landesverband Th\u00fcringen\u00a0 e.V. 2.\u00a0\u00a0\u00a0 Der DFV Th\u00fcringen ist als Landesverband des Deutschen Freidenkerverbandes e.V. eingetragen unter der Nr.: VR 1094 beim Amtsgericht Gotha. 3.\u00a0\u00a0\u00a0 Er wirkt als Landesverband und\u2026","rel":"","context":"\u00c4hnlicher Beitrag","block_context":{"text":"\u00c4hnlicher Beitrag","link":""},"img":{"alt_text":"","src":"","width":0,"height":0},"classes":[]},{"id":46,"url":"https:\/\/www.thueringen.freidenker.org\/index.php\/kreisverbaende\/kv-erfurt\/","url_meta":{"origin":130,"position":5},"title":"KV Erfurt","author":"Webmaster","date":"2. Februar 2016","format":false,"excerpt":"Willkommen auf den Internetseiten des Kreisverbandes Erfurt und Umland. Auf unserer Internetpr\u00e4sentation finden Sie Informationen, Positionen, Texte sowie weitere Angebote unseres Kreisverbandes. Aktuelle Nachrichten zum DFV Erfurt erhalten Sie auf unserer Seite Aktuelles. Bitte fragen Sie f\u00fcr die aktuellen Veranstaltungen des DFV Erfurt \u00fcber unsere E-Mail dfv-erfurt@freidenker.org\u00a0an. Hinweis zu unseren\u2026","rel":"","context":"\u00c4hnlicher Beitrag","block_context":{"text":"\u00c4hnlicher Beitrag","link":""},"img":{"alt_text":"Erfurt, Kr\u00e4merbr\u00fccker \/\/ Michael Loeper \/ pixelio.de","src":"https:\/\/i0.wp.com\/www.thueringen.freidenker.org\/cms\/wp-content\/uploads\/2016\/02\/736601_web_R_K_B_by_Michael-Loeper_pixelio.de_.jpg?resize=350%2C200","width":350,"height":200},"classes":[]}],"jetpack_sharing_enabled":true,"_links":{"self":[{"href":"https:\/\/www.thueringen.freidenker.org\/index.php\/wp-json\/wp\/v2\/pages\/130","targetHints":{"allow":["GET"]}}],"collection":[{"href":"https:\/\/www.thueringen.freidenker.org\/index.php\/wp-json\/wp\/v2\/pages"}],"about":[{"href":"https:\/\/www.thueringen.freidenker.org\/index.php\/wp-json\/wp\/v2\/types\/page"}],"author":[{"embeddable":true,"href":"https:\/\/www.thueringen.freidenker.org\/index.php\/wp-json\/wp\/v2\/users\/1"}],"replies":[{"embeddable":true,"href":"https:\/\/www.thueringen.freidenker.org\/index.php\/wp-json\/wp\/v2\/comments?post=130"}],"version-history":[{"count":8,"href":"https:\/\/www.thueringen.freidenker.org\/index.php\/wp-json\/wp\/v2\/pages\/130\/revisions"}],"predecessor-version":[{"id":378,"href":"https:\/\/www.thueringen.freidenker.org\/index.php\/wp-json\/wp\/v2\/pages\/130\/revisions\/378"}],"up":[{"embeddable":true,"href":"https:\/\/www.thueringen.freidenker.org\/index.php\/wp-json\/wp\/v2\/pages\/44"}],"wp:attachment":[{"href":"https:\/\/www.thueringen.freidenker.org\/index.php\/wp-json\/wp\/v2\/media?parent=130"}],"curies":[{"name":"wp","href":"https:\/\/api.w.org\/{rel}","templated":true}]}}