{"id":12,"date":"2016-02-02T12:14:42","date_gmt":"2016-02-02T11:14:42","guid":{"rendered":"http:\/\/www.thueringen.freidenker.org\/cms\/?page_id=12"},"modified":"2026-03-26T21:30:12","modified_gmt":"2026-03-26T20:30:12","slug":"startseite","status":"publish","type":"page","link":"https:\/\/www.thueringen.freidenker.org\/","title":{"rendered":"Startseite"},"content":{"rendered":"<h3 style=\"text-align: center;\"><span style=\"color: #ff0000;\">Willkommen auf der Internetpr\u00e4senz<br \/>\ndes Deutschen Freidenkerverbandes Th\u00fcringen e.V.<br \/>\n<\/span><\/h3>\n<h4 style=\"text-align: center;\"><span style=\"color: #ff0000;\">Weltanschauungsgemeinschaft, Kulturorganisation und Interessenvertretung konfessionsfreier Menschen<\/span><\/h4>\n<p><strong>Wof\u00fcr sich die Freidenker einsetzen:<\/strong><\/p>\n<ul>\n<li>f\u00fcr eine freie Gesellschaft gleichberechtigter Menschen<\/li>\n<li>f\u00fcr die v\u00f6llige Emanzipation des Individuums<\/li>\n<li>f\u00fcr Toleranz und die volle Verwirklichung der Gewissens-, Glaubens- und Weltanschauungsfreiheit<\/li>\n<li>f\u00fcr eine dogmenfreie, rationale und wissenschaftlich begr\u00fcndete Weltsicht und &#8211; erkenntnis<\/li>\n<li>f\u00fcr die strikte Trennung von Staat und Kirchen sowie von Kirche und Schule<\/li>\n<li>gegen Diskriminierungen wegen des Geschlechts oder der sexuellen Orientierung, wegen der k\u00f6rperlichen oder geistigen Verfassung und gegen jedwede Diskriminierung von ausl\u00e4ndischen Mitb\u00fcrgern.<\/li>\n<\/ul>\n<p><strong>Aktuelle Informationen<\/strong> aus dem DFV Landesverband Th\u00fcringen, aber auch aus unseren Kreisverb\u00e4nden, erhalten Sie k\u00fcnftig \u00fcber unsere Webseite <a href=\"http:\/\/www.thueringen.freidenker.org\/index.php\/aktuelles\/\"><strong>Aktuelles<\/strong><\/a> und den Aktuell-Seiten unserer Kreisverb\u00e4nde.<\/p>\n<p><strong>Zu unseren\u00a0<a href=\"http:\/\/www.thueringen.freidenker.org\/index.php\/kreisverbaende\/\">Kreisverb\u00e4nden<\/a>:<\/strong><\/p>\n<ul>\n<li><a href=\"http:\/\/www.thueringen.freidenker.org\/index.php\/kreisverbaende\/kv-eisenach\/\">Kreisverband Eisenach<\/a><\/li>\n<li><a href=\"http:\/\/www.thueringen.freidenker.org\/index.php\/kreisverbaende\/kv-erfurt\/\">Kreisverband Erfurt<\/a><\/li>\n<li><a href=\"http:\/\/www.thueringen.freidenker.org\/index.php\/kreisverbaende\/kv-greiz\/\">Kreisverband Greiz<\/a><\/li>\n<li><a href=\"http:\/\/www.thueringen.freidenker.org\/index.php\/kreisverbaende\/kv-jena\/\">Kreisverband Jena<\/a><\/li>\n<\/ul>\n<p><strong><span style=\"text-decoration: underline;\"><em>Zentrale Veranstaltungen :<\/em><\/span><\/strong><\/p>\n<p><img data-recalc-dims=\"1\" loading=\"lazy\" decoding=\"async\" data-attachment-id=\"2348\" data-permalink=\"https:\/\/www.thueringen.freidenker.org\/index.php\/startseite\/buchenwald2026\/\" data-orig-file=\"https:\/\/i0.wp.com\/www.thueringen.freidenker.org\/cms\/wp-content\/uploads\/2026\/03\/buchenwald2026.jpg?fit=688%2C900&amp;ssl=1\" data-orig-size=\"688,900\" data-comments-opened=\"0\" data-image-meta=\"{&quot;aperture&quot;:&quot;0&quot;,&quot;credit&quot;:&quot;Nutzer&quot;,&quot;camera&quot;:&quot;&quot;,&quot;caption&quot;:&quot;&quot;,&quot;created_timestamp&quot;:&quot;1774560211&quot;,&quot;copyright&quot;:&quot;&quot;,&quot;focal_length&quot;:&quot;0&quot;,&quot;iso&quot;:&quot;0&quot;,&quot;shutter_speed&quot;:&quot;0&quot;,&quot;title&quot;:&quot;&quot;,&quot;orientation&quot;:&quot;0&quot;}\" data-image-title=\"buchenwald2026\" data-image-description=\"\" data-image-caption=\"\" data-large-file=\"https:\/\/i0.wp.com\/www.thueringen.freidenker.org\/cms\/wp-content\/uploads\/2026\/03\/buchenwald2026.jpg?fit=688%2C900&amp;ssl=1\" class=\"alignnone size-full wp-image-2348\" src=\"https:\/\/i0.wp.com\/www.thueringen.freidenker.org\/cms\/wp-content\/uploads\/2026\/03\/buchenwald2026.jpg?resize=688%2C900&#038;ssl=1\" alt=\"\" width=\"688\" height=\"900\" srcset=\"https:\/\/i0.wp.com\/www.thueringen.freidenker.org\/cms\/wp-content\/uploads\/2026\/03\/buchenwald2026.jpg?w=688&amp;ssl=1 688w, https:\/\/i0.wp.com\/www.thueringen.freidenker.org\/cms\/wp-content\/uploads\/2026\/03\/buchenwald2026.jpg?resize=229%2C300&amp;ssl=1 229w\" sizes=\"auto, (max-width: 688px) 100vw, 688px\" \/><\/p>\n<p>&nbsp;<\/p>\n<p>&#8212;&#8212;&#8212;&#8212;&#8212;<\/p>\n<p>EINLADUNG<\/p>\n<p>Der Landesverband Th\u00fcringen des Deutschen Freidenker Verbandes l\u00e4dt zu einer Vortragsveranstaltung ein.<\/p>\n<p><strong>Thema : 80 Jahre Gr\u00fcndung der SED \u2013 70 Jahre Verbot der KPD in der BRD<\/strong><\/p>\n<p>Referenten :<\/p>\n<p>&#8211; Dr. Steffen Kachel: Zur Geschichte der SPD und KPD in Th\u00fcringen und ihre Lehre f\u00fcr heute<br \/>\n&#8211; Thomas Loch:\u00a0 Gr\u00fcndung der SED und ihre Bedeutung<br \/>\n&#8211; Ralph Dobrawa: KPD \u2013 Verbot in der BRD<\/p>\n<p><strong>Datum : 15. M\u00c4RZ 2026<\/strong><\/p>\n<p>Zeit : Einlass \u2013 11.00 Uhr , Beginn 11.30 Uhr<\/p>\n<p>Ort : 99086 Erfurt, Ro\u00dflauer Stra\u00dfe 01, Gastst\u00e4tte \u201e Dahlie &#8220;<\/p>\n<p>Alle Mitglieder, Sympathisanten und Interessenten sind herzlich eingeladen !<\/p>\n<p>Mit herzlichen Gr\u00fc\u00dfen<\/p>\n<p>Heike Cienskowski<\/p>\n<p>Vorsitzende des Landesverbandes Th\u00fcringen des Deutschen Freidenker Verbandes<\/p>\n<p>&#8212;&#8212;-<\/p>\n<p>Der Landesverband Th\u00fcringen des Deutschen Freidenker Verbandes organisiert j\u00e4hrlich eine Konferenz zu aktuellen Themen, die immer in anderen St\u00e4dten durchgef\u00fchrt werden .<\/p>\n<p>In diesem Jahr f\u00fchren wir unsere Konferenz in Gera anl\u00e4sslich des 80 . Jahrestages des Sieg \u00fcber den Hitlerfaschismus in Gera durch.<\/p>\n<p>&nbsp;<\/p>\n<p>&#8220; 80 Jahre Sieg \u00fcber den Hitlerfaschismus &#8211; was kam danach &#8220;<\/p>\n<p>&nbsp;<\/p>\n<p>Ort\u00a0 :\u00a0 0365 Gera ,\u00a0 Seniorenresidenz &#8220; Marktkarre &#8220;<\/p>\n<p>Datum : 27.09.2025<\/p>\n<p>Beginn : 11.00 Uhr<\/p>\n<p>Ende\u00a0 : gegen 15.00 Uhr<\/p>\n<p>Themen :<\/p>\n<p>&#8211; Der Zweite Weltkrieg<\/p>\n<p>&#8211; Konferenz von Jalta von 04. 02. 1945 &#8211; 11.02.1945<\/p>\n<p>-Potsdamer Abkommen 17.07.1945 &#8211; 02.08.1945<\/p>\n<p>&#8211;\u00a0 Gr\u00fcndung der Nato und des Warschauer Vertrages<\/p>\n<p>&#8211; 2 + 4- Vertrag &#8211; wer h\u00e4lt sich daran<\/p>\n<p>Zeit f\u00fcr Diskussion ist eingeplant .<\/p>\n<p>&nbsp;<\/p>\n<p>Viele Interessierte sind herzlich eingeladen !!!<\/p>\n<p>&nbsp;<\/p>\n<p>Heike Cienskowski\u00a0 &#8211; Vorsitzende des Landesverbandes Th\u00fcringen des Deutschen Freidenker Verbandes<\/p>\n<p>&nbsp;<\/p>\n<p>&nbsp;<\/p>\n<p>&nbsp;<\/p>\n<p>&nbsp;<\/p>\n<p>&nbsp;<\/p>\n<p>&nbsp;<\/p>\n<p>&nbsp;<\/p>\n<p>&nbsp;<\/p>\n<p>&nbsp;<\/p>\n<p>&nbsp;<\/p>\n<p>&nbsp;<\/p>\n","protected":false},"excerpt":{"rendered":"<p>Willkommen auf der Internetpr\u00e4senz des Deutschen Freidenkerverbandes Th\u00fcringen e.V. Weltanschauungsgemeinschaft, Kulturorganisation und Interessenvertretung konfessionsfreier Menschen Wof\u00fcr sich die Freidenker einsetzen: f\u00fcr eine freie Gesellschaft gleichberechtigter Menschen f\u00fcr die v\u00f6llige Emanzipation des Individuums f\u00fcr Toleranz und die volle Verwirklichung der Gewissens-, Glaubens- und Weltanschauungsfreiheit f\u00fcr eine dogmenfreie, rationale und wissenschaftlich begr\u00fcndete Weltsicht und &#8211; erkenntnis f\u00fcr [&hellip;]<\/p>\n","protected":false},"author":1,"featured_media":0,"parent":0,"menu_order":0,"comment_status":"closed","ping_status":"closed","template":"","meta":{"jetpack_post_was_ever_published":false,"footnotes":""},"class_list":["post-12","page","type-page","status-publish","hentry"],"jetpack_shortlink":"https:\/\/wp.me\/P7cwsB-c","jetpack-related-posts":[{"id":236,"url":"https:\/\/www.thueringen.freidenker.org\/index.php\/kreisverbaende\/kv-jena\/texte\/zum-fall-rosemarie-albrecht-staatlich-sanktionierter-rufmord\/","url_meta":{"origin":12,"position":0},"title":"Zum &#8222;Fall Rosemarie Albrecht, staatlich sanktionierter Rufmord?&#8220;","author":"Webmaster","date":"3. Februar 2016","format":false,"excerpt":"Kurzfassung Stefan Otto \/ Zwickau geboren in Jena, lebte dort \u00fcber 20 Jahre in der Prof.-Ibrahim-Stra\u00dfe 16, in der Stra\u00dfe, wo auch Frau Prof. Albrecht noch heute wohnt. Nun hat es die OTZ am 21.09. dargelegt: Es gibt stichhaltige Gutachten, dass auch die letzte der angeblich 159 von Frau Professor\u2026","rel":"","context":"\u00c4hnlicher Beitrag","block_context":{"text":"\u00c4hnlicher Beitrag","link":""},"img":{"alt_text":"","src":"","width":0,"height":0},"classes":[]},{"id":21,"url":"https:\/\/www.thueringen.freidenker.org\/index.php\/positionen\/","url_meta":{"origin":12,"position":1},"title":"Positionen","author":"Webmaster","date":"2. Februar 2016","format":false,"excerpt":"Grundsatzerkl\u00e4rung Wir Freidenker stehen ein: F\u00fcr die strikte Trennung von Staat und Kirche und der Kirche von der Schule. Das verlangt nach der Eliminierung jeglichen \u201eGottes\u201c-Bezuges aus Grundgesetz und Landesverfassungen und das bedeutet auch die Unzul\u00e4ssigkeit der religi\u00f6sen Eidesformel im \u00f6ffentlichen Leben. Das verlangt nach \u00f6ffentlichen R\u00e4umen frei von religi\u00f6sen\u2026","rel":"","context":"\u00c4hnlicher Beitrag","block_context":{"text":"\u00c4hnlicher Beitrag","link":""},"img":{"alt_text":"","src":"","width":0,"height":0},"classes":[]},{"id":17,"url":"https:\/\/www.thueringen.freidenker.org\/index.php\/satzung\/","url_meta":{"origin":12,"position":2},"title":"Satzung","author":"Webmaster","date":"2. Februar 2016","format":false,"excerpt":"des Deutschen Freidenker-Verbandes (DFV), Landesverband Th\u00fcringen e.V. \u00a7 1 \u2013 Name und Sitz 1.\u00a0\u00a0\u00a0 Der Verband tr\u00e4gt den Namen Deutscher Freidenker-Verband, Landesverband Th\u00fcringen\u00a0 e.V. 2.\u00a0\u00a0\u00a0 Der DFV Th\u00fcringen ist als Landesverband des Deutschen Freidenkerverbandes e.V. eingetragen unter der Nr.: VR 1094 beim Amtsgericht Gotha. 3.\u00a0\u00a0\u00a0 Er wirkt als Landesverband und\u2026","rel":"","context":"\u00c4hnlicher Beitrag","block_context":{"text":"\u00c4hnlicher Beitrag","link":""},"img":{"alt_text":"","src":"","width":0,"height":0},"classes":[]},{"id":215,"url":"https:\/\/www.thueringen.freidenker.org\/index.php\/kreisverbaende\/kv-jena\/texte\/feuer\/","url_meta":{"origin":12,"position":3},"title":"FEUER!","author":"Webmaster","date":"3. Februar 2016","format":false,"excerpt":"Feuer fasziniert immer wieder. Es zieht die Leute an: Wo es brennt, da laufen die Menschen hin oder zumindest sehen sie hin. Und doch wird auch vor ihm gewarnt: Spiel nicht mit dem Feuer, warnt man Kinder, und der Vorwurf, mit dem Feuer zu spielen, richtet sich an manche Politiker,\u2026","rel":"","context":"\u00c4hnlicher Beitrag","block_context":{"text":"\u00c4hnlicher Beitrag","link":""},"img":{"alt_text":"","src":"","width":0,"height":0},"classes":[]},{"id":32,"url":"https:\/\/www.thueringen.freidenker.org\/index.php\/archiv\/","url_meta":{"origin":12,"position":4},"title":"Archiv","author":"Webmaster","date":"2. Februar 2016","format":false,"excerpt":"\u201eDas sechzehnte Jahrhundert zerrei\u00dft die Glaubenseinheit. Vor der Buchdruckerkunst w\u00e4re die Reformation nur eine Spaltung gewesen, die Erfindung des Buchdruckes macht sie zur Revolution. Man nehme die Presse weg, und die Ketzerei ist wirkungslos. Mag das verh\u00e4ngnisvoll oder von der Vorsehung bestimmt sein: Guttenberg ist der Vorl\u00e4ufer Luthers.\u201c [Hugo: Der\u2026","rel":"","context":"\u00c4hnlicher Beitrag","block_context":{"text":"\u00c4hnlicher Beitrag","link":""},"img":{"alt_text":"","src":"","width":0,"height":0},"classes":[]},{"id":226,"url":"https:\/\/www.thueringen.freidenker.org\/index.php\/kreisverbaende\/kv-jena\/texte\/zum-problem-der-werte-der-menschenwuerde-und-verantwortung\/","url_meta":{"origin":12,"position":5},"title":"Zum Problem der Werte, der Menschenw\u00fcrde und Verantwortung","author":"Webmaster","date":"3. Februar 2016","format":false,"excerpt":"von Hans-G\u00fcnter Eschke 1. Wenn, wie gegenw\u00e4rtig Probleme der Menschenw\u00fcrde, der Werte des Lebens und der Kultur immer st\u00e4rker in den Mittelpunkt weltanschaulichen Fragens der Zeit r\u00fccken, dann steckt in der Regel eine allgemeine Krise der Lebensweise dahinter. Im globalem Ausma\u00df greifen Wandlungen immer tiefer in die Lebensqualit\u00e4t einer wachsenden\u2026","rel":"","context":"\u00c4hnlicher Beitrag","block_context":{"text":"\u00c4hnlicher Beitrag","link":""},"img":{"alt_text":"","src":"","width":0,"height":0},"classes":[]}],"jetpack_sharing_enabled":true,"_links":{"self":[{"href":"https:\/\/www.thueringen.freidenker.org\/index.php\/wp-json\/wp\/v2\/pages\/12","targetHints":{"allow":["GET"]}}],"collection":[{"href":"https:\/\/www.thueringen.freidenker.org\/index.php\/wp-json\/wp\/v2\/pages"}],"about":[{"href":"https:\/\/www.thueringen.freidenker.org\/index.php\/wp-json\/wp\/v2\/types\/page"}],"author":[{"embeddable":true,"href":"https:\/\/www.thueringen.freidenker.org\/index.php\/wp-json\/wp\/v2\/users\/1"}],"replies":[{"embeddable":true,"href":"https:\/\/www.thueringen.freidenker.org\/index.php\/wp-json\/wp\/v2\/comments?post=12"}],"version-history":[{"count":47,"href":"https:\/\/www.thueringen.freidenker.org\/index.php\/wp-json\/wp\/v2\/pages\/12\/revisions"}],"predecessor-version":[{"id":2349,"href":"https:\/\/www.thueringen.freidenker.org\/index.php\/wp-json\/wp\/v2\/pages\/12\/revisions\/2349"}],"wp:attachment":[{"href":"https:\/\/www.thueringen.freidenker.org\/index.php\/wp-json\/wp\/v2\/media?parent=12"}],"curies":[{"name":"wp","href":"https:\/\/api.w.org\/{rel}","templated":true}]}}